{"id":285987,"date":"2024-04-17T00:18:39","date_gmt":"2024-04-16T22:18:39","guid":{"rendered":"https:\/\/www.huntersfriend.eu\/product\/sitka-intercept-hoodie\/"},"modified":"2025-08-26T11:25:44","modified_gmt":"2025-08-26T09:25:44","slug":"sitka-intercept-hoodie","status":"publish","type":"product","link":"https:\/\/www.huntersfriend.eu\/sv\/produkt\/sitka-intercept-hoodie\/","title":{"rendered":"SITKA Intercept-hoodie"},"content":{"rendered":"<p>Att komma n\u00e4ra kronhjort, r\u00e5djur och annat storvilt kr\u00e4ver smygjakt. Vi har designat Intercept Hoody f\u00f6r att ge b\u00e4sta m\u00f6jliga ljud-, doft- och synkamouflage f\u00f6r att hj\u00e4lpa dig att komma inom skotth\u00e5ll. Den \u00e4r tillverkad av en extremt tyst merinoullblandning som naturligt motst\u00e5r lukt f\u00f6r att minimera lukt och reglerar temperaturen n\u00e4r du v\u00e4xlar mellan att stanna och g\u00e5. Och eftersom din ansmygning sannolikt kommer att inneb\u00e4ra att du kryper \u00f6ver buskar, stenar och taggar, har vi f\u00f6rst\u00e4rkt v\u00e5r ArmorSpun-merinoull med nylon och lagt till avtagbara armb\u00e5gsskydd f\u00f6r att s\u00e4kerst\u00e4lla att den har den robusta h\u00e5llbarhet som kr\u00e4vs f\u00f6r smygjakt med pilb\u00e5ge.   <\/p>\n<p>Varf\u00f6r vi gjorde detta&#8230;<\/p>\n<p>F\u00f6r storviltsj\u00e4garen finns det ingen st\u00f6rre utmaning och bel\u00f6ning \u00e4n att komma n\u00e4ra. Att smyga sig inom skotth\u00e5ll kr\u00e4ver det yttersta inom smygjakt. V\u00e5r Intercept-kollektion utnyttjar naturens kraft genom vetenskap f\u00f6r att skapa extremt tysta, slitstarka och luktbest\u00e4ndiga redskap som g\u00f6r det m\u00f6jligt f\u00f6r smygj\u00e4gare att f\u00f6rbli ouppt\u00e4ckta samtidigt som de minskar avst\u00e5ndet.  <\/p>\n<p>220-grams ArmorSpun Merinoull f\u00f6r \u00f6kad h\u00e5llbarhet och luktkontroll<\/p>\n<p>Avtagbara armb\u00e5gsskydd ger extra skydd vid krypning<\/p>\n<p>Konturformad, \u00e5tsittande huva med integrerad ansiktsmask i merinoullmesh f\u00f6r kamouflage<\/p>\n<p>Dragkedja mitt fram g\u00f6r den l\u00e4tt att ta p\u00e5\/av och ger extra ventilation vid behov<\/p>\n<p>Total vikt: 408 g.<\/p>\n","protected":false},"excerpt":{"rendered":"<p>Att komma n\u00e4ra kronhjort, r\u00e5djur och annat storvilt kr\u00e4ver smygjakt. Vi har designat Intercept Hoody f\u00f6r att ge b\u00e4sta m\u00f6jliga ljud-, doft- och synkamouflage f\u00f6r att hj\u00e4lpa dig att komma inom skotth\u00e5ll. Den \u00e4r tillverkad av en extremt tyst merinoullblandning som naturligt motst\u00e5r lukt f\u00f6r att minimera lukt och reglerar temperaturen n\u00e4r du v\u00e4xlar mellan [&#8230;]\n","protected":false},"featured_media":267498,"comment_status":"open","ping_status":"closed","template":"","meta":[],"product_brand":[],"product_cat":[2741],"product_tag":[],"class_list":{"0":"post-285987","1":"product","2":"type-product","3":"status-publish","4":"has-post-thumbnail","6":"product_cat-jackor","8":"first","9":"instock","10":"taxable","11":"shipping-taxable","12":"purchasable","13":"product-type-variable"},"composite_virtual":false,"composite_layout":"","composite_add_to_cart_form_location":"","composite_editable_in_cart":false,"composite_sold_individually_context":"","composite_shop_price_calc":"","composite_components":[],"composite_scenarios":[],"group_of_quantity":0,"min_quantity":0,"max_quantity":"","exclude_order_quantity_value_rules":"no","exclude_category_quantity_rules":"no","combine_variations":"no","exclude_global_add_ons":[],"addons":[],"_links":{"self":[{"href":"https:\/\/www.huntersfriend.eu\/sv\/wp-json\/wp\/v2\/product\/285987","targetHints":{"allow":["GET"]}}],"collection":[{"href":"https:\/\/www.huntersfriend.eu\/sv\/wp-json\/wp\/v2\/product"}],"about":[{"href":"https:\/\/www.huntersfriend.eu\/sv\/wp-json\/wp\/v2\/types\/product"}],"replies":[{"embeddable":true,"href":"https:\/\/www.huntersfriend.eu\/sv\/wp-json\/wp\/v2\/comments?post=285987"}],"wp:featuredmedia":[{"embeddable":true,"href":"https:\/\/www.huntersfriend.eu\/sv\/wp-json\/wp\/v2\/media\/267498"}],"wp:attachment":[{"href":"https:\/\/www.huntersfriend.eu\/sv\/wp-json\/wp\/v2\/media?parent=285987"}],"wp:term":[{"taxonomy":"product_brand","embeddable":true,"href":"https:\/\/www.huntersfriend.eu\/sv\/wp-json\/wp\/v2\/product_brand?post=285987"},{"taxonomy":"product_cat","embeddable":true,"href":"https:\/\/www.huntersfriend.eu\/sv\/wp-json\/wp\/v2\/product_cat?post=285987"},{"taxonomy":"product_tag","embeddable":true,"href":"https:\/\/www.huntersfriend.eu\/sv\/wp-json\/wp\/v2\/product_tag?post=285987"}],"curies":[{"name":"wp","href":"https:\/\/api.w.org\/{rel}","templated":true}]}}