{"id":285982,"date":"2024-04-03T13:15:23","date_gmt":"2024-04-03T11:15:23","guid":{"rendered":"https:\/\/www.huntersfriend.eu\/product\/na-fo-gps-telefonhallare\/"},"modified":"2025-08-26T11:25:43","modified_gmt":"2025-08-26T09:25:43","slug":"na-fo-gps-telefonhallare","status":"publish","type":"product","link":"https:\/\/www.huntersfriend.eu\/sv\/produkt\/na-fo-gps-telefonhallare\/","title":{"rendered":"NA-FO GPS-telefonh\u00e5llare"},"content":{"rendered":"<p>NA-FO GPS-telefonh\u00e5llare (tillverkad i Finland) skyddar din telefon mot st\u00f6tar, regn och frost. Det sn\u00f6- och dammt\u00e4ta fodralet h\u00e5ller din telefon n\u00e4ra till hands, men l\u00e4mnar \u00e4nd\u00e5 h\u00e4nderna fria. Fodralet \u00e4r tillverkat av vattent\u00e4ta material, men s\u00f6mmarna \u00e4r inte limmade. Rekommenderad driftstemperatur -25 \u00b0C &#8211; +30 \u00b0C.   <\/p>\n<p>XS-storlek: B 90 mm x H 155 mm<\/p>\n<p>S-storlek: L 95 mm x 173 mm<\/p>\n<p>M-storlek: B 110 mm x H 180 mm<\/p>\n<p>L-storlek: B 112 mm x H 210 mm<\/p>\n<p>Observera att den inre dimensionen minskas med cirka 20\u201330 mm, beroende p\u00e5 telefonmodell.<\/p>\n","protected":false},"excerpt":{"rendered":"<p>NA-FO GPS-telefonh\u00e5llare (tillverkad i Finland) skyddar din telefon mot st\u00f6tar, regn och frost. Det sn\u00f6- och dammt\u00e4ta fodralet h\u00e5ller din telefon n\u00e4ra till hands, men l\u00e4mnar \u00e4nd\u00e5 h\u00e4nderna fria. Fodralet \u00e4r tillverkat av vattent\u00e4ta material, men s\u00f6mmarna \u00e4r inte limmade. Rekommenderad driftstemperatur -25 \u00b0C &#8211; +30 \u00b0C. XS-storlek: B 90 mm x H 155 mm [&#8230;]\n","protected":false},"featured_media":266811,"comment_status":"open","ping_status":"closed","template":"","meta":[],"product_brand":[],"product_cat":[2567,2568,2562,2563],"product_tag":[],"class_list":{"0":"post-285982","1":"product","2":"type-product","3":"status-publish","4":"has-post-thumbnail","6":"product_cat-campingtillbehor","7":"product_cat-jakt-tillbehor","8":"product_cat-material-och-tillbehor","9":"product_cat-tillbehor-for-jakt-torn-och-gomslen","11":"first","12":"instock","13":"taxable","14":"shipping-taxable","15":"purchasable","16":"product-type-variable"},"composite_virtual":false,"composite_layout":"","composite_add_to_cart_form_location":"","composite_editable_in_cart":false,"composite_sold_individually_context":"","composite_shop_price_calc":"","composite_components":[],"composite_scenarios":[],"group_of_quantity":0,"min_quantity":0,"max_quantity":"","exclude_order_quantity_value_rules":"no","exclude_category_quantity_rules":"no","combine_variations":"no","exclude_global_add_ons":[],"addons":[],"_links":{"self":[{"href":"https:\/\/www.huntersfriend.eu\/sv\/wp-json\/wp\/v2\/product\/285982","targetHints":{"allow":["GET"]}}],"collection":[{"href":"https:\/\/www.huntersfriend.eu\/sv\/wp-json\/wp\/v2\/product"}],"about":[{"href":"https:\/\/www.huntersfriend.eu\/sv\/wp-json\/wp\/v2\/types\/product"}],"replies":[{"embeddable":true,"href":"https:\/\/www.huntersfriend.eu\/sv\/wp-json\/wp\/v2\/comments?post=285982"}],"wp:featuredmedia":[{"embeddable":true,"href":"https:\/\/www.huntersfriend.eu\/sv\/wp-json\/wp\/v2\/media\/266811"}],"wp:attachment":[{"href":"https:\/\/www.huntersfriend.eu\/sv\/wp-json\/wp\/v2\/media?parent=285982"}],"wp:term":[{"taxonomy":"product_brand","embeddable":true,"href":"https:\/\/www.huntersfriend.eu\/sv\/wp-json\/wp\/v2\/product_brand?post=285982"},{"taxonomy":"product_cat","embeddable":true,"href":"https:\/\/www.huntersfriend.eu\/sv\/wp-json\/wp\/v2\/product_cat?post=285982"},{"taxonomy":"product_tag","embeddable":true,"href":"https:\/\/www.huntersfriend.eu\/sv\/wp-json\/wp\/v2\/product_tag?post=285982"}],"curies":[{"name":"wp","href":"https:\/\/api.w.org\/{rel}","templated":true}]}}