{"id":285979,"date":"2024-04-16T10:31:14","date_gmt":"2024-04-16T08:31:14","guid":{"rendered":"https:\/\/www.huntersfriend.eu\/product\/mathews-lift-33-compound-bage-i-lager\/"},"modified":"2025-08-26T11:25:42","modified_gmt":"2025-08-26T09:25:42","slug":"mathews-lift-33-compound-bage-i-lager","status":"publish","type":"product","link":"https:\/\/www.huntersfriend.eu\/sv\/produkt\/mathews-lift-33-compound-bage-i-lager\/","title":{"rendered":"Mathews Lift 33 Compound-b\u00e5ge \u2013 i lager"},"content":{"rendered":"<p><span data-text-color=\"alert\"><strong>Om du inte hittar exakt den b\u00e5ge du vill ha h\u00e4r, v\u00e4nligen kontakta oss direkt eller best\u00e4ll fr\u00e5n v\u00e5r Mathews Lift 33 Custom-b\u00e5gsida. Leveranstiderna \u00e4r cirka 1\u20132 veckor f\u00f6r b\u00e5gar i Mathews Europalager och 8\u201310 veckor f\u00f6r specialbest\u00e4llda modeller fr\u00e5n Mathews USA. Kontakta oss direkt f\u00f6r mer exakt information om tillg\u00e4nglighet.  <\/strong><\/span><\/p>\n<p>2024 \u00e5rs LIFT \u00e4r l\u00e4tt och sl\u00e5r h\u00e5rt. Med en vikt under 4 pund anv\u00e4nder denna n\u00e4sta generation av Mathews jaktb\u00e5gar den helt nya SwitchWeight-X Cam som levererar hastigheter upp till 348 FPS samtidigt som den f\u00f6rblir d\u00f6dligt tyst. LIFT har omgjorda RPD<sup>\u2122<\/sup>-lemmar f\u00f6r att minimera vibrationer efter skottet, ett nytt toppaxelsystem f\u00f6r l\u00e4ttviktsstabilitet och \u00e4r utrustad med helt nya <a href=\"https:\/\/www.mathewsinc.com\/match-bowstrings\/\">MATCH\u2122<\/a>-b\u00e5gstr\u00e4ngar f\u00f6r att eliminera stretch, servingseparation och kikrotation. Allt som lagts in i 2024 \u00e5rs LIFT \u00e4r gjort f\u00f6r att leverera en h\u00f6gre standard f\u00f6r b\u00e5gjakt \u2013 vi garanterar det.   <\/p>\n<div class=\"spec\"><span class=\"label\">BRACE HEIGHT <\/span><span class=\"value\">6.5&#8243;<\/span><\/div>\n<div class=\"spec\"><span class=\"label\">IBO RATING<\/span><span class=\"value\">UP TO 343 FPS<\/span><\/div>\n<div class=\"spec\"><span class=\"label\">AXLE-TO-AXLE 33<\/span><span class=\"value\">&#8221;<\/span><\/div>\n<div class=\"spec\"><span class=\"label\">DRAW WEIGHT 55, <\/span><span class=\"value\">60, 65, 70, 75 &amp; 80<\/span><\/div>\n<div class=\"spec\"><span class=\"label\">DRAW LENGTHS <\/span><span class=\"value\">26 \u201c- 31.5\u201d<\/span><\/div>\n<div class=\"spec\"><span class=\"label\">LET-OFF <\/span><span class=\"value\">80 OR 85%<\/span><\/div>\n<div class=\"spec\"><span class=\"label\">PHYSICAL WEIGHT 4.26<\/span><span class=\"value\"> LBS<\/span><\/div>\n<div class=\"spec\"><span class=\"value\">SWITCHWEIGHT X-TEKNIK<\/span><\/div>\n<div>\n<h2 class=\"headline medium ls-small line-before\">SWITCHWEIGHT<sup>\u2122<\/sup>X CAM<\/h2>\n<div class=\"copy\">\n<p>En stadig dragcykel resulterar i en solid, l\u00e5st bakv\u00e4gg, vilket ger o\u00f6vertr\u00e4ffad konsistens och noggrannhet samtidigt som den levererar hastigheter upp till 348 FPS. SWX\u2122 Cam \u00e4r kompatibel med SwitchWeight-moddar och erbjuder mer m\u00e5ngsidighet \u00e4n n\u00e5gonsin med dragvikter fr\u00e5n 55 till 80 lbs och dragl\u00e4ngder fr\u00e5n 26\u201331,5 tum. <\/p>\n<h2 class=\"headline medium ls-small line-before\">PATENTERAD LEM- OCH AXELDESIGN<\/h2>\n<div class=\"copy\">\n<p>LIFT har ett nytt toppmonterat axelsystem som maximerar lemmarnas arbetsyta samtidigt som det minskar vikten och \u00f6kar stabiliteten \u00f6ver hela plattformen. Tillsammans med Resistance Phase Damping-tekniken som tar itu med \u00f6verfl\u00f6dig vibration direkt vid k\u00e4llan, resulterar denna nya lemdesign i en smygande och extremt stabil skjutupplevelse olik alla andra jaktb\u00e5gar. <\/p>\n<h2 class=\"headline medium ls-small line-before\">SHOT SENSE<sup>\u2122<\/sup><\/h2>\n<div class=\"copy\">\n<p>Shot Sense-modulen integreras direkt i greppet p\u00e5 din Mathews-b\u00e5ge och sp\u00e5rar och registrerar din skottanalys, vilket ger avancerad feedback i realtid via Mathews Shot Sense-appen.<\/p>\n<\/div>\n<\/div>\n<\/div>\n<\/div>\n","protected":false},"excerpt":{"rendered":"<p>Om du inte hittar exakt den b\u00e5ge du vill ha h\u00e4r, v\u00e4nligen kontakta oss direkt eller best\u00e4ll fr\u00e5n v\u00e5r Mathews Lift 33 Custom-b\u00e5gsida. Leveranstiderna \u00e4r cirka 1\u20132 veckor f\u00f6r b\u00e5gar i Mathews Europalager och 8\u201310 veckor f\u00f6r specialbest\u00e4llda modeller fr\u00e5n Mathews USA. Kontakta oss direkt f\u00f6r mer exakt information om tillg\u00e4nglighet. 2024 \u00e5rs LIFT \u00e4r [&#8230;]\n","protected":false},"featured_media":267378,"comment_status":"open","ping_status":"closed","template":"","meta":[],"product_brand":[],"product_cat":[878],"product_tag":[],"class_list":{"0":"post-285979","1":"product","2":"type-product","3":"status-publish","4":"has-post-thumbnail","6":"product_cat-uncategorized-sv","7":"product_shipping_class-big-sv","9":"first","10":"outofstock","11":"sale","12":"taxable","13":"shipping-taxable","14":"purchasable","15":"product-type-variable"},"composite_virtual":false,"composite_layout":"","composite_add_to_cart_form_location":"","composite_editable_in_cart":false,"composite_sold_individually_context":"","composite_shop_price_calc":"","composite_components":[],"composite_scenarios":[],"group_of_quantity":0,"min_quantity":0,"max_quantity":"","exclude_order_quantity_value_rules":"no","exclude_category_quantity_rules":"no","combine_variations":"no","exclude_global_add_ons":false,"addons":[{"name":"Dragvikt","type":"multiple_choice","position":0,"required":true,"title_format":"label","default":"","description_enable":false,"description":null,"placeholder_enable":false,"placeholder":null,"display":"select","restrictions_type":"any_text","adjust_price":false,"price":"","price_type":"flat_fee","restrictions":false,"min":"0","max":"0","options":[{"label":"45-55#","price":"","price_type":"flat_fee","image":0,"visibility":true},{"label":"50-60#","price":"","price_type":"flat_fee","image":0,"visibility":true},{"label":"55-65#","price":"","price_type":"flat_fee","image":0,"visibility":true},{"label":"60-70#","price":"","price_type":"flat_fee","image":0,"visibility":true},{"label":"65-70#","price":"","price_type":"flat_fee","image":0,"visibility":true},{"label":"70-80#","price":"","price_type":"flat_fee","image":0,"visibility":true}],"id":1716975114},{"name":"Dragl\u00e4ngd","type":"multiple_choice","position":1,"required":true,"title_format":"label","default":"","description_enable":false,"description":null,"placeholder_enable":false,"placeholder":null,"display":"select","restrictions_type":"any_text","adjust_price":false,"price":"","price_type":"flat_fee","restrictions":false,"min":"0","max":"0","options":[{"label":"26\" - modul l","price":"","price_type":"flat_fee","image":0,"visibility":true},{"label":"26.5\" - modul k","price":"","price_type":"flat_fee","image":0,"visibility":true},{"label":"27\" - modul j","price":"","price_type":"flat_fee","image":0,"visibility":true},{"label":"27.5\" - modul i","price":"","price_type":"flat_fee","image":0,"visibility":true},{"label":"28\" - modul h","price":"","price_type":"flat_fee","image":0,"visibility":true},{"label":"28.5\" - modul g","price":"","price_type":"flat_fee","image":0,"visibility":true},{"label":"29\" - modul f","price":"","price_type":"flat_fee","image":0,"visibility":true},{"label":"29.5\" - modul e","price":"","price_type":"flat_fee","image":0,"visibility":true},{"label":"30\" - modul d","price":"","price_type":"flat_fee","image":0,"visibility":true},{"label":"30.5\" - modul c","price":"","price_type":"flat_fee","image":0,"visibility":true},{"label":"31\" - modul b","price":"","price_type":"flat_fee","image":0,"visibility":true},{"label":"31.5\" - modul a","price":"","price_type":"flat_fee","image":0,"visibility":true}],"id":1716975115}],"_links":{"self":[{"href":"https:\/\/www.huntersfriend.eu\/sv\/wp-json\/wp\/v2\/product\/285979","targetHints":{"allow":["GET"]}}],"collection":[{"href":"https:\/\/www.huntersfriend.eu\/sv\/wp-json\/wp\/v2\/product"}],"about":[{"href":"https:\/\/www.huntersfriend.eu\/sv\/wp-json\/wp\/v2\/types\/product"}],"replies":[{"embeddable":true,"href":"https:\/\/www.huntersfriend.eu\/sv\/wp-json\/wp\/v2\/comments?post=285979"}],"wp:featuredmedia":[{"embeddable":true,"href":"https:\/\/www.huntersfriend.eu\/sv\/wp-json\/wp\/v2\/media\/267378"}],"wp:attachment":[{"href":"https:\/\/www.huntersfriend.eu\/sv\/wp-json\/wp\/v2\/media?parent=285979"}],"wp:term":[{"taxonomy":"product_brand","embeddable":true,"href":"https:\/\/www.huntersfriend.eu\/sv\/wp-json\/wp\/v2\/product_brand?post=285979"},{"taxonomy":"product_cat","embeddable":true,"href":"https:\/\/www.huntersfriend.eu\/sv\/wp-json\/wp\/v2\/product_cat?post=285979"},{"taxonomy":"product_tag","embeddable":true,"href":"https:\/\/www.huntersfriend.eu\/sv\/wp-json\/wp\/v2\/product_tag?post=285979"}],"curies":[{"name":"wp","href":"https:\/\/api.w.org\/{rel}","templated":true}]}}