{"id":285974,"date":"2024-04-03T12:33:53","date_gmt":"2024-04-03T10:33:53","guid":{"rendered":"https:\/\/www.huntersfriend.eu\/product\/titan-remmar-industriell-rem\/"},"modified":"2026-03-19T22:01:49","modified_gmt":"2026-03-19T20:01:49","slug":"titan-remmar-industriell-rem","status":"publish","type":"product","link":"https:\/\/www.huntersfriend.eu\/sv\/produkt\/titan-remmar-industriell-rem\/","title":{"rendered":"Titan-remmar, industriell rem"},"content":{"rendered":"<h3>INDUSTRIELL REM: ARBETSH\u00c4STEN<\/h3>\n<p>Vi byggde den h\u00e4r remmen f\u00f6r personer som beh\u00f6ver kraftigare sp\u00e4nnband eller som s\u00e4krar laster dagligen. Industrial-serien \u00e4r bredare och tjockare, vilket \u00f6kar tv\u00e4rsnittet. Resultatet? En mycket t\u00e5lig och stark sp\u00e4nnrem.   <\/p>\n<h4>SPECIFIKATIONER &amp; FUNKTIONER<\/h4>\n<p>V\u00e5ra Industrial-remmar \u00e4r tillverkade av ett stretchigt h\u00f6gpresterande polymermaterial och utm\u00e4rker sig i soliga klimat och iskalla temperaturer. Vi \u00f6vergjuter det polerade, v\u00e4rmebehandlade flygplansaluminiumsp\u00e4nnet i tillverkningsprocessen. Och vi designade sp\u00e4nnet s\u00e5 att remmen kan tr\u00e4s genom springan 2x, vilket f\u00f6rdubblar styrkan.  <\/p>\n<p><strong>ARBETSBELASTNINGSGR\u00c4NS<\/strong> 70 lbs \/ 32 kg<br \/>\n<strong>VIKT<\/strong> 1,5 oz \/ 43 g<br \/>\n<strong>M\u00c5TT<\/strong> 1,06 \u201cx 20\u201d (2,7 cm x 51 cm)<br \/>\n<strong>MINSTA DIAMETER<\/strong> 2,15\u201d \/ 5,5 cm<br \/>\n<strong>MAXIMAL DIAMETER<\/strong> 5,57\u201d \/ 14,15 cm<br \/>\n<strong>SP\u00c4NNE<\/strong> polerat flygplansaluminium<\/p>\n<p><strong>ARBETSBELASTNINGSGR\u00c4NS<\/strong> 70 lbs \/ 32 kg<br \/>\n<strong>VIKT<\/strong> 1,9 oz \/ 54 g<br \/>\n<strong>M\u00c5TT<\/strong> 1,06 \u201cx 25\u201d (2,7 cm x 64 cm)<br \/>\n<strong>MINSTA DIAMETER<\/strong> 2,15\u201d \/ 5,5 cm<br \/>\n<strong>MAXIMAL DIAMETER<\/strong> 7,1\u201d \/ 18 cm<br \/>\n<strong>SP\u00c4NNE<\/strong> polerat flygplansaluminium<\/p>\n<p><strong>ARBETSBELASTNINGSGR\u00c4NS<\/strong> 70 lbs \/ 32 kg<br \/>\n<strong>VIKT<\/strong> 2,2 oz \/ 62 g<br \/>\n<strong>M\u00c5TT<\/strong> 1,06 \u201cx 30\u201d (2,7 cm x 76 cm)<br \/>\n<strong>MINSTA DIAMETER<\/strong> 2,15\u201d \/ 5,5 cm<br \/>\n<strong>MAXIMAL DIAMETER<\/strong> 8,9\u201d \/ 22,6 cm<br \/>\n<strong>SP\u00c4NNE<\/strong> polerat flygplansaluminium<\/p>\n<p><strong>ARBETSBELASTNINGSGR\u00c4NS<\/strong> 70 lbs \/ 32 kg<br \/>\n<strong>VIKT<\/strong> 2,5 oz \/ 71 g<br \/>\n<strong>M\u00c5TT<\/strong> 1,06 \u201cx 36\u201d (2,7 cm x 91 cm)<br \/>\n<strong>MINSTA DIAMETER<\/strong> 2,15\u201d \/ 5,5 cm<br \/>\n<strong>MAXIMAL DIAMETER<\/strong> 10,7\u201d \/ 27 cm<br \/>\n<strong>SP\u00c4NNE<\/strong> polerat flygplansaluminium<\/p>\n","protected":false},"excerpt":{"rendered":"<p>INDUSTRIELL REM: ARBETSH\u00c4STEN Vi byggde den h\u00e4r remmen f\u00f6r personer som beh\u00f6ver kraftigare sp\u00e4nnband eller som s\u00e4krar laster dagligen. Industrial-serien \u00e4r bredare och tjockare, vilket \u00f6kar tv\u00e4rsnittet. Resultatet? En mycket t\u00e5lig och stark sp\u00e4nnrem. SPECIFIKATIONER &amp; FUNKTIONER V\u00e5ra Industrial-remmar \u00e4r tillverkade av ett stretchigt h\u00f6gpresterande polymermaterial och utm\u00e4rker sig i soliga klimat och iskalla temperaturer. [&#8230;]\n","protected":false},"featured_media":266848,"comment_status":"open","ping_status":"closed","template":"","meta":[],"product_brand":[],"product_cat":[2567,2633,2568,2562,2563],"product_tag":[],"class_list":{"0":"post-285974","1":"product","2":"type-product","3":"status-publish","4":"has-post-thumbnail","6":"product_cat-campingtillbehor","7":"product_cat-diverse-bagskytte","8":"product_cat-jakt-tillbehor","9":"product_cat-material-och-tillbehor","10":"product_cat-tillbehor-for-jakt-torn-och-gomslen","12":"first","13":"instock","14":"taxable","15":"shipping-taxable","16":"purchasable","17":"product-type-variable"},"composite_virtual":false,"composite_layout":"","composite_add_to_cart_form_location":"","composite_editable_in_cart":false,"composite_sold_individually_context":"","composite_shop_price_calc":"","composite_components":[],"composite_scenarios":[],"group_of_quantity":0,"min_quantity":0,"max_quantity":"","exclude_order_quantity_value_rules":"no","exclude_category_quantity_rules":"no","combine_variations":"no","exclude_global_add_ons":[],"addons":[],"_links":{"self":[{"href":"https:\/\/www.huntersfriend.eu\/sv\/wp-json\/wp\/v2\/product\/285974","targetHints":{"allow":["GET"]}}],"collection":[{"href":"https:\/\/www.huntersfriend.eu\/sv\/wp-json\/wp\/v2\/product"}],"about":[{"href":"https:\/\/www.huntersfriend.eu\/sv\/wp-json\/wp\/v2\/types\/product"}],"replies":[{"embeddable":true,"href":"https:\/\/www.huntersfriend.eu\/sv\/wp-json\/wp\/v2\/comments?post=285974"}],"wp:featuredmedia":[{"embeddable":true,"href":"https:\/\/www.huntersfriend.eu\/sv\/wp-json\/wp\/v2\/media\/266848"}],"wp:attachment":[{"href":"https:\/\/www.huntersfriend.eu\/sv\/wp-json\/wp\/v2\/media?parent=285974"}],"wp:term":[{"taxonomy":"product_brand","embeddable":true,"href":"https:\/\/www.huntersfriend.eu\/sv\/wp-json\/wp\/v2\/product_brand?post=285974"},{"taxonomy":"product_cat","embeddable":true,"href":"https:\/\/www.huntersfriend.eu\/sv\/wp-json\/wp\/v2\/product_cat?post=285974"},{"taxonomy":"product_tag","embeddable":true,"href":"https:\/\/www.huntersfriend.eu\/sv\/wp-json\/wp\/v2\/product_tag?post=285974"}],"curies":[{"name":"wp","href":"https:\/\/api.w.org\/{rel}","templated":true}]}}