{"id":285964,"date":"2024-04-03T12:24:42","date_gmt":"2024-04-03T10:24:42","guid":{"rendered":"https:\/\/www.huntersfriend.eu\/product\/titan-remmar-universalrem\/"},"modified":"2026-03-19T22:01:49","modified_gmt":"2026-03-19T20:01:49","slug":"titan-remmar-universalrem","status":"publish","type":"product","link":"https:\/\/www.huntersfriend.eu\/sv\/produkt\/titan-remmar-universalrem\/","title":{"rendered":"Titan-remmar, universalrem"},"content":{"rendered":"<h3>UNIVERSALREM: DEN S\u00c4KRA SP\u00c4NNREMMEN F\u00d6R ALLT<\/h3>\n<p>Vi har konstruerat v\u00e5r universalsp\u00e4nnrem f\u00f6r att hj\u00e4lpa dig att organisera din tr\u00e4dg\u00e5rd och din utrustning. Bunt ihop dina kompressorslangar eller elkablar, sp\u00e4nn fast skidor eller s\u00e4kra f\u00f6rem\u00e5l p\u00e5 en cykel eller ATV. Dessa enkla sp\u00e4nnremmar har hundratals anv\u00e4ndningsomr\u00e5den. Liksom alla Titan Straps \u00e4r de UV-best\u00e4ndiga och l\u00e5nglivade. Dessutom erbjuder vi en <a class=\"js-no-transition\" href=\"https:\/\/titanstraps.myshopify.com\/pages\/warranty\" target=\"_blank\" rel=\"noopener\">3-\u00e5rig garanti<\/a>.    <\/p>\n<h4>SPECIFIKATIONER &amp; FUNKTIONER<\/h4>\n<p>Vi tillverkar alla v\u00e5ra universalremmar av ett t\u00f6jbart, h\u00f6gpresterande polymermaterial. Det utm\u00e4rker sig i soliga klimat och iskalla temperaturer. Ett polerat, v\u00e4rmebehandlat flygplansaluminiumsp\u00e4nne \u00e4r \u00f6vergjutet i tillverkningsprocessen. Och vi har konstruerat sp\u00e4nnet s\u00e5 att remmen kan tr\u00e4s genom sp\u00e5ret 2x, vilket f\u00f6rdubblar styrkan.   <\/p>\n<p><strong>ARBETSBELASTNINGSGR\u00c4NS<\/strong> 60lbs \/ 27,2kg<br \/>\n<strong>VIKT<\/strong> 0,6oz \/ 17g<br \/>\n<strong>M\u00c5TT<\/strong> 0,88 \u201cx 9\u201d (2,22cm x 23cm)<br \/>\n<strong>MINSTA DIAMETER<\/strong> 0,58\u201d \/ 1,47cm<br \/>\n<strong>MAXIMAL DIAMETER<\/strong> 2,58\u201d \/ 6,55cm<br \/>\n<strong>SP\u00c4NNE<\/strong> polerat flygplansaluminium<\/p>\n<p><strong>ARBETSBELASTNINGSGR\u00c4NS<\/strong> 60lbs \/ 27,2kg<br \/>\n<strong>VIKT<\/strong> 0,8oz \/ 23g<br \/>\n<strong>M\u00c5TT<\/strong> 0,88 \u201cx 14\u201d (2,22cm x 36cm)<br \/>\n<strong>MINSTA DIAMETER<\/strong> 1,25\u201d \/ 3,2cm<br \/>\n<strong>MAXIMAL DIAMETER<\/strong> 3,75\u201d \/ 9,5cm<br \/>\n<strong>SP\u00c4NNE<\/strong> polerat flygplansaluminium<\/p>\n<p><strong>ARBETSBELASTNINGSGR\u00c4NS<\/strong> 60lbs \/ 27,2kg<br \/>\n<strong>VIKT<\/strong> 1oz \/ 28g<br \/>\n<strong>M\u00c5TT<\/strong> 0,88 \u201cx 18\u201d (2,22cm x 46cm)<br \/>\n<strong>MINSTA DIAMETER<\/strong> 1,25\u201d \/ 3,2cm<br \/>\n<strong>MAXIMAL DIAMETER<\/strong> 5\u201d \/ 12,7cm<br \/>\n<strong>SP\u00c4NNE<\/strong> polerat flygplansaluminium<\/p>\n<p><strong>ARBETSBELASTNINGSGR\u00c4NS<\/strong> 60lbs\/ 27,2kg<br \/>\n<strong>VIKT<\/strong> 1,35oz \/ 38g<br \/>\n<strong>M\u00c5TT<\/strong> 0,88 \u201cx 25\u201d (2,22cm x 64cm)<br \/>\n<strong>MINSTA DIAMETER<\/strong> 1,75\u201d \/ 4,5cm<br \/>\n<strong>MAXIMAL DIAMETER<\/strong> 7,25\u201d \/ 18,4cm<br \/>\n<strong>SP\u00c4NNE<\/strong> polerat flygplansaluminium<\/p>\n<p>S\u00e4kra och bunta ihop vad som helst med dessa universalremmar! Kolla in de gr\u00e4nsl\u00f6sa alternativen: <\/p>\n<p>&nbsp;<\/p>\n","protected":false},"excerpt":{"rendered":"<p>UNIVERSALREM: DEN S\u00c4KRA SP\u00c4NNREMMEN F\u00d6R ALLT Vi har konstruerat v\u00e5r universalsp\u00e4nnrem f\u00f6r att hj\u00e4lpa dig att organisera din tr\u00e4dg\u00e5rd och din utrustning. Bunt ihop dina kompressorslangar eller elkablar, sp\u00e4nn fast skidor eller s\u00e4kra f\u00f6rem\u00e5l p\u00e5 en cykel eller ATV. Dessa enkla sp\u00e4nnremmar har hundratals anv\u00e4ndningsomr\u00e5den. Liksom alla Titan Straps \u00e4r de UV-best\u00e4ndiga och l\u00e5nglivade. Dessutom [&#8230;]\n","protected":false},"featured_media":266833,"comment_status":"open","ping_status":"closed","template":"","meta":[],"product_brand":[],"product_cat":[2567,2568,2565,2562,2563],"product_tag":[],"class_list":{"0":"post-285964","1":"product","2":"type-product","3":"status-publish","4":"has-post-thumbnail","6":"product_cat-campingtillbehor","7":"product_cat-jakt-tillbehor","8":"product_cat-jaktryggsackar","9":"product_cat-material-och-tillbehor","10":"product_cat-tillbehor-for-jakt-torn-och-gomslen","12":"first","13":"instock","14":"taxable","15":"shipping-taxable","16":"purchasable","17":"product-type-variable"},"composite_virtual":false,"composite_layout":"","composite_add_to_cart_form_location":"","composite_editable_in_cart":false,"composite_sold_individually_context":"","composite_shop_price_calc":"","composite_components":[],"composite_scenarios":[],"group_of_quantity":0,"min_quantity":0,"max_quantity":"","exclude_order_quantity_value_rules":"no","exclude_category_quantity_rules":"no","combine_variations":"no","exclude_global_add_ons":[],"addons":[],"_links":{"self":[{"href":"https:\/\/www.huntersfriend.eu\/sv\/wp-json\/wp\/v2\/product\/285964","targetHints":{"allow":["GET"]}}],"collection":[{"href":"https:\/\/www.huntersfriend.eu\/sv\/wp-json\/wp\/v2\/product"}],"about":[{"href":"https:\/\/www.huntersfriend.eu\/sv\/wp-json\/wp\/v2\/types\/product"}],"replies":[{"embeddable":true,"href":"https:\/\/www.huntersfriend.eu\/sv\/wp-json\/wp\/v2\/comments?post=285964"}],"wp:featuredmedia":[{"embeddable":true,"href":"https:\/\/www.huntersfriend.eu\/sv\/wp-json\/wp\/v2\/media\/266833"}],"wp:attachment":[{"href":"https:\/\/www.huntersfriend.eu\/sv\/wp-json\/wp\/v2\/media?parent=285964"}],"wp:term":[{"taxonomy":"product_brand","embeddable":true,"href":"https:\/\/www.huntersfriend.eu\/sv\/wp-json\/wp\/v2\/product_brand?post=285964"},{"taxonomy":"product_cat","embeddable":true,"href":"https:\/\/www.huntersfriend.eu\/sv\/wp-json\/wp\/v2\/product_cat?post=285964"},{"taxonomy":"product_tag","embeddable":true,"href":"https:\/\/www.huntersfriend.eu\/sv\/wp-json\/wp\/v2\/product_tag?post=285964"}],"curies":[{"name":"wp","href":"https:\/\/api.w.org\/{rel}","templated":true}]}}