{"id":285963,"date":"2024-04-12T10:00:36","date_gmt":"2024-04-12T08:00:36","guid":{"rendered":"https:\/\/www.huntersfriend.eu\/product\/kicks-high-flyer-remington-pro-bore\/"},"modified":"2026-03-11T14:36:10","modified_gmt":"2026-03-11T12:36:10","slug":"kicks-high-flyer-remington-pro-bore","status":"publish","type":"product","link":"https:\/\/www.huntersfriend.eu\/sv\/produkt\/kicks-high-flyer-remington-pro-bore\/","title":{"rendered":"Kicks high flyer Remington pro bore"},"content":{"rendered":"<p><span class=\"jCAhz ChMk0b\"><span class=\"ryNqvb\">Kicks High Flyer-choken \u00e4r k\u00e4nd f\u00f6r att vara en utm\u00e4rkt stegvis tillbeh\u00f6rschoke, som \u00e4r tillverkad av h\u00f6gkvalitativa material.<\/span><\/span> <span class=\"jCAhz ChMk0b\"><span class=\"ryNqvb\">Choken \u00e4r maskinbearbetad fr\u00e5n en v\u00e4rmebehandlad 17-4PH st\u00e5ng av rostfritt st\u00e5l.<\/span><\/span> <span class=\"jCAhz ChMk0b\"><span class=\"ryNqvb\">I produktionen har den senaste, IT-styrda tekniken och h\u00f6ga standarder anv\u00e4nts.<\/span><\/span> <span class=\"jCAhz ChMk0b\"><span class=\"ryNqvb\">Denna choke \u00e4r l\u00e4mplig f\u00f6r vattenf\u00e5gelj\u00e4gare, f\u00e5gelj\u00e4gare i h\u00f6gl\u00e4nder, duv- och harj\u00e4gare.<\/span><\/span> <span class=\"jCAhz ChMk0b\"><span class=\"ryNqvb\">Tack vare sin design minskar choken rekylen, vilket m\u00f6jligg\u00f6r snabbare skott.<\/span><\/span> <span class=\"jCAhz ChMk0b\"><span class=\"ryNqvb\">Choken f\u00f6rb\u00e4ttrar tr\u00e4ffbilden med upp till 20 % av originalet.<\/span><\/span><\/p>\n<p><span class=\"jCAhz ChMk0b\"><span class=\"ryNqvb\">Kicks High Flyer-choken \u00e4r speciellt tillverkad f\u00f6r att skjuta st\u00e5lhagel, men den \u00e4r ocks\u00e5 l\u00e4mplig f\u00f6r att skjuta bly, volfram och koppar.<\/span><\/span> <span class=\"jCAhz ChMk0b\"><span class=\"ryNqvb\">Kicks-choken \u00e4r gjord f\u00f6r att skjuta fabrikspatroner, s\u00e5 anv\u00e4ndaren och laddaren av sj\u00e4lvladdade patroner \u00e4r alltid sj\u00e4lva ansvariga f\u00f6r eventuella problem som orsakas av deras egen laddning.<\/span><\/span><\/p>\n<p><span class=\"jCAhz ChMk0b\"><span class=\"ryNqvb\">Matt svart bel\u00e4ggning.<\/span><\/span><br \/>\n<span class=\"jCAhz ChMk0b\"><span class=\"ryNqvb\">Kan \u00e4ven dras \u00e5t f\u00f6r hand.<\/span><\/span><br \/>\n<span class=\"jCAhz ChMk0b\"><span class=\"ryNqvb\">Tillg\u00e4ngliga grader av minskning:<\/span><\/span> <span class=\"jCAhz ChMk0b\"><span class=\"ryNqvb\">Modified,<\/span><\/span> <span class=\"jCAhz ChMk0b\"><span class=\"ryNqvb\">Full,<\/span><\/span> <span class=\"jCAhz ChMk0b\"><span class=\"ryNqvb\">XFull<\/span><\/span><\/p>\n<p><span class=\"jCAhz ChMk0b\"><span class=\"ryNqvb\">Choken \u00e4r l\u00e4mplig f\u00f6r vapen utrustade med en Remington Pro Bore-reducerarg\u00e4nga:<\/span><\/span><br \/>\n<span class=\"jCAhz ChMk0b\"><span class=\"ryNqvb\">REMINGTON VERSAMAX<\/span><\/span><br \/>\n<span class=\"jCAhz ChMk0b\"><span class=\"ryNqvb\">REMINGTON 105CTI<\/span><\/span><br \/>\n<span class=\"jCAhz ChMk0b\"><span class=\"ryNqvb\">REMINGTON 1100 G3<\/span><\/span><br \/>\n<span class=\"jCAhz ChMk0b\"><span class=\"ryNqvb\">REMINGTON PREMIER (STS, FIELD, UPLAND)<\/span><\/span><\/p>\n<p><span class=\"jCAhz ChMk0b\"><span class=\"ryNqvb\">Se alltid till att g\u00e4ngan p\u00e5 Kicks-choken passar ditt vapen innan du best\u00e4ller.<\/span><\/span> <span class=\"jCAhz ChMk0b\"><span class=\"ryNqvb\">Du kan bekr\u00e4fta r\u00e4tt choke fr\u00e5n markeringarna p\u00e5 originalchoken p\u00e5 ditt vapen.<\/span><\/span><\/p>\n","protected":false},"excerpt":{"rendered":"<p>Kicks High Flyer-choken \u00e4r k\u00e4nd f\u00f6r att vara en utm\u00e4rkt stegvis tillbeh\u00f6rschoke, som \u00e4r tillverkad av h\u00f6gkvalitativa material. Choken \u00e4r maskinbearbetad fr\u00e5n en v\u00e4rmebehandlad 17-4PH st\u00e5ng av rostfritt st\u00e5l. I produktionen har den senaste, IT-styrda tekniken och h\u00f6ga standarder anv\u00e4nts. Denna choke \u00e4r l\u00e4mplig f\u00f6r vattenf\u00e5gelj\u00e4gare, f\u00e5gelj\u00e4gare i h\u00f6gl\u00e4nder, duv- och harj\u00e4gare. Tack vare sin [&#8230;]\n","protected":false},"featured_media":267247,"comment_status":"open","ping_status":"closed","template":"","meta":[],"product_brand":[],"product_cat":[2762],"product_tag":[],"class_list":{"0":"post-285963","1":"product","2":"type-product","3":"status-publish","4":"has-post-thumbnail","6":"product_cat-choker","8":"first","9":"instock","10":"taxable","11":"shipping-taxable","12":"purchasable","13":"product-type-variable"},"composite_virtual":false,"composite_layout":"","composite_add_to_cart_form_location":"","composite_editable_in_cart":false,"composite_sold_individually_context":"","composite_shop_price_calc":"","composite_components":[],"composite_scenarios":[],"group_of_quantity":0,"min_quantity":0,"max_quantity":"","exclude_order_quantity_value_rules":"no","exclude_category_quantity_rules":"no","combine_variations":"no","exclude_global_add_ons":[],"addons":[],"_links":{"self":[{"href":"https:\/\/www.huntersfriend.eu\/sv\/wp-json\/wp\/v2\/product\/285963","targetHints":{"allow":["GET"]}}],"collection":[{"href":"https:\/\/www.huntersfriend.eu\/sv\/wp-json\/wp\/v2\/product"}],"about":[{"href":"https:\/\/www.huntersfriend.eu\/sv\/wp-json\/wp\/v2\/types\/product"}],"replies":[{"embeddable":true,"href":"https:\/\/www.huntersfriend.eu\/sv\/wp-json\/wp\/v2\/comments?post=285963"}],"wp:featuredmedia":[{"embeddable":true,"href":"https:\/\/www.huntersfriend.eu\/sv\/wp-json\/wp\/v2\/media\/267247"}],"wp:attachment":[{"href":"https:\/\/www.huntersfriend.eu\/sv\/wp-json\/wp\/v2\/media?parent=285963"}],"wp:term":[{"taxonomy":"product_brand","embeddable":true,"href":"https:\/\/www.huntersfriend.eu\/sv\/wp-json\/wp\/v2\/product_brand?post=285963"},{"taxonomy":"product_cat","embeddable":true,"href":"https:\/\/www.huntersfriend.eu\/sv\/wp-json\/wp\/v2\/product_cat?post=285963"},{"taxonomy":"product_tag","embeddable":true,"href":"https:\/\/www.huntersfriend.eu\/sv\/wp-json\/wp\/v2\/product_tag?post=285963"}],"curies":[{"name":"wp","href":"https:\/\/api.w.org\/{rel}","templated":true}]}}