{"id":285960,"date":"2024-03-22T10:01:04","date_gmt":"2024-03-22T08:01:04","guid":{"rendered":"https:\/\/www.huntersfriend.eu\/product\/pard-nv008sp2\/"},"modified":"2025-11-27T11:15:02","modified_gmt":"2025-11-27T09:15:02","slug":"pard-nv008sp2","status":"publish","type":"product","link":"https:\/\/www.huntersfriend.eu\/sv\/produkt\/pard-nv008sp2\/","title":{"rendered":"Pard NV008SP2"},"content":{"rendered":"<p>Pard NV008SP2 m\u00f6rkerkikare \u00e4r en uppgraderad version av den popul\u00e4ra NV008S-infrar\u00f6da enheten som \u00e4r designad f\u00f6r jakt. NV008SP2 har den senaste generationens CMOS-sensor med en k\u00e4nslighet p\u00e5 0,001 lux, vilket s\u00e4kerst\u00e4ller b\u00e4sta m\u00f6jliga bildkvalitet med en uppl\u00f6sning p\u00e5 2688 x 1520 pixlar. <\/p>\n<p>Denna l\u00e4tta enhet, som v\u00e4ger 450 gram, \u00e4r diskret och enkel att montera p\u00e5 en Weaver\/Picatinny-skena med det medf\u00f6ljande f\u00e4stet. Dess kompakta fysiska storlek, 175x70x55 mm, f\u00f6rb\u00e4ttrar anv\u00e4ndbarheten avsev\u00e4rt. <\/p>\n<p>Du kan v\u00e4lja l\u00e4mplig infrar\u00f6d v\u00e5gl\u00e4ngd f\u00f6r dina behov, antingen 850 nm eller 940 nm. Vi rekommenderar 940 nm IR-v\u00e5gl\u00e4ngd f\u00f6r k\u00e4nsliga djur. Pard NV008SP2 erbjuder ocks\u00e5 flexibel zoomning, som \u00e4r enkel att justera under anv\u00e4ndning.  <\/p>\n<p>Pard NV008SP2 spelar in videor i Full HD-kvalitet med 1440&#215;1080 pixlar, vilket ger skarp och detaljerad uppspelning p\u00e5 OLED-sk\u00e4rmen. Enheten har automatisk rekylinspelning f\u00f6r att f\u00e5nga skottsituationer. <\/p>\n<p>N\u00e4r du anv\u00e4nder enheten \u00e4r det viktigt att f\u00f6lja jaktlagar och specifika krav f\u00f6r att erh\u00e5lla tillst\u00e5nd att anv\u00e4nda enheten f\u00f6r jakt p\u00e5 olika vilt. Dessutom kan enheten anv\u00e4ndas under dagen, men det \u00e4r viktigt att komma ih\u00e5g att den endast ska anv\u00e4ndas med tillst\u00e5nd eller f\u00f6r jakt p\u00e5 de tidigare n\u00e4mnda djuren. <\/p>\n<p>Produkten finns \u00e4ven i en LRF-modell (laser rangefinder), utrustad med en avst\u00e5ndsm\u00e4tningsfunktion, i b\u00e5da IR-v\u00e5gl\u00e4ngdsalternativen.<\/p>\n<p><strong>TEKNISK INFORMATION:<\/strong><\/p>\n<table style=\"height: 195px;\" width=\"341\">\n<tbody>\n<tr>\n<th colspan=\"2\">Sensor<\/th>\n<\/tr>\n<tr>\n<td>Typ<\/td>\n<td>CMOS<\/td>\n<\/tr>\n<tr>\n<td>Uppl\u00f6sning (pixel)<\/td>\n<td style=\"text-align: left;\">2688*1520<\/td>\n<\/tr>\n<tr>\n<td>Pixelstorlek (\u00b5m)<\/td>\n<td>2.9<\/td>\n<\/tr>\n<tr>\n<td>K\u00e4nslighet (lux)<\/td>\n<td>0.001<\/td>\n<\/tr>\n<tr>\n<td>Bildhastighet (Hz)<\/td>\n<td>F\u00e4rgl\u00e4ge: 60\/Mono: 30<\/td>\n<\/tr>\n<tr>\n<td>Bildmotor<\/td>\n<td>PARD VLEA<\/td>\n<\/tr>\n<\/tbody>\n<\/table>\n<p>&nbsp;<\/p>\n<table style=\"height: 195px;\" width=\"341\">\n<tbody>\n<tr>\n<th colspan=\"2\">Objektiv<\/th>\n<\/tr>\n<tr>\n<td>Objektivlins (mm)<\/td>\n<td>50\/70<\/td>\n<\/tr>\n<tr>\n<td>Optisk f\u00f6rstoring (x)<\/td>\n<td>4.5x\/6.5x<\/td>\n<\/tr>\n<tr>\n<td>Digital zoom (x)<\/td>\n<td>2x<\/td>\n<\/tr>\n<tr>\n<td>Kontinuerlig digital zoom (x)<\/td>\n<td>4.5-9x\/6.5-13x<\/td>\n<\/tr>\n<tr>\n<td>Synf\u00e4lt (horisontellt)<\/td>\n<td>6.4\u00ba\/ 4.6\u00ba<\/td>\n<\/tr>\n<tr>\n<td>Synf\u00e4lt (vertikalt)<\/td>\n<td>4.8\u00ba\/ 3.4\u00ba<\/td>\n<\/tr>\n<tr>\n<td>Synf\u00e4lt (diagonalt)<\/td>\n<td>8.6\u00ba\/ 5.7\u00ba<\/td>\n<\/tr>\n<tr>\n<td>Fokusomr\u00e5de<\/td>\n<td>3m-\u221e<\/td>\n<\/tr>\n<tr>\n<td>\u00d6gonavst\u00e5nd (mm)<\/td>\n<td>35<\/td>\n<\/tr>\n<tr>\n<td>Utg\u00e5ngspupill (mm)<\/td>\n<td>6<\/td>\n<\/tr>\n<tr>\n<td>Dioptrijustering (D)<\/td>\n<td>\u00b1 5<\/td>\n<\/tr>\n<\/tbody>\n<\/table>\n<p>&nbsp;<\/p>\n<table style=\"height: 195px;\" width=\"341\">\n<tbody>\n<tr>\n<th colspan=\"2\">IR-belysning<\/th>\n<\/tr>\n<tr>\n<td>IR-typ<\/td>\n<td>VCSEL<\/td>\n<\/tr>\n<tr>\n<td>IR-effekt (W)<\/td>\n<td>5<\/td>\n<\/tr>\n<tr>\n<td>IR-belysningsniv\u00e5<\/td>\n<td>3 niv\u00e5er<\/td>\n<\/tr>\n<tr>\n<td>IR-avst\u00e5nd (m)<\/td>\n<td>350<\/td>\n<\/tr>\n<tr>\n<td>IR-v\u00e5gl\u00e4ngd (nm)<\/td>\n<td>850\/940<\/td>\n<\/tr>\n<\/tbody>\n<\/table>\n<p>&nbsp;<\/p>\n<table style=\"height: 195px;\" width=\"341\">\n<tbody>\n<tr>\n<th colspan=\"2\">Sk\u00e4rm<\/th>\n<\/tr>\n<tr>\n<td>Typ<\/td>\n<td>OLED<\/td>\n<\/tr>\n<tr>\n<td>Uppl\u00f6sning (pixel)<\/td>\n<td>1440*1080<\/td>\n<\/tr>\n<tr>\n<td>Riktmedelstil<\/td>\n<td>6<\/td>\n<\/tr>\n<tr>\n<td>Riktmedelsf\u00e4rg<\/td>\n<td>vit\/gul\/gr\u00f6n<\/td>\n<\/tr>\n<tr>\n<td>F\u00e4rgl\u00e4ge<\/td>\n<td>F\u00e4rg\/Svartvitt<\/td>\n<\/tr>\n<\/tbody>\n<\/table>\n<p>&nbsp;<\/p>\n<table style=\"height: 195px;\" width=\"341\">\n<tbody>\n<tr>\n<th colspan=\"2\">Foto\/video<\/th>\n<\/tr>\n<tr>\n<td>Fotouppl\u00f6sning (pixel)<\/td>\n<td>\u2013<\/td>\n<\/tr>\n<tr>\n<td>Fotoformat<\/td>\n<td>\u2013<\/td>\n<\/tr>\n<tr>\n<td>Videouppl\u00f6sning (pixel)<\/td>\n<td>1440*1080<\/td>\n<\/tr>\n<tr>\n<td>Videoformat<\/td>\n<td>.mp4<\/td>\n<\/tr>\n<tr>\n<td>Lagring (GB)<\/td>\n<td>Micro SD-kort (max. 128 GB)<\/td>\n<\/tr>\n<\/tbody>\n<\/table>\n<p>&nbsp;<\/p>\n<table style=\"height: 195px;\" width=\"341\">\n<tbody>\n<tr>\n<th colspan=\"2\">Huvudfunktion<\/th>\n<\/tr>\n<tr>\n<td>R\u00f6d punkt<\/td>\n<td>Ja<\/td>\n<\/tr>\n<tr>\n<td>Mute-knapp<\/td>\n<td>Ja<\/td>\n<\/tr>\n<tr>\n<td>PIP<\/td>\n<td>Ja<\/td>\n<\/tr>\n<tr>\n<td>LRF-detekteringsomr\u00e5de (m)<\/td>\n<td>5-1000 (LRF-version)<\/td>\n<\/tr>\n<tr>\n<td>Ballistisk kalkylator<\/td>\n<td>Ja<\/td>\n<\/tr>\n<tr>\n<td>Val av r\u00e4ckviddsenhet<\/td>\n<td>meter\/yard<\/td>\n<\/tr>\n<tr>\n<td>Gyroskop<\/td>\n<td>Ja<\/td>\n<\/tr>\n<tr>\n<td>Sj\u00e4lvaktiverad inspelning<\/td>\n<td>Ja<\/td>\n<\/tr>\n<tr>\n<td>Automatisk inspelning<\/td>\n<td>Ja<\/td>\n<\/tr>\n<tr>\n<td>Loop-inspelning<\/td>\n<td>Ja<\/td>\n<\/tr>\n<tr>\n<td>Tidsst\u00e4mpel<\/td>\n<td>Ja<\/td>\n<\/tr>\n<tr>\n<td>Spela in ljud<\/td>\n<td>Ja<\/td>\n<\/tr>\n<tr>\n<td>Pipsignal<\/td>\n<td>Ja<\/td>\n<\/tr>\n<tr>\n<td>Exponeringskompensation<\/td>\n<td>Ja<\/td>\n<\/tr>\n<\/tbody>\n<\/table>\n<p>&nbsp;<\/p>\n<table style=\"height: 195px;\" width=\"341\">\n<tbody>\n<tr>\n<th colspan=\"2\">Anslutningar<\/th>\n<\/tr>\n<tr>\n<td>USB typ-c<\/td>\n<td>Ja<\/td>\n<\/tr>\n<tr>\n<td>WiFi<\/td>\n<td>Ja<\/td>\n<\/tr>\n<tr>\n<td>Appar som st\u00f6ds<\/td>\n<td>PardVision<\/td>\n<\/tr>\n<\/tbody>\n<\/table>\n<p>&nbsp;<\/p>\n<table style=\"height: 195px;\" width=\"341\">\n<tbody>\n<tr>\n<th colspan=\"2\">Str\u00f6mf\u00f6rs\u00f6rjning<\/th>\n<\/tr>\n<tr>\n<td>Batterityp<\/td>\n<td>litiumjon18650<\/td>\n<\/tr>\n<tr>\n<td>Utsp\u00e4nning (V)<\/td>\n<td>3.7<\/td>\n<\/tr>\n<tr>\n<td>Drifttid (h, max)<\/td>\n<td>8<\/td>\n<\/tr>\n<tr>\n<td>Extern str\u00f6mf\u00f6rs\u00f6rjning (V)<\/td>\n<td>USB Type-C<\/td>\n<\/tr>\n<tr>\n<td>Milj\u00f6egenskap<\/td>\n<td><\/td>\n<\/tr>\n<tr>\n<td>Drifttemperatur (\u00b0C)<\/td>\n<td>-20 \u2013 50<\/td>\n<\/tr>\n<tr>\n<td>Rekylkraft (J)<\/td>\n<td>6000<\/td>\n<\/tr>\n<\/tbody>\n<\/table>\n<p>&nbsp;<\/p>\n<table style=\"height: 195px;\" width=\"341\">\n<tbody>\n<tr>\n<th colspan=\"2\">M\u00e4tningar<\/th>\n<\/tr>\n<tr>\n<td>Produktm\u00e5tt (L x B x H, mm)<\/td>\n<td>175 x 70 x 55<\/td>\n<\/tr>\n<tr>\n<td>N.V\/st (med\/utan batteri, g)<\/td>\n<td>495\/450<\/td>\n<\/tr>\n<\/tbody>\n<\/table>\n","protected":false},"excerpt":{"rendered":"<p>Pard NV008SP2 m\u00f6rkerkikare \u00e4r en uppgraderad version av den popul\u00e4ra NV008S-infrar\u00f6da enheten som \u00e4r designad f\u00f6r jakt. NV008SP2 har den senaste generationens CMOS-sensor med en k\u00e4nslighet p\u00e5 0,001 lux, vilket s\u00e4kerst\u00e4ller b\u00e4sta m\u00f6jliga bildkvalitet med en uppl\u00f6sning p\u00e5 2688 x 1520 pixlar. Denna l\u00e4tta enhet, som v\u00e4ger 450 gram, \u00e4r diskret och enkel att montera [&#8230;]\n","protected":false},"featured_media":265386,"comment_status":"open","ping_status":"closed","template":"","meta":[],"product_brand":[],"product_cat":[2756],"product_tag":[],"class_list":{"0":"post-285960","1":"product","2":"type-product","3":"status-publish","4":"has-post-thumbnail","6":"product_cat-morkerseende","8":"first","9":"instock","10":"taxable","11":"shipping-taxable","12":"purchasable","13":"product-type-variable"},"composite_virtual":false,"composite_layout":"","composite_add_to_cart_form_location":"","composite_editable_in_cart":false,"composite_sold_individually_context":"","composite_shop_price_calc":"","composite_components":[],"composite_scenarios":[],"group_of_quantity":0,"min_quantity":0,"max_quantity":"","exclude_order_quantity_value_rules":"no","exclude_category_quantity_rules":"no","combine_variations":"no","exclude_global_add_ons":[],"addons":[],"_links":{"self":[{"href":"https:\/\/www.huntersfriend.eu\/sv\/wp-json\/wp\/v2\/product\/285960","targetHints":{"allow":["GET"]}}],"collection":[{"href":"https:\/\/www.huntersfriend.eu\/sv\/wp-json\/wp\/v2\/product"}],"about":[{"href":"https:\/\/www.huntersfriend.eu\/sv\/wp-json\/wp\/v2\/types\/product"}],"replies":[{"embeddable":true,"href":"https:\/\/www.huntersfriend.eu\/sv\/wp-json\/wp\/v2\/comments?post=285960"}],"wp:featuredmedia":[{"embeddable":true,"href":"https:\/\/www.huntersfriend.eu\/sv\/wp-json\/wp\/v2\/media\/265386"}],"wp:attachment":[{"href":"https:\/\/www.huntersfriend.eu\/sv\/wp-json\/wp\/v2\/media?parent=285960"}],"wp:term":[{"taxonomy":"product_brand","embeddable":true,"href":"https:\/\/www.huntersfriend.eu\/sv\/wp-json\/wp\/v2\/product_brand?post=285960"},{"taxonomy":"product_cat","embeddable":true,"href":"https:\/\/www.huntersfriend.eu\/sv\/wp-json\/wp\/v2\/product_cat?post=285960"},{"taxonomy":"product_tag","embeddable":true,"href":"https:\/\/www.huntersfriend.eu\/sv\/wp-json\/wp\/v2\/product_tag?post=285960"}],"curies":[{"name":"wp","href":"https:\/\/api.w.org\/{rel}","templated":true}]}}