{"id":285959,"date":"2024-04-03T11:33:08","date_gmt":"2024-04-03T09:33:08","guid":{"rendered":"https:\/\/www.huntersfriend.eu\/product\/huntworth-halsvarmare\/"},"modified":"2025-08-26T11:25:34","modified_gmt":"2025-08-26T09:25:34","slug":"huntworth-halsvarmare","status":"publish","type":"product","link":"https:\/\/www.huntersfriend.eu\/sv\/produkt\/huntworth-halsvarmare\/","title":{"rendered":"Huntworth halsv\u00e4rmare"},"content":{"rendered":"<p>Anamoose kraftig halsv\u00e4rmare f\u00f6r m\u00e4n i Tarnen\u00ae-kamouflage \u00e4r ett m\u00e5ste i kallt v\u00e4der. Heat Boost\u2122 grafen-sherpafodret ger isolerande v\u00e4rme utan att vara skrymmande. Den tunnaste, varmaste halsv\u00e4rmaren du n\u00e5gonsin kommer att b\u00e4ra.  <\/p>\n<p><strong>H\u00e5ll kylan borta fr\u00e5n halsen med Anamoose softshell-halsv\u00e4rmare i Tarnen\u00ae-kamouflage.<\/strong> Den h\u00e4r jakt-halsv\u00e4rmaren, tillverkad med Heat Boost\u2122 grafen-teknik, h\u00f6r hemma i allas jaktv\u00e4ska. F\u00f6rv\u00e5nansv\u00e4rt tunn, den packar mycket v\u00e4rme utan den traditionella klumpigheten hos andra halsv\u00e4rmare f\u00f6r kallt v\u00e4der. Att sticka <a class=\"heat-boost-info-link\" href=\"https:\/\/huntworthgear.com\/graphene-technology-heat-boost\">grafengarn<\/a> i v\u00e5rt sherpafoder ger ett traditionellt material superkrafter med den v\u00e4rmeledningsf\u00f6rm\u00e5ga, fukttransporterande och antimikrobiella egenskaper som \u00e4r inneboende i grafen. I grund och botten tog vi ett varmt material och gjorde det \u00e4nnu varmare \u2013 30 % varmare. Det \u00e4r v\u00e4rme du verkligen kan k\u00e4nna.    <\/p>\n<p>Jakt-halsv\u00e4rmaren \u00e4r tillverkad av en persiko-stretchjersey behandlad med en DWR-finish som st\u00f6ter bort fukt. Den \u00e4r bunden till Heat Boost\u2122 grafen-sherpa, en ny generation av f\u00f6rb\u00e4ttrade tyger. Materialets stretch g\u00f6r halsv\u00e4rmaren l\u00e4tt att ta p\u00e5 och av. Stoppa in den f\u00f6rl\u00e4ngda framsidan i jackan f\u00f6r att l\u00e5sa in v\u00e4rmen och st\u00e4nga ute kylan. Den h\u00e4r halsv\u00e4rmaren tar dig igenom sena jakter med komfort.    <\/p>\n<p>Grafen f\u00f6r\u00e4ndrar hur vi g\u00f6r extremt varma, men \u00e4nd\u00e5 tunna, tillbeh\u00f6r f\u00f6r kallt v\u00e4der. Med den h\u00e4r Heat Boost\u2122 jakt-halsv\u00e4rmaren kan du stanna ute l\u00e4ngre och forts\u00e4tta jaga senare in p\u00e5 s\u00e4songen, oavsett temperatur. <\/p>\n","protected":false},"excerpt":{"rendered":"<p>Anamoose kraftig halsv\u00e4rmare f\u00f6r m\u00e4n i Tarnen\u00ae-kamouflage \u00e4r ett m\u00e5ste i kallt v\u00e4der. Heat Boost\u2122 grafen-sherpafodret ger isolerande v\u00e4rme utan att vara skrymmande. Den tunnaste, varmaste halsv\u00e4rmaren du n\u00e5gonsin kommer att b\u00e4ra. H\u00e5ll kylan borta fr\u00e5n halsen med Anamoose softshell-halsv\u00e4rmare i Tarnen\u00ae-kamouflage. Den h\u00e4r jakt-halsv\u00e4rmaren, tillverkad med Heat Boost\u2122 grafen-teknik, h\u00f6r hemma i allas jaktv\u00e4ska. [&#8230;]\n","protected":false},"featured_media":266876,"comment_status":"open","ping_status":"closed","template":"","meta":[],"product_brand":[],"product_cat":[2716,2611],"product_tag":[],"class_list":{"0":"post-285959","1":"product","2":"type-product","3":"status-publish","4":"has-post-thumbnail","6":"product_cat-hattar-och-huvudbonader","7":"product_cat-tillbehor","9":"first","10":"instock","11":"taxable","12":"shipping-taxable","13":"purchasable","14":"product-type-simple"},"composite_virtual":false,"composite_layout":"","composite_add_to_cart_form_location":"","composite_editable_in_cart":false,"composite_sold_individually_context":"","composite_shop_price_calc":"","composite_components":[],"composite_scenarios":[],"group_of_quantity":0,"min_quantity":0,"max_quantity":"","exclude_order_quantity_value_rules":"no","exclude_category_quantity_rules":"no","combine_variations":"no","exclude_global_add_ons":[],"addons":[],"_links":{"self":[{"href":"https:\/\/www.huntersfriend.eu\/sv\/wp-json\/wp\/v2\/product\/285959","targetHints":{"allow":["GET"]}}],"collection":[{"href":"https:\/\/www.huntersfriend.eu\/sv\/wp-json\/wp\/v2\/product"}],"about":[{"href":"https:\/\/www.huntersfriend.eu\/sv\/wp-json\/wp\/v2\/types\/product"}],"replies":[{"embeddable":true,"href":"https:\/\/www.huntersfriend.eu\/sv\/wp-json\/wp\/v2\/comments?post=285959"}],"wp:featuredmedia":[{"embeddable":true,"href":"https:\/\/www.huntersfriend.eu\/sv\/wp-json\/wp\/v2\/media\/266876"}],"wp:attachment":[{"href":"https:\/\/www.huntersfriend.eu\/sv\/wp-json\/wp\/v2\/media?parent=285959"}],"wp:term":[{"taxonomy":"product_brand","embeddable":true,"href":"https:\/\/www.huntersfriend.eu\/sv\/wp-json\/wp\/v2\/product_brand?post=285959"},{"taxonomy":"product_cat","embeddable":true,"href":"https:\/\/www.huntersfriend.eu\/sv\/wp-json\/wp\/v2\/product_cat?post=285959"},{"taxonomy":"product_tag","embeddable":true,"href":"https:\/\/www.huntersfriend.eu\/sv\/wp-json\/wp\/v2\/product_tag?post=285959"}],"curies":[{"name":"wp","href":"https:\/\/api.w.org\/{rel}","templated":true}]}}