{"id":285954,"date":"2024-04-03T11:32:22","date_gmt":"2024-04-03T09:32:22","guid":{"rendered":"https:\/\/www.huntersfriend.eu\/product\/lava-v-300-svart-vakuumforpackningsmaskin\/"},"modified":"2025-08-26T11:25:32","modified_gmt":"2025-08-26T09:25:32","slug":"lava-v-300-svart-vakuumforpackningsmaskin","status":"publish","type":"product","link":"https:\/\/www.huntersfriend.eu\/sv\/produkt\/lava-v-300-svart-vakuumforpackningsmaskin\/","title":{"rendered":"Lava v.300 svart vakuumf\u00f6rpackningsmaskin"},"content":{"rendered":"<p>V300 PREMIUM har b\u00e5de manuella och automatiska funktioner och g\u00f6r det enkelt att vakuumf\u00f6rpacka stora m\u00e4ngder produkter. V300 PREMIUM har en tryckm\u00e4tare och en variabel tryckventil, vilket g\u00f6r det m\u00f6jligt att s\u00e4nka trycket. Detta \u00e4r praktiskt n\u00e4r du snabbt och effektivt dammsuger mjukare matvaror. Lava-maskiner tillverkas i Tyskland och har 2 \u00e5rs garanti   <\/p>\n<p>V300 PREMIUM fungerar med b\u00e5de vakuump\u00e5sar och kontinuerliga rullar. Precis som alla maskiner utanf\u00f6r kammaren fungerar LAVA-serien av vakuummaskiner med specifika r\u00e4fflade p\u00e5sar. Den kan ta storlekar upp till 30 cm bred och tar bort luften fr\u00e5n en medelstor p\u00e5se (20 cm x 30 cm) p\u00e5 cirka 10 sekunder. V300 PREMIUM har nu en dubbel f\u00f6rsegling, med varje t\u00e4tningsremsa 5 mm bred. V300 PREMIUM har en tryckm\u00e4tare som visar mycket exakt vakuumtryck. PREMIUM-serien levereras ocks\u00e5 med magnetremsor, vilket inneb\u00e4r mycket lite tryck p\u00e5 locket kr\u00e4vs. V300 PREMIUM har ett helautomatiskt l\u00e4ge samt ett manuellt l\u00e4ge, vilket g\u00f6r den till den mest popul\u00e4ra av hush\u00e5llsmaskinerna.      <\/p>\n<p>V300 PREMIUM kan ocks\u00e5 anv\u00e4ndas f\u00f6r att dammsuga akrylbeh\u00e5llare med hj\u00e4lp av vakuumpumpf\u00e4stet som medf\u00f6ljer maskinen. Beh\u00e5llarna \u00e4r perfekta f\u00f6r att h\u00e5lla sallader, frukt och gr\u00f6nsaker i toppskick upp till fem g\u00e5nger l\u00e4ngre \u00e4n de normalt skulle h\u00e5lla. Akrylbeh\u00e5llarna \u00e4r ocks\u00e5 fr\u00e5n Tyskland och \u00e4r s\u00e4kra att anv\u00e4nda i kylsk\u00e5p, frys, mikrov\u00e5gsugn och diskmaskin.  <\/p>\n<p><strong>Specifikationer<\/strong><\/p>\n<p>Antal pumpar: 1<\/p>\n<p>Sugeffekt: 35 l\/min<\/p>\n<p>Max vakuumtryck: -0,80 bar<\/p>\n<p>Tryckm\u00e4tare: urtavla<\/p>\n<p>T\u00e4tningsbandsbredd: 300 mm<\/p>\n<p>Dubbel t\u00e4tningsremsa: Ja<\/p>\n<p>Manuell t\u00e4tningsanordning: Ja<\/p>\n<p>Automatisk t\u00e4tning: Ja<\/p>\n<p>V\u00e4tskeextraktionsanordning: Ja<\/p>\n<p>F\u00e4rg: svart<\/p>\n<p>Sp\u00e4nning: 230 v<\/p>\n<p>Effekt: 800 w<\/p>\n<p>Totala m\u00e5tt: 410x210x98 mm<\/p>\n<p>Vikt: 3,95 kg<\/p>\n","protected":false},"excerpt":{"rendered":"<p>V300 PREMIUM har b\u00e5de manuella och automatiska funktioner och g\u00f6r det enkelt att vakuumf\u00f6rpacka stora m\u00e4ngder produkter. V300 PREMIUM har en tryckm\u00e4tare och en variabel tryckventil, vilket g\u00f6r det m\u00f6jligt att s\u00e4nka trycket. Detta \u00e4r praktiskt n\u00e4r du snabbt och effektivt dammsuger mjukare matvaror. Lava-maskiner tillverkas i Tyskland och har 2 \u00e5rs garanti V300 PREMIUM [&#8230;]\n","protected":false},"featured_media":266918,"comment_status":"open","ping_status":"closed","template":"","meta":[],"product_brand":[],"product_cat":[2747],"product_tag":[],"class_list":{"0":"post-285954","1":"product","2":"type-product","3":"status-publish","4":"has-post-thumbnail","6":"product_cat-vakuumforpackare-och-kottkvarnar","7":"product_shipping_class-medium-sv","9":"first","10":"instock","11":"taxable","12":"shipping-taxable","13":"purchasable","14":"product-type-simple"},"composite_virtual":false,"composite_layout":"","composite_add_to_cart_form_location":"","composite_editable_in_cart":false,"composite_sold_individually_context":"","composite_shop_price_calc":"","composite_components":[],"composite_scenarios":[],"group_of_quantity":0,"min_quantity":0,"max_quantity":"","exclude_order_quantity_value_rules":"no","exclude_category_quantity_rules":"no","combine_variations":"no","exclude_global_add_ons":[],"addons":[],"_links":{"self":[{"href":"https:\/\/www.huntersfriend.eu\/sv\/wp-json\/wp\/v2\/product\/285954","targetHints":{"allow":["GET"]}}],"collection":[{"href":"https:\/\/www.huntersfriend.eu\/sv\/wp-json\/wp\/v2\/product"}],"about":[{"href":"https:\/\/www.huntersfriend.eu\/sv\/wp-json\/wp\/v2\/types\/product"}],"replies":[{"embeddable":true,"href":"https:\/\/www.huntersfriend.eu\/sv\/wp-json\/wp\/v2\/comments?post=285954"}],"wp:featuredmedia":[{"embeddable":true,"href":"https:\/\/www.huntersfriend.eu\/sv\/wp-json\/wp\/v2\/media\/266918"}],"wp:attachment":[{"href":"https:\/\/www.huntersfriend.eu\/sv\/wp-json\/wp\/v2\/media?parent=285954"}],"wp:term":[{"taxonomy":"product_brand","embeddable":true,"href":"https:\/\/www.huntersfriend.eu\/sv\/wp-json\/wp\/v2\/product_brand?post=285954"},{"taxonomy":"product_cat","embeddable":true,"href":"https:\/\/www.huntersfriend.eu\/sv\/wp-json\/wp\/v2\/product_cat?post=285954"},{"taxonomy":"product_tag","embeddable":true,"href":"https:\/\/www.huntersfriend.eu\/sv\/wp-json\/wp\/v2\/product_tag?post=285954"}],"curies":[{"name":"wp","href":"https:\/\/api.w.org\/{rel}","templated":true}]}}