{"id":285953,"date":"2024-03-19T12:36:13","date_gmt":"2024-03-19T10:36:13","guid":{"rendered":"https:\/\/www.huntersfriend.eu\/product\/takeya-actives-termosflaska\/"},"modified":"2026-04-16T07:30:19","modified_gmt":"2026-04-16T05:30:19","slug":"takeya-actives-termosflaska","status":"publish","type":"product","link":"https:\/\/www.huntersfriend.eu\/sv\/produkt\/takeya-actives-termosflaska\/","title":{"rendered":"Takeya Actives termosflaska"},"content":{"rendered":"<p><span class=\"jCAhz ChMk0b\"><span class=\"ryNqvb\">Takeya Actives \u00e4r en isolerad dricksflaska tillverkad av 18\/8 rostfritt st\u00e5l som h\u00e5ller din favoritdryck iskall i upp till 24 timmar eller \u00e5ngande varm i upp till 12 timmar.<\/span><\/span> <span class=\"jCAhz ChMk0b\"><span class=\"ryNqvb\">Den BPA-fria isolerade Takeya-dricksflaskan har en svettskyddande dubbelv\u00e4ggskonstruktion och en bred \u00f6ppning, vilket g\u00f6r det l\u00e4ttare att till exempel tills\u00e4tta is till en kall dryck och g\u00f6r det l\u00e4ttare att diska och sk\u00f6lja flaskan.<\/span><\/span> <span class=\"jCAhz ChMk0b\"><span class=\"ryNqvb\">Den avtagbara silikonst\u00f6td\u00e4mparen i botten av flaskan minimerar bucklor och m\u00e4rken, m\u00f6jligg\u00f6r tyst placering och hj\u00e4lper flaskan att st\u00e5 s\u00e4kert i dryckesh\u00e5llarna.<\/span><\/span> <span class=\"jCAhz ChMk0b\"><span class=\"ryNqvb\">Takeyas isolerade Spout Lid\u2122 s\u00e4kerst\u00e4ller b\u00e4sta m\u00f6jliga drickupplevelse vid aktiv anv\u00e4ndning.<\/span><\/span> <span class=\"jCAhz ChMk0b\"><span class=\"ryNqvb\">Teknisk information:<\/span><\/span> <span class=\"jCAhz ChMk0b\"><span class=\"ryNqvb\">Vakuumisolerad dricksflaska<\/span><\/span> <span class=\"jCAhz ChMk0b\"><span class=\"ryNqvb\">Pulverlackerat rostfritt st\u00e5l<\/span><\/span> <span class=\"jCAhz ChMk0b\"><span class=\"ryNqvb\">Dubbelv\u00e4ggskonstruktion<\/span><\/span> <span class=\"jCAhz ChMk0b\"><span class=\"ryNqvb\">H\u00e5ller drycken varm i upp till 12 timmar och kall i upp till 24 timmar<\/span><\/span> <span class=\"jCAhz ChMk0b\"><span class=\"ryNqvb\">V\u00e4rmeh\u00e5llning runt 43 \u00b0C efter 12 timmar<\/span><\/span> <span class=\"jCAhz ChMk0b\"><span class=\"ryNqvb\">Enhands vridlock<\/span><\/span> <span class=\"jCAhz ChMk0b\"><span class=\"ryNqvb\">Slitstark b\u00e4rkl\u00e4mma<\/span><\/span> <span class=\"jCAhz ChMk0b\"><span class=\"ryNqvb\">Avtagbar silikonst\u00f6td\u00e4mpare<\/span><\/span> <span class=\"jCAhz ChMk0b\"><span class=\"ryNqvb\">Inneh\u00e5ller inte bisfenol A (BPA)<\/span><\/span> <span class=\"jCAhz ChMk0b\"><span class=\"ryNqvb\">L\u00e4tt att reng\u00f6ra<\/span><\/span><\/p>\n<p><span class=\"jCAhz ChMk0b\"><span class=\"ryNqvb\">Volym 0,53 l<\/span><\/span> <span class=\"jCAhz ChMk0b\"><span class=\"ryNqvb\">M\u00e5tt 82 x 235 mm (Diameter x H\u00f6jd)<\/span><\/span><\/p>\n<div class=\"QcsUad BDJ8fb sMVRZe wneUed\">\n<div class=\"usGWQd\">\n<div class=\"KkbLmb\">\n<div class=\"lRu31\" dir=\"ltr\"><span class=\"HwtZe\" lang=\"en\"><span class=\"jCAhz ChMk0b\"><span class=\"ryNqvb\">Volym 0,7 l<\/span><\/span> <span class=\"jCAhz ChMk0b\"><span class=\"ryNqvb\">M\u00e5tt 82 x 263 mm (Diameter x H\u00f6jd)<br \/>\n<\/span><\/span><\/span><\/div>\n<div dir=\"ltr\"><\/div>\n<div dir=\"ltr\"><span class=\"jCAhz ChMk0b\"><span class=\"ryNqvb\">Volym 0,95 l<\/span><\/span> <span class=\"jCAhz ChMk0b\"><span class=\"ryNqvb\">M\u00e5tt 86 x 270 mm (Diameter x H\u00f6jd)<br \/>\n<\/span><\/span><\/div>\n<div dir=\"ltr\"><\/div>\n<div dir=\"ltr\"><span class=\"jCAhz ChMk0b\"><span class=\"ryNqvb\">Volym 1,9 l<\/span><\/span> <span class=\"jCAhz ChMk0b\"><span class=\"ryNqvb\">M\u00e5tt 128 x 1120 mm (Diameter x H\u00f6jd)<\/span><\/span><\/div>\n<\/div>\n<\/div>\n<\/div>\n<p><span class=\"jCAhz ChMk0b\"><span class=\"ryNqvb\"> <\/span><\/span><\/p>\n","protected":false},"excerpt":{"rendered":"<p>4 storlekar att v\u00e4lja mellan<\/p>\n","protected":false},"featured_media":266158,"comment_status":"open","ping_status":"closed","template":"","meta":[],"product_brand":[],"product_cat":[878],"product_tag":[],"class_list":{"0":"post-285953","1":"product","2":"type-product","3":"status-publish","4":"has-post-thumbnail","6":"product_cat-uncategorized-sv","8":"first","9":"instock","10":"taxable","11":"shipping-taxable","12":"purchasable","13":"product-type-variable"},"composite_virtual":false,"composite_layout":"","composite_add_to_cart_form_location":"","composite_editable_in_cart":false,"composite_sold_individually_context":"","composite_shop_price_calc":"","composite_components":[],"composite_scenarios":[],"group_of_quantity":0,"min_quantity":0,"max_quantity":"","exclude_order_quantity_value_rules":"no","exclude_category_quantity_rules":"no","combine_variations":"no","exclude_global_add_ons":[],"addons":[],"_links":{"self":[{"href":"https:\/\/www.huntersfriend.eu\/sv\/wp-json\/wp\/v2\/product\/285953","targetHints":{"allow":["GET"]}}],"collection":[{"href":"https:\/\/www.huntersfriend.eu\/sv\/wp-json\/wp\/v2\/product"}],"about":[{"href":"https:\/\/www.huntersfriend.eu\/sv\/wp-json\/wp\/v2\/types\/product"}],"replies":[{"embeddable":true,"href":"https:\/\/www.huntersfriend.eu\/sv\/wp-json\/wp\/v2\/comments?post=285953"}],"wp:featuredmedia":[{"embeddable":true,"href":"https:\/\/www.huntersfriend.eu\/sv\/wp-json\/wp\/v2\/media\/266158"}],"wp:attachment":[{"href":"https:\/\/www.huntersfriend.eu\/sv\/wp-json\/wp\/v2\/media?parent=285953"}],"wp:term":[{"taxonomy":"product_brand","embeddable":true,"href":"https:\/\/www.huntersfriend.eu\/sv\/wp-json\/wp\/v2\/product_brand?post=285953"},{"taxonomy":"product_cat","embeddable":true,"href":"https:\/\/www.huntersfriend.eu\/sv\/wp-json\/wp\/v2\/product_cat?post=285953"},{"taxonomy":"product_tag","embeddable":true,"href":"https:\/\/www.huntersfriend.eu\/sv\/wp-json\/wp\/v2\/product_tag?post=285953"}],"curies":[{"name":"wp","href":"https:\/\/api.w.org\/{rel}","templated":true}]}}