{"id":285951,"date":"2024-04-03T11:32:21","date_gmt":"2024-04-03T09:32:21","guid":{"rendered":"https:\/\/www.huntersfriend.eu\/product\/lava-v-200-premium-x-vakuummaskin\/"},"modified":"2025-08-26T11:25:31","modified_gmt":"2025-08-26T09:25:31","slug":"lava-v-200-premium-x-vakuummaskin","status":"publish","type":"product","link":"https:\/\/www.huntersfriend.eu\/sv\/produkt\/lava-v-200-premium-x-vakuummaskin\/","title":{"rendered":"Lava v.200 premium x vakuummaskin"},"content":{"rendered":"<p><span class=\"jCAhz ChMk0b\"><span class=\"ryNqvb\">Lava V.200 Premium X \u00e4r en helautomatisk, l\u00e4ttanv\u00e4nd vakuummaskin. <\/span><\/span> <span class=\"jCAhz ChMk0b\"><span class=\"ryNqvb\">Enheten \u00e4r perfekt f\u00f6r att vakuumf\u00f6rpacka vilt, fisk och andra naturliga livsmedel.<\/span><\/span> <span class=\"jCAhz ChMk0b\"><span class=\"ryNqvb\">Du kan v\u00e4lja automatisk eller manuell f\u00f6rsegling med en knapptryckning, beroende p\u00e5 dina behov och preferenser.<\/span><\/span> <span class=\"jCAhz ChMk0b\"><span class=\"ryNqvb\">Enheten kan vakuumf\u00f6rpacka alla typer av vakuump\u00e5sar och rullar med en maximal tjocklek p\u00e5 200 \u00b5m och en maximal bredd p\u00e5 340 mm.<\/span><\/span> <span class=\"jCAhz ChMk0b\"><span class=\"ryNqvb\">LED-ljusdisplayen p\u00e5 tryckm\u00e4taren visar det uppn\u00e5dda undertrycket.<\/span><\/span><\/p>\n<p><span class=\"jCAhz ChMk0b\"><span class=\"ryNqvb\">Vakuummaskin med valbar automatisk eller manuell drift<\/span><\/span><\/p>\n<p><span class=\"jCAhz ChMk0b\"><span class=\"ryNqvb\">Helautomatiskt: vakuumf\u00f6rpackning, f\u00f6rsegling &amp; t\u00e4tning<\/span><\/span><\/p>\n<p><span class=\"jCAhz ChMk0b\"><span class=\"ryNqvb\">F\u00f6rsegling av vakuump\u00e5sar upp till 200\u03bcm tjocklek<\/span><\/span><\/p>\n<p><span class=\"jCAhz ChMk0b\"><span class=\"ryNqvb\">Bredd p\u00e5 f\u00f6rseglingsremsan 340 mm (dubbel s\u00f6m)<\/span><\/span><\/p>\n<p><span class=\"jCAhz ChMk0b\"><span class=\"ryNqvb\">V\u00e4tskeavskiljare med ett tv\u00e5stegs filtersystem<\/span><\/span><\/p>\n<p><span class=\"jCAhz ChMk0b\"><span class=\"ryNqvb\">Kontinuerligt justerbar f\u00f6rseglingstid<\/span><\/span><\/p>\n<p><span class=\"jCAhz ChMk0b\"><span class=\"ryNqvb\">Tryckm\u00e4tare: LED-ljusdisplay<\/span><\/span><\/p>\n<p><span class=\"jCAhz ChMk0b\"><span class=\"ryNqvb\">Sugeffekt: 35 l\/min<\/span><\/span><\/p>\n<p><span class=\"jCAhz ChMk0b\"><span class=\"ryNqvb\">Maximalt undertryck: -0,94 bar<\/span><\/span><\/p>\n<p><span class=\"jCAhz ChMk0b\"><span class=\"ryNqvb\">Effekt: 500 w<\/span><\/span><\/p>\n<p><span class=\"jCAhz ChMk0b\"><span class=\"ryNqvb\">M\u00e5tt: 410 x 230 x 98 mm<\/span><\/span><\/p>\n<p><span class=\"jCAhz ChMk0b\"><span class=\"ryNqvb\">Vikt: 4,40 kg<\/span><\/span><\/p>\n<p><span class=\"jCAhz ChMk0b\"><span class=\"ryNqvb\">Leveransen inkluderar: Lava V.200 Premium vakuumf\u00f6rpackare, sugmunstycke, startp\u00e5sar, bruksanvisning. <\/span><\/span><\/p>\n","protected":false},"excerpt":{"rendered":"<p>Lava V.200 Premium X \u00e4r en helautomatisk, l\u00e4ttanv\u00e4nd vakuummaskin. Enheten \u00e4r perfekt f\u00f6r att vakuumf\u00f6rpacka vilt, fisk och andra naturliga livsmedel. Du kan v\u00e4lja automatisk eller manuell f\u00f6rsegling med en knapptryckning, beroende p\u00e5 dina behov och preferenser. Enheten kan vakuumf\u00f6rpacka alla typer av vakuump\u00e5sar och rullar med en maximal tjocklek p\u00e5 200 \u00b5m och en [&#8230;]\n","protected":false},"featured_media":266927,"comment_status":"open","ping_status":"closed","template":"","meta":[],"product_brand":[],"product_cat":[2747],"product_tag":[],"class_list":{"0":"post-285951","1":"product","2":"type-product","3":"status-publish","4":"has-post-thumbnail","6":"product_cat-vakuumforpackare-och-kottkvarnar","7":"product_shipping_class-medium-sv","9":"first","10":"instock","11":"taxable","12":"shipping-taxable","13":"purchasable","14":"product-type-simple"},"composite_virtual":false,"composite_layout":"","composite_add_to_cart_form_location":"","composite_editable_in_cart":false,"composite_sold_individually_context":"","composite_shop_price_calc":"","composite_components":[],"composite_scenarios":[],"group_of_quantity":0,"min_quantity":0,"max_quantity":"","exclude_order_quantity_value_rules":"no","exclude_category_quantity_rules":"no","combine_variations":"no","exclude_global_add_ons":[],"addons":[],"_links":{"self":[{"href":"https:\/\/www.huntersfriend.eu\/sv\/wp-json\/wp\/v2\/product\/285951","targetHints":{"allow":["GET"]}}],"collection":[{"href":"https:\/\/www.huntersfriend.eu\/sv\/wp-json\/wp\/v2\/product"}],"about":[{"href":"https:\/\/www.huntersfriend.eu\/sv\/wp-json\/wp\/v2\/types\/product"}],"replies":[{"embeddable":true,"href":"https:\/\/www.huntersfriend.eu\/sv\/wp-json\/wp\/v2\/comments?post=285951"}],"wp:featuredmedia":[{"embeddable":true,"href":"https:\/\/www.huntersfriend.eu\/sv\/wp-json\/wp\/v2\/media\/266927"}],"wp:attachment":[{"href":"https:\/\/www.huntersfriend.eu\/sv\/wp-json\/wp\/v2\/media?parent=285951"}],"wp:term":[{"taxonomy":"product_brand","embeddable":true,"href":"https:\/\/www.huntersfriend.eu\/sv\/wp-json\/wp\/v2\/product_brand?post=285951"},{"taxonomy":"product_cat","embeddable":true,"href":"https:\/\/www.huntersfriend.eu\/sv\/wp-json\/wp\/v2\/product_cat?post=285951"},{"taxonomy":"product_tag","embeddable":true,"href":"https:\/\/www.huntersfriend.eu\/sv\/wp-json\/wp\/v2\/product_tag?post=285951"}],"curies":[{"name":"wp","href":"https:\/\/api.w.org\/{rel}","templated":true}]}}