{"id":285946,"date":"2024-03-19T12:19:28","date_gmt":"2024-03-19T10:19:28","guid":{"rendered":"https:\/\/www.huntersfriend.eu\/product\/stanley-classic-termos\/"},"modified":"2026-03-19T08:29:24","modified_gmt":"2026-03-19T06:29:24","slug":"stanley-classic-termos","status":"publish","type":"product","link":"https:\/\/www.huntersfriend.eu\/sv\/produkt\/stanley-classic-termos\/","title":{"rendered":"Stanley Classic termos"},"content":{"rendered":"<p><span class=\"jCAhz ChMk0b\"><span class=\"ryNqvb\">Stanley Classic-termosen h\u00e5ller din dryck varm i 45 timmar eller kall i 48 timmar.<\/span><\/span> <span class=\"jCAhz ChMk0b\"><span class=\"ryNqvb\">Den stora 5 cm breda \u00f6ppningen g\u00f6r det mycket enkelt att fylla och reng\u00f6ra Stanley Classic-termosen.<\/span><\/span> <span class=\"jCAhz ChMk0b\"><span class=\"ryNqvb\">Locket p\u00e5 Stanley Classic-termosen fungerar som en isolerad drickmugg n\u00e4r du anv\u00e4nder termosen utomhus.<\/span><\/span> <span class=\"jCAhz ChMk0b\"><span class=\"ryNqvb\">Stanley Classic-termosen \u00e4r tillverkad av rostfritt st\u00e5l och b\u00e4rhandtaget p\u00e5 de st\u00f6rre versionernas sida g\u00f6r det l\u00e4ttare att b\u00e4ra flaskan.<\/span><\/span><\/p>\n<p><span class=\"jCAhz ChMk0b\"><span class=\"ryNqvb\">Teknisk information:<\/span><\/span><\/p>\n<p><span class=\"jCAhz ChMk0b\"><span class=\"ryNqvb\">Tillverkad av rostfritt st\u00e5l<\/span><\/span> <span class=\"jCAhz ChMk0b\"><span class=\"ryNqvb\">Dubbelv\u00e4ggig konstruktion<\/span><\/span><br \/>\n<span class=\"jCAhz ChMk0b\"><span class=\"ryNqvb\">H\u00e5ller drycker varma i 45 timmar eller kalla i upp till 48 timmar<\/span><\/span><br \/>\n<span class=\"jCAhz ChMk0b\"><span class=\"ryNqvb\">Den stora 5 cm breda \u00f6ppningen g\u00f6r den l\u00e4ttare att anv\u00e4nda och diska<\/span><\/span><br \/>\n<span class=\"jCAhz ChMk0b\"><span class=\"ryNqvb\">Locket fungerar som en isolerad mugg<br \/>\n<\/span><\/span><br \/>\n<span class=\"jCAhz ChMk0b\"><span class=\"ryNqvb\">Volym: 1,9 liter<\/span><\/span> <span class=\"jCAhz ChMk0b\"><span class=\"ryNqvb\">H\u00f6jd: 37 cm<\/span><\/span> <span class=\"jCAhz ChMk0b\"><span class=\"ryNqvb\">Vikt: 1130 g<\/span><\/span><\/p>\n<p><span class=\"jCAhz ChMk0b\"><span class=\"ryNqvb\">Volym: 1,4 liter<\/span><\/span> <span class=\"jCAhz ChMk0b\"><span class=\"ryNqvb\">H\u00f6jd: 35,5 cm<\/span><\/span> <span class=\"jCAhz ChMk0b\"><span class=\"ryNqvb\">Vikt: 954 g<\/span><\/span><\/p>\n<p><span class=\"jCAhz ChMk0b\"><span class=\"ryNqvb\">Volym: 1 liter<\/span><\/span> <span class=\"jCAhz ChMk0b\"><span class=\"ryNqvb\">H\u00f6jd: 35 cm<\/span><\/span> <span class=\"jCAhz ChMk0b\"><span class=\"ryNqvb\">Vikt: 834g<\/span><\/span><\/p>\n<p><span class=\"jCAhz ChMk0b\"><span class=\"ryNqvb\">Volym: 0,47 liter<\/span><\/span> <span class=\"jCAhz ChMk0b\"><span class=\"ryNqvb\">H\u00f6jd: 26 cm<\/span><\/span> <span class=\"jCAhz ChMk0b\"><span class=\"ryNqvb\">Vikt: 458 g<\/span><\/span><\/p>\n<p>&nbsp;<\/p>\n","protected":false},"excerpt":{"rendered":"<p>Stanley Classic-termosen h\u00e5ller din dryck varm i 45 timmar eller kall i 48 timmar. Den stora 5 cm breda \u00f6ppningen g\u00f6r det mycket enkelt att fylla och reng\u00f6ra Stanley Classic-termosen. Locket p\u00e5 Stanley Classic-termosen fungerar som en isolerad drickmugg n\u00e4r du anv\u00e4nder termosen utomhus. Stanley Classic-termosen \u00e4r tillverkad av rostfritt st\u00e5l och b\u00e4rhandtaget p\u00e5 de [&#8230;]\n","protected":false},"featured_media":269989,"comment_status":"open","ping_status":"closed","template":"","meta":[],"product_brand":[],"product_cat":[2567],"product_tag":[],"class_list":{"0":"post-285946","1":"product","2":"type-product","3":"status-publish","4":"has-post-thumbnail","6":"product_cat-campingtillbehor","8":"first","9":"instock","10":"taxable","11":"shipping-taxable","12":"purchasable","13":"product-type-variable"},"composite_virtual":false,"composite_layout":"","composite_add_to_cart_form_location":"","composite_editable_in_cart":false,"composite_sold_individually_context":"","composite_shop_price_calc":"","composite_components":[],"composite_scenarios":[],"group_of_quantity":0,"min_quantity":0,"max_quantity":"","exclude_order_quantity_value_rules":"no","exclude_category_quantity_rules":"no","combine_variations":"no","exclude_global_add_ons":[],"addons":[],"_links":{"self":[{"href":"https:\/\/www.huntersfriend.eu\/sv\/wp-json\/wp\/v2\/product\/285946","targetHints":{"allow":["GET"]}}],"collection":[{"href":"https:\/\/www.huntersfriend.eu\/sv\/wp-json\/wp\/v2\/product"}],"about":[{"href":"https:\/\/www.huntersfriend.eu\/sv\/wp-json\/wp\/v2\/types\/product"}],"replies":[{"embeddable":true,"href":"https:\/\/www.huntersfriend.eu\/sv\/wp-json\/wp\/v2\/comments?post=285946"}],"wp:featuredmedia":[{"embeddable":true,"href":"https:\/\/www.huntersfriend.eu\/sv\/wp-json\/wp\/v2\/media\/269989"}],"wp:attachment":[{"href":"https:\/\/www.huntersfriend.eu\/sv\/wp-json\/wp\/v2\/media?parent=285946"}],"wp:term":[{"taxonomy":"product_brand","embeddable":true,"href":"https:\/\/www.huntersfriend.eu\/sv\/wp-json\/wp\/v2\/product_brand?post=285946"},{"taxonomy":"product_cat","embeddable":true,"href":"https:\/\/www.huntersfriend.eu\/sv\/wp-json\/wp\/v2\/product_cat?post=285946"},{"taxonomy":"product_tag","embeddable":true,"href":"https:\/\/www.huntersfriend.eu\/sv\/wp-json\/wp\/v2\/product_tag?post=285946"}],"curies":[{"name":"wp","href":"https:\/\/api.w.org\/{rel}","templated":true}]}}