{"id":285935,"date":"2024-03-19T11:27:50","date_gmt":"2024-03-19T09:27:50","guid":{"rendered":"https:\/\/www.huntersfriend.eu\/product\/eberlestock-gunrunner\/"},"modified":"2026-04-16T07:30:19","modified_gmt":"2026-04-16T05:30:19","slug":"eberlestock-gunrunner","status":"publish","type":"product","link":"https:\/\/www.huntersfriend.eu\/sv\/produkt\/eberlestock-gunrunner\/","title":{"rendered":"Eberlestock Gunrunner"},"content":{"rendered":"<p>Gunrunner\u2122 \u00e4r en minimalistisk, l\u00e4ttviktsgev\u00e4rryggs\u00e4ck med v\u00e5r patenterade Backscabbard\u2122. Den h\u00e4r ryggs\u00e4cken \u00e4r designad f\u00f6r handsfree-jakt och snabb \u00e5tkomst till ditt gev\u00e4r, och har precis r\u00e4tt m\u00e4ngd f\u00f6rvaring f\u00f6r en dagsutflykt. Det \u00f6vre facket \u00e4r en bra storlek f\u00f6r avst\u00e5ndsm\u00e4tare, lockpipor etc., och huvudfacket \u00e4r dimensionerat f\u00f6r en dags ranson av mat och kl\u00e4der. Gunrunner \u00e4r idealisk f\u00f6r f\u00e5geljakt p\u00e5 h\u00f6glandet, jakt fr\u00e5n tr\u00e4dstam eller en l\u00e4tt dagsjakt.   <\/p>\n<p>TEKNISKA <strong>SPECIFIKATIONER<\/strong><\/p>\n<ul>\n<li>Volym: 20,89 L<\/li>\n<li>Vikt: 1,79 kg<\/li>\n<li>M\u00e5tt: 64,77 H x 20,96 B x 21,59 D<\/li>\n<li>M\u00e5tt, vapenh\u00f6lster: 86,36 H x 17,78 B x 7,62 D<\/li>\n<li>Volym, vapenh\u00f6lster: 6,55 L<\/li>\n<\/ul>\n<p>RYGGS\u00c4CK<strong> <\/strong><strong>FUNKTIONER<\/strong><\/p>\n<ul>\n<li>Inbyggt gev\u00e4rsh\u00f6lster<\/li>\n<li>Justerbar axelrem<\/li>\n<li>En vertikal och en horisontell kompressionsrem<\/li>\n<li>Anv\u00e4nd v\u00e5rt <a href=\"https:\/\/eberlestock.com\/products\/g2rc-small-reversible-rain-cover\"><strong>lilla v\u00e4ndbara regnskydd<\/strong><\/a> f\u00f6r v\u00e4derskydd<\/li>\n<\/ul>\n","protected":false},"excerpt":{"rendered":"<p>Gunrunner\u2122 \u00e4r en minimalistisk, l\u00e4ttviktsgev\u00e4rryggs\u00e4ck med v\u00e5r patenterade Backscabbard\u2122. Den h\u00e4r ryggs\u00e4cken \u00e4r designad f\u00f6r handsfree-jakt och snabb \u00e5tkomst till ditt gev\u00e4r, och har precis r\u00e4tt m\u00e4ngd f\u00f6rvaring f\u00f6r en dagsutflykt. Det \u00f6vre facket \u00e4r en bra storlek f\u00f6r avst\u00e5ndsm\u00e4tare, lockpipor etc., och huvudfacket \u00e4r dimensionerat f\u00f6r en dags ranson av mat och kl\u00e4der. Gunrunner [&#8230;]\n","protected":false},"featured_media":266104,"comment_status":"open","ping_status":"closed","template":"","meta":[],"product_brand":[],"product_cat":[2565],"product_tag":[],"class_list":{"0":"post-285935","1":"product","2":"type-product","3":"status-publish","4":"has-post-thumbnail","6":"product_cat-jaktryggsackar","7":"product_shipping_class-medium-sv","9":"first","10":"instock","11":"taxable","12":"shipping-taxable","13":"purchasable","14":"product-type-variable"},"composite_virtual":false,"composite_layout":"","composite_add_to_cart_form_location":"","composite_editable_in_cart":false,"composite_sold_individually_context":"","composite_shop_price_calc":"","composite_components":[],"composite_scenarios":[],"group_of_quantity":0,"min_quantity":0,"max_quantity":"","exclude_order_quantity_value_rules":"no","exclude_category_quantity_rules":"no","combine_variations":"no","exclude_global_add_ons":[],"addons":[],"_links":{"self":[{"href":"https:\/\/www.huntersfriend.eu\/sv\/wp-json\/wp\/v2\/product\/285935","targetHints":{"allow":["GET"]}}],"collection":[{"href":"https:\/\/www.huntersfriend.eu\/sv\/wp-json\/wp\/v2\/product"}],"about":[{"href":"https:\/\/www.huntersfriend.eu\/sv\/wp-json\/wp\/v2\/types\/product"}],"replies":[{"embeddable":true,"href":"https:\/\/www.huntersfriend.eu\/sv\/wp-json\/wp\/v2\/comments?post=285935"}],"wp:featuredmedia":[{"embeddable":true,"href":"https:\/\/www.huntersfriend.eu\/sv\/wp-json\/wp\/v2\/media\/266104"}],"wp:attachment":[{"href":"https:\/\/www.huntersfriend.eu\/sv\/wp-json\/wp\/v2\/media?parent=285935"}],"wp:term":[{"taxonomy":"product_brand","embeddable":true,"href":"https:\/\/www.huntersfriend.eu\/sv\/wp-json\/wp\/v2\/product_brand?post=285935"},{"taxonomy":"product_cat","embeddable":true,"href":"https:\/\/www.huntersfriend.eu\/sv\/wp-json\/wp\/v2\/product_cat?post=285935"},{"taxonomy":"product_tag","embeddable":true,"href":"https:\/\/www.huntersfriend.eu\/sv\/wp-json\/wp\/v2\/product_tag?post=285935"}],"curies":[{"name":"wp","href":"https:\/\/api.w.org\/{rel}","templated":true}]}}