{"id":285934,"date":"2024-03-23T01:10:14","date_gmt":"2024-03-22T23:10:14","guid":{"rendered":"https:\/\/www.huntersfriend.eu\/product\/sitka-fanatic-jacka-vanster-optifade-elevated-ii\/"},"modified":"2026-02-05T15:18:15","modified_gmt":"2026-02-05T13:18:15","slug":"sitka-fanatic-jacka-vanster-optifade-elevated-ii","status":"publish","type":"product","link":"https:\/\/www.huntersfriend.eu\/sv\/produkt\/sitka-fanatic-jacka-vanster-optifade-elevated-ii\/","title":{"rendered":"SITKA Fanatic-jacka v\u00e4nster (Optifade Elevated II)"},"content":{"rendered":"<p>Fanatic-jackan Lefty \u00e4r det kompletta paketet f\u00f6r ultratyst v\u00e4rme, med det mest avancerade ljudreducerande tyget i jaktv\u00e4rlden. Konstruerad med d\u00f6dligt tyst Berber-fleece med h\u00f6g lugg, en ultratyst WINDSTOPPER\u00ae by GORE-TEX LABS Technology-barri\u00e4r f\u00f6r 100 % vindt\u00e4tt v\u00e4rme och PrimaLoft\u00ae Silver Hi-Loft Ultra-isolering f\u00f6r de kallaste dagarna p\u00e5 passet. Kroppskartad konstruktion optimerar dragcykeln f\u00f6r frig\u00e5ng av b\u00e5gstr\u00e4ngen tillsammans med en minskning av volymen i dragarmen f\u00f6r att minimera buller och h\u00e5lla din pilbana sann. Constant-Connect SITKA\u00ae Safety Harness Port eliminerar behovet av att koppla bort fr\u00e5n din sele n\u00e4r du l\u00e4gger till eller tar bort lager. Utan tvekan \u00e4r detta den tystaste jaktjackan p\u00e5 planeten.    <\/p>\n<p class=\" text-[30px] font-bold tracking-wide pb-[16px] md:pb-[20px] text-center\">Varf\u00f6r vi gjorde detta&#8230;<\/p>\n<p class=\"text-[13px] text-center lg:px-[18px]\">Vi uppt\u00e4ckte att j\u00e4gare beh\u00f6vde en fullt utrustad jacka f\u00f6r sen s\u00e4song som kunde st\u00e5 emot kalla vindar samtidigt som den f\u00f6rblev ultratyst. Vi best\u00e4mde oss f\u00f6r att ta itu med detta behov och mer med Fanatic. Vi ljudtestade tyg j\u00e4mf\u00f6rt med vitsvanshjortars h\u00f6rsel och fick ut en WINDSTOPPER\u00ae by GORE-TEX LABS-barri\u00e4r inkl\u00e4md mellan Berber-fleece-yttertyg och Primaloft\u00ae SIlver-isolering. Tack vare v\u00e5r innovativa diagonala dragkedjedesign kunde vi inkludera en genomg\u00e5ende handmuff fodrad med Berber-fleece f\u00f6r exceptionell v\u00e4rme. F\u00f6r att avrunda designen lade vi till funktionella fickor f\u00f6r en avst\u00e5ndsm\u00e4tare och ett grytr\u00f6r som flankerar den diagonala dragkedjan f\u00f6r snabba behov.    <\/p>\n","protected":false},"excerpt":{"rendered":"<p>Fanatic-jackan Lefty \u00e4r det kompletta paketet f\u00f6r ultratyst v\u00e4rme, med det mest avancerade ljudreducerande tyget i jaktv\u00e4rlden. Konstruerad med d\u00f6dligt tyst Berber-fleece med h\u00f6g lugg, en ultratyst WINDSTOPPER\u00ae by GORE-TEX LABS Technology-barri\u00e4r f\u00f6r 100 % vindt\u00e4tt v\u00e4rme och PrimaLoft\u00ae Silver Hi-Loft Ultra-isolering f\u00f6r de kallaste dagarna p\u00e5 passet. Kroppskartad konstruktion optimerar dragcykeln f\u00f6r frig\u00e5ng av [&#8230;]\n","protected":false},"featured_media":266487,"comment_status":"open","ping_status":"closed","template":"","meta":[],"product_brand":[],"product_cat":[2765,2741],"product_tag":[],"class_list":{"0":"post-285934","1":"product","2":"type-product","3":"status-publish","4":"has-post-thumbnail","6":"product_cat-fyndlada-slutrea","7":"product_cat-jackor","9":"first","10":"outofstock","11":"sale","12":"taxable","13":"shipping-taxable","14":"purchasable","15":"product-type-variable"},"composite_virtual":false,"composite_layout":"","composite_add_to_cart_form_location":"","composite_editable_in_cart":false,"composite_sold_individually_context":"","composite_shop_price_calc":"","composite_components":[],"composite_scenarios":[],"group_of_quantity":0,"min_quantity":0,"max_quantity":"","exclude_order_quantity_value_rules":"no","exclude_category_quantity_rules":"no","combine_variations":"no","exclude_global_add_ons":[],"addons":[],"_links":{"self":[{"href":"https:\/\/www.huntersfriend.eu\/sv\/wp-json\/wp\/v2\/product\/285934","targetHints":{"allow":["GET"]}}],"collection":[{"href":"https:\/\/www.huntersfriend.eu\/sv\/wp-json\/wp\/v2\/product"}],"about":[{"href":"https:\/\/www.huntersfriend.eu\/sv\/wp-json\/wp\/v2\/types\/product"}],"replies":[{"embeddable":true,"href":"https:\/\/www.huntersfriend.eu\/sv\/wp-json\/wp\/v2\/comments?post=285934"}],"wp:featuredmedia":[{"embeddable":true,"href":"https:\/\/www.huntersfriend.eu\/sv\/wp-json\/wp\/v2\/media\/266487"}],"wp:attachment":[{"href":"https:\/\/www.huntersfriend.eu\/sv\/wp-json\/wp\/v2\/media?parent=285934"}],"wp:term":[{"taxonomy":"product_brand","embeddable":true,"href":"https:\/\/www.huntersfriend.eu\/sv\/wp-json\/wp\/v2\/product_brand?post=285934"},{"taxonomy":"product_cat","embeddable":true,"href":"https:\/\/www.huntersfriend.eu\/sv\/wp-json\/wp\/v2\/product_cat?post=285934"},{"taxonomy":"product_tag","embeddable":true,"href":"https:\/\/www.huntersfriend.eu\/sv\/wp-json\/wp\/v2\/product_tag?post=285934"}],"curies":[{"name":"wp","href":"https:\/\/api.w.org\/{rel}","templated":true}]}}