{"id":285932,"date":"2024-03-16T01:22:19","date_gmt":"2024-03-15T23:22:19","guid":{"rendered":"https:\/\/www.huntersfriend.eu\/product\/eberlestock-team-elk-pack-v2-mountain\/"},"modified":"2025-08-26T11:25:25","modified_gmt":"2025-08-26T09:25:25","slug":"eberlestock-team-elk-pack-v2-mountain","status":"publish","type":"product","link":"https:\/\/www.huntersfriend.eu\/sv\/produkt\/eberlestock-team-elk-pack-v2-mountain\/","title":{"rendered":"Eberlestock Team Elk Pack V2 Mountain"},"content":{"rendered":"<p>Team Elk Pack liknar ingen annan ryggs\u00e4ck p\u00e5 marknaden. Den har unika funktioner som det patenterade gev\u00e4rsfodralet p\u00e5 ryggen, en bekv\u00e4m aluminiumram avsedd f\u00f6r att b\u00e4ra tung last och ett system f\u00f6r att b\u00e4ra k\u00f6tt som g\u00f6r att s\u00e4cken kan separeras fr\u00e5n ramen f\u00f6r att packa ut vilt fr\u00e5n vildmarken. S\u00e4cken inkluderar ett rymligt flytande lock, djupa sidofickor och fickor i stretchmaterial \u00f6ver hela s\u00e4ckens utsida. P\u00e5 insidan av s\u00e4cken hittar du stretchfickor samt en v\u00e4tskebeh\u00e5llare och krok.   <\/p>\n<p>Team Elk-s\u00e4cken utvecklades ursprungligen f\u00f6r att f\u00f6rse \u00e4lgj\u00e4gare i vildmarken med den b\u00e4sta och mest innovativa jaktryggs\u00e4cken som finns, och f\u00f6r att samtidigt bidra med finansiering till den mest proaktiva och engagerade bevarandeorganisationen p\u00e5 planeten, The Rocky Mountain Elk Foundation. Under de senaste 10 \u00e5ren har vi bidragit och forts\u00e4tter att bidra med 10 % av varje f\u00f6rs\u00e4ljning av Team Elk-s\u00e4cken direkt tillbaka till Rocky Mountain Elk Foundation, vilket totalt ger ett livstidsbidrag p\u00e5 \u00f6ver 600 000 dollar. <\/p>\n<p class=\"sm\">Rocky Mountain Elk Foundations uppdrag \u00e4r att \u201cs\u00e4kerst\u00e4lla framtiden f\u00f6r \u00e4lg, andra vilda djur, deras livsmilj\u00f6 och v\u00e5rt jaktarv,\u201d vilket har gjort oss till stolta partners till RMEF i \u00f6ver 19 \u00e5r!<\/p>\n<div>\n<p>TEKNISKA <strong>SPECIFIKATIONER<\/strong><\/p>\n<ul>\n<li>Volym lock: 392 cu.in. \/ 35,64 l<\/li>\n<li>Volym s\u00e4ck: 2 175 cu.in.<\/li>\n<li>Vikt: 6,5 lbs<\/li>\n<li>M\u00e5tt: 35,5 tum H x 11 tum B x 1,75 tum D<\/li>\n<\/ul>\n<\/div>\n<div>\n<p>RYGGS\u00c4CKENS <strong>FUNKTIONER<\/strong><\/p>\n<ul>\n<li>S\u00e4cken dras bort fr\u00e5n ramen med en insydd lastpanel<\/li>\n<li>Integrerade sidov\u00e4skor<\/li>\n<li>Flytande topplock<\/li>\n<li>Dragkedje\u00f6ppning fram och dragsko upptill<\/li>\n<li>Intex-ram utan hylla<\/li>\n<li>Gev\u00e4rsfodral som kan stuvas undan<\/li>\n<li>Anv\u00e4nd v\u00e5rt <a href=\"https:\/\/eberlestock.com\/products\/j2rc-large-reversible-rain-cover\"> <strong>stora v\u00e4ndbara regnskydd<\/strong><\/a> f\u00f6r v\u00e4derskydd<\/li>\n<\/ul>\n<\/div>\n","protected":false},"excerpt":{"rendered":"<p>Team Elk Pack liknar ingen annan ryggs\u00e4ck p\u00e5 marknaden. Den har unika funktioner som det patenterade gev\u00e4rsfodralet p\u00e5 ryggen, en bekv\u00e4m aluminiumram avsedd f\u00f6r att b\u00e4ra tung last och ett system f\u00f6r att b\u00e4ra k\u00f6tt som g\u00f6r att s\u00e4cken kan separeras fr\u00e5n ramen f\u00f6r att packa ut vilt fr\u00e5n vildmarken. S\u00e4cken inkluderar ett rymligt flytande [&#8230;]\n","protected":false},"featured_media":266117,"comment_status":"open","ping_status":"closed","template":"","meta":[],"product_brand":[],"product_cat":[2565],"product_tag":[],"class_list":{"0":"post-285932","1":"product","2":"type-product","3":"status-publish","4":"has-post-thumbnail","6":"product_cat-jaktryggsackar","7":"product_shipping_class-big-sv","9":"first","10":"outofstock","11":"taxable","12":"shipping-taxable","13":"purchasable","14":"product-type-simple"},"composite_virtual":false,"composite_layout":"","composite_add_to_cart_form_location":"","composite_editable_in_cart":false,"composite_sold_individually_context":"","composite_shop_price_calc":"","composite_components":[],"composite_scenarios":[],"group_of_quantity":0,"min_quantity":0,"max_quantity":"","exclude_order_quantity_value_rules":"no","exclude_category_quantity_rules":"no","combine_variations":"no","exclude_global_add_ons":[],"addons":[],"_links":{"self":[{"href":"https:\/\/www.huntersfriend.eu\/sv\/wp-json\/wp\/v2\/product\/285932","targetHints":{"allow":["GET"]}}],"collection":[{"href":"https:\/\/www.huntersfriend.eu\/sv\/wp-json\/wp\/v2\/product"}],"about":[{"href":"https:\/\/www.huntersfriend.eu\/sv\/wp-json\/wp\/v2\/types\/product"}],"replies":[{"embeddable":true,"href":"https:\/\/www.huntersfriend.eu\/sv\/wp-json\/wp\/v2\/comments?post=285932"}],"wp:featuredmedia":[{"embeddable":true,"href":"https:\/\/www.huntersfriend.eu\/sv\/wp-json\/wp\/v2\/media\/266117"}],"wp:attachment":[{"href":"https:\/\/www.huntersfriend.eu\/sv\/wp-json\/wp\/v2\/media?parent=285932"}],"wp:term":[{"taxonomy":"product_brand","embeddable":true,"href":"https:\/\/www.huntersfriend.eu\/sv\/wp-json\/wp\/v2\/product_brand?post=285932"},{"taxonomy":"product_cat","embeddable":true,"href":"https:\/\/www.huntersfriend.eu\/sv\/wp-json\/wp\/v2\/product_cat?post=285932"},{"taxonomy":"product_tag","embeddable":true,"href":"https:\/\/www.huntersfriend.eu\/sv\/wp-json\/wp\/v2\/product_tag?post=285932"}],"curies":[{"name":"wp","href":"https:\/\/api.w.org\/{rel}","templated":true}]}}