{"id":285870,"date":"2024-03-15T01:14:08","date_gmt":"2024-03-14T23:14:08","guid":{"rendered":"https:\/\/www.huntersfriend.eu\/product\/hs-3-4-ansiktsmask\/"},"modified":"2025-08-26T11:25:17","modified_gmt":"2025-08-26T09:25:17","slug":"hs-3-4-ansiktsmask","status":"publish","type":"product","link":"https:\/\/www.huntersfriend.eu\/sv\/produkt\/hs-3-4-ansiktsmask\/","title":{"rendered":"HS 3\/4 ansiktsmask"},"content":{"rendered":"<p><span class=\"jCAhz ChMk0b\"><span class=\"ryNqvb\">Med HS-ansiktsmasken t\u00e4cker du ansiktet fr\u00e5n annalkande vilt och f\u00e5glar.<\/span><\/span> <span class=\"jCAhz ChMk0b\"><span class=\"ryNqvb\">Samtidigt f\u00f6rhindrar n\u00e4tmaterialet irritation orsakad av myggor och andas bra.<\/span><\/span> <span class=\"jCAhz ChMk0b\"><span class=\"ryNqvb\">Ansiktsmasken kommer i en liten storlek och \u00e4r l\u00e4tt att b\u00e4ra med sig.<\/span><\/span> <span class=\"jCAhz ChMk0b\"><span class=\"ryNqvb\">En 3\/4 ansiktsmask passar dig som till exempel gillar att b\u00e4ra keps.<\/span><\/span><\/p>\n","protected":false},"excerpt":{"rendered":"<p>Med HS-ansiktsmasken t\u00e4cker du ansiktet fr\u00e5n annalkande vilt och f\u00e5glar. Samtidigt f\u00f6rhindrar n\u00e4tmaterialet irritation orsakad av myggor och andas bra. Ansiktsmasken kommer i en liten storlek och \u00e4r l\u00e4tt att b\u00e4ra med sig. En 3\/4 ansiktsmask passar dig som till exempel gillar att b\u00e4ra keps.<\/p>\n","protected":false},"featured_media":265875,"comment_status":"open","ping_status":"closed","template":"","meta":[],"product_brand":[],"product_cat":[2716,2611],"product_tag":[],"class_list":{"0":"post-285870","1":"product","2":"type-product","3":"status-publish","4":"has-post-thumbnail","6":"product_cat-hattar-och-huvudbonader","7":"product_cat-tillbehor","9":"first","10":"instock","11":"taxable","12":"shipping-taxable","13":"purchasable","14":"product-type-simple"},"composite_virtual":false,"composite_layout":"","composite_add_to_cart_form_location":"","composite_editable_in_cart":false,"composite_sold_individually_context":"","composite_shop_price_calc":"","composite_components":[],"composite_scenarios":[],"group_of_quantity":0,"min_quantity":0,"max_quantity":"","exclude_order_quantity_value_rules":"no","exclude_category_quantity_rules":"no","combine_variations":"no","exclude_global_add_ons":[],"addons":[],"_links":{"self":[{"href":"https:\/\/www.huntersfriend.eu\/sv\/wp-json\/wp\/v2\/product\/285870","targetHints":{"allow":["GET"]}}],"collection":[{"href":"https:\/\/www.huntersfriend.eu\/sv\/wp-json\/wp\/v2\/product"}],"about":[{"href":"https:\/\/www.huntersfriend.eu\/sv\/wp-json\/wp\/v2\/types\/product"}],"replies":[{"embeddable":true,"href":"https:\/\/www.huntersfriend.eu\/sv\/wp-json\/wp\/v2\/comments?post=285870"}],"wp:featuredmedia":[{"embeddable":true,"href":"https:\/\/www.huntersfriend.eu\/sv\/wp-json\/wp\/v2\/media\/265875"}],"wp:attachment":[{"href":"https:\/\/www.huntersfriend.eu\/sv\/wp-json\/wp\/v2\/media?parent=285870"}],"wp:term":[{"taxonomy":"product_brand","embeddable":true,"href":"https:\/\/www.huntersfriend.eu\/sv\/wp-json\/wp\/v2\/product_brand?post=285870"},{"taxonomy":"product_cat","embeddable":true,"href":"https:\/\/www.huntersfriend.eu\/sv\/wp-json\/wp\/v2\/product_cat?post=285870"},{"taxonomy":"product_tag","embeddable":true,"href":"https:\/\/www.huntersfriend.eu\/sv\/wp-json\/wp\/v2\/product_tag?post=285870"}],"curies":[{"name":"wp","href":"https:\/\/api.w.org\/{rel}","templated":true}]}}