{"id":285869,"date":"2024-03-15T08:52:02","date_gmt":"2024-03-15T06:52:02","guid":{"rendered":"https:\/\/www.huntersfriend.eu\/product\/mathews-swx-modul-85-lyftbagar\/"},"modified":"2025-08-26T11:25:20","modified_gmt":"2025-08-26T09:25:20","slug":"mathews-swx-modul-85-lyftbagar","status":"publish","type":"product","link":"https:\/\/www.huntersfriend.eu\/sv\/produkt\/mathews-swx-modul-85-lyftbagar\/","title":{"rendered":"Mathews SWX-modul 85 % \u2013 lyftb\u00e5gar"},"content":{"rendered":"<p>Ers\u00e4ttningsmodulset f\u00f6r 2024 \u00e5rs Mathews Lift 29.5 och Lift 33-b\u00e5gar,<\/p>\n","protected":false},"excerpt":{"rendered":"<p>Ers\u00e4ttningsmodulset f\u00f6r 2024 \u00e5rs Mathews Lift 29.5 och Lift 33-b\u00e5gar,<\/p>\n","protected":false},"featured_media":265691,"comment_status":"open","ping_status":"closed","template":"","meta":[],"product_brand":[],"product_cat":[2652,2740,2739],"product_tag":[],"class_list":{"0":"post-285869","1":"product","2":"type-product","3":"status-publish","4":"has-post-thumbnail","6":"product_cat-compound-bagar","7":"product_cat-compoundbagar-och-kit","8":"product_cat-pro-shop-paket","10":"first","11":"instock","12":"taxable","13":"shipping-taxable","14":"purchasable","15":"product-type-variable"},"composite_virtual":false,"composite_layout":"","composite_add_to_cart_form_location":"","composite_editable_in_cart":false,"composite_sold_individually_context":"","composite_shop_price_calc":"","composite_components":[],"composite_scenarios":[],"group_of_quantity":0,"min_quantity":0,"max_quantity":"","exclude_order_quantity_value_rules":"no","exclude_category_quantity_rules":"no","combine_variations":"no","exclude_global_add_ons":[],"addons":[],"_links":{"self":[{"href":"https:\/\/www.huntersfriend.eu\/sv\/wp-json\/wp\/v2\/product\/285869","targetHints":{"allow":["GET"]}}],"collection":[{"href":"https:\/\/www.huntersfriend.eu\/sv\/wp-json\/wp\/v2\/product"}],"about":[{"href":"https:\/\/www.huntersfriend.eu\/sv\/wp-json\/wp\/v2\/types\/product"}],"replies":[{"embeddable":true,"href":"https:\/\/www.huntersfriend.eu\/sv\/wp-json\/wp\/v2\/comments?post=285869"}],"wp:featuredmedia":[{"embeddable":true,"href":"https:\/\/www.huntersfriend.eu\/sv\/wp-json\/wp\/v2\/media\/265691"}],"wp:attachment":[{"href":"https:\/\/www.huntersfriend.eu\/sv\/wp-json\/wp\/v2\/media?parent=285869"}],"wp:term":[{"taxonomy":"product_brand","embeddable":true,"href":"https:\/\/www.huntersfriend.eu\/sv\/wp-json\/wp\/v2\/product_brand?post=285869"},{"taxonomy":"product_cat","embeddable":true,"href":"https:\/\/www.huntersfriend.eu\/sv\/wp-json\/wp\/v2\/product_cat?post=285869"},{"taxonomy":"product_tag","embeddable":true,"href":"https:\/\/www.huntersfriend.eu\/sv\/wp-json\/wp\/v2\/product_tag?post=285869"}],"curies":[{"name":"wp","href":"https:\/\/api.w.org\/{rel}","templated":true}]}}