{"id":285866,"date":"2024-03-15T01:32:14","date_gmt":"2024-03-14T23:32:14","guid":{"rendered":"https:\/\/www.huntersfriend.eu\/product\/eberlestock-forvaringsficka\/"},"modified":"2025-08-26T11:25:16","modified_gmt":"2025-08-26T09:25:16","slug":"eberlestock-forvaringsficka","status":"publish","type":"product","link":"https:\/\/www.huntersfriend.eu\/sv\/produkt\/eberlestock-forvaringsficka\/","title":{"rendered":"Eberlestock f\u00f6rvaringsficka"},"content":{"rendered":"<div><span data-ogsc=\"rgb(29, 29, 29)\" data-ogsb=\"rgb(255, 255, 255)\">Anv\u00e4nd <\/span><span class=\"mark08n4lk4pr\" data-markjs=\"true\" data-ogac=\"\" data-ogab=\"\" data-ogsc=\"rgb(29, 29, 29)\" data-ogsb=\"\">f\u00f6rvaringsfickan<\/span><span data-ogsc=\"rgb(29, 29, 29)\" data-ogsb=\"rgb(255, 255, 255)\">  Ficka f\u00f6r att l\u00e4gga till cirka 3 liters kapacitet till v\u00e5ra ryggs\u00e4ckar. Anv\u00e4nd dem f\u00f6r ytterligare f\u00f6rvaring av utrustning, eller n\u00e4r de kombineras med v\u00e5ra v\u00e4tskebl\u00e5sor \u00e4r de ett utm\u00e4rkt s\u00e4tt att externt montera v\u00e4tska p\u00e5 en ryggs\u00e4ck s\u00e5 att bl\u00e5san \u00e4r l\u00e4ttillg\u00e4nglig. MOLLE-kompatibel, den kan monteras p\u00e5 en m\u00e4ngd olika v\u00e4skor och plattformar med hj\u00e4lp av v\u00e5ra dubbla snabbf\u00e4sten, inklusive v\u00e5rt EMOD\u2122-system och Recon.     <\/span><span class=\"mark08n4lk4pr\" data-markjs=\"true\" data-ogac=\"\" data-ogab=\"\" data-ogsc=\"rgb(29, 29, 29)\" data-ogsb=\"\">F\u00f6rvaringsficka<\/span><span class=\"elementToProof\" data-ogsc=\"rgb(29, 29, 29)\" data-ogsb=\"rgb(255, 255, 255)\">  Fickan \u00e4r perfekt dimensionerad f\u00f6r v\u00e5r 3L v\u00e4tskeenhet och har en genomg\u00e5ngsport f\u00f6r en slang. En tv\u00e4rv\u00e4vd chocksnodd g\u00f6r att du kan s\u00e4kra mindre f\u00f6rem\u00e5l (som en 2L-bl\u00e5sa) eller f\u00f6rvara snabb\u00e5tkomstf\u00f6rem\u00e5l p\u00e5 utsidan ocks\u00e5. <\/span><\/div>\n<div class=\"elementToProof\">\n<ul>\n<li>M\u00e5tt: 30,5 cm H x 16,5 cm B x 7,6 cm D Vikt: 156 g.<\/li>\n<li>F\u00e4sts p\u00e5 alla EMOD\u2122-kompatibla ryggs\u00e4ckar eller ramar<\/li>\n<li>MOLLE-kompatibel med dubbla snabbf\u00e4sten<\/li>\n<li>Perfekt f\u00f6r en extra v\u00e4tskebl\u00e5sa (passar 3L Source\u00ae) eller ytterligare utrustning<\/li>\n<\/ul>\n<\/div>\n","protected":false},"excerpt":{"rendered":"<p>Milit\u00e4rgr\u00f6n<\/p>\n","protected":false},"featured_media":265778,"comment_status":"open","ping_status":"closed","template":"","meta":[],"product_brand":[],"product_cat":[2565],"product_tag":[],"class_list":{"0":"post-285866","1":"product","2":"type-product","3":"status-publish","4":"has-post-thumbnail","6":"product_cat-jaktryggsackar","8":"first","9":"outofstock","10":"taxable","11":"shipping-taxable","12":"purchasable","13":"product-type-simple"},"composite_virtual":false,"composite_layout":"","composite_add_to_cart_form_location":"","composite_editable_in_cart":false,"composite_sold_individually_context":"","composite_shop_price_calc":"","composite_components":[],"composite_scenarios":[],"group_of_quantity":0,"min_quantity":0,"max_quantity":"","exclude_order_quantity_value_rules":"no","exclude_category_quantity_rules":"no","combine_variations":"no","exclude_global_add_ons":[],"addons":[],"_links":{"self":[{"href":"https:\/\/www.huntersfriend.eu\/sv\/wp-json\/wp\/v2\/product\/285866","targetHints":{"allow":["GET"]}}],"collection":[{"href":"https:\/\/www.huntersfriend.eu\/sv\/wp-json\/wp\/v2\/product"}],"about":[{"href":"https:\/\/www.huntersfriend.eu\/sv\/wp-json\/wp\/v2\/types\/product"}],"replies":[{"embeddable":true,"href":"https:\/\/www.huntersfriend.eu\/sv\/wp-json\/wp\/v2\/comments?post=285866"}],"wp:featuredmedia":[{"embeddable":true,"href":"https:\/\/www.huntersfriend.eu\/sv\/wp-json\/wp\/v2\/media\/265778"}],"wp:attachment":[{"href":"https:\/\/www.huntersfriend.eu\/sv\/wp-json\/wp\/v2\/media?parent=285866"}],"wp:term":[{"taxonomy":"product_brand","embeddable":true,"href":"https:\/\/www.huntersfriend.eu\/sv\/wp-json\/wp\/v2\/product_brand?post=285866"},{"taxonomy":"product_cat","embeddable":true,"href":"https:\/\/www.huntersfriend.eu\/sv\/wp-json\/wp\/v2\/product_cat?post=285866"},{"taxonomy":"product_tag","embeddable":true,"href":"https:\/\/www.huntersfriend.eu\/sv\/wp-json\/wp\/v2\/product_tag?post=285866"}],"curies":[{"name":"wp","href":"https:\/\/api.w.org\/{rel}","templated":true}]}}