{"id":285865,"date":"2024-03-14T11:42:01","date_gmt":"2024-03-14T09:42:01","guid":{"rendered":"https:\/\/www.huntersfriend.eu\/product\/eberlestock-viltpase-for-urbenat-kott\/"},"modified":"2025-08-26T11:25:16","modified_gmt":"2025-08-26T09:25:16","slug":"eberlestock-viltpase-for-urbenat-kott","status":"publish","type":"product","link":"https:\/\/www.huntersfriend.eu\/sv\/produkt\/eberlestock-viltpase-for-urbenat-kott\/","title":{"rendered":"Eberlestock viltp\u00e5se f\u00f6r urbenat k\u00f6tt"},"content":{"rendered":"<p><span style=\"font-weight: 400;\">EMOD-viltp\u00e5sarna f\u00f6r urbenat k\u00f6tt \u00e4r utformade f\u00f6r att skydda k\u00f6ttet fr\u00e5n alla element och samtidigt l\u00e5ta det svalna och torka snabbt. P\u00e5sen \u00e4r tillverkad av l\u00e4tta, ventilerande och slitstarka tyger som f\u00e5ngar upp lukt och inte g\u00e5r s\u00f6nder.  <\/span><\/p>\n<p><span style=\"font-weight: 400;\">L\u00e4tta v\u00e4vband hj\u00e4lper till att s\u00e4kra p\u00e5sen till v\u00e5rt EMOD-system.<\/span><\/p>\n<p>Eberlestock-viltp\u00e5sarna f\u00f6r urbenat k\u00f6tt finns i tv\u00e5 storlekar. B\u00e5de medium och large \u00e4r utformade f\u00f6r att passa perfekt mellan ramen och din ryggs\u00e4ck. <\/p>\n<p class=\"x_MsoNormal\">Urbent Medium: 46 cm H x 24 cm B x 15 cm D \u2013 85 g<\/p>\n<p class=\"x_MsoNormal\">Urbent Large: 56 cm H x 25 cm B x 20 cm D \u2013 113 g<\/p>\n","protected":false},"excerpt":{"rendered":"<p>EMOD-viltp\u00e5sarna f\u00f6r urbenat k\u00f6tt \u00e4r utformade f\u00f6r att skydda k\u00f6ttet fr\u00e5n alla element och samtidigt l\u00e5ta det svalna och torka snabbt. P\u00e5sen \u00e4r tillverkad av l\u00e4tta, ventilerande och slitstarka tyger som f\u00e5ngar upp lukt och inte g\u00e5r s\u00f6nder. L\u00e4tta v\u00e4vband hj\u00e4lper till att s\u00e4kra p\u00e5sen till v\u00e5rt EMOD-system. Eberlestock-viltp\u00e5sarna f\u00f6r urbenat k\u00f6tt finns i tv\u00e5 [&#8230;]\n","protected":false},"featured_media":265862,"comment_status":"open","ping_status":"closed","template":"","meta":[],"product_brand":[],"product_cat":[2565,2566],"product_tag":[],"class_list":{"0":"post-285865","1":"product","2":"type-product","3":"status-publish","4":"has-post-thumbnail","6":"product_cat-jaktryggsackar","7":"product_cat-jaktvaskor","9":"first","10":"outofstock","11":"taxable","12":"shipping-taxable","13":"purchasable","14":"product-type-variable"},"composite_virtual":false,"composite_layout":"","composite_add_to_cart_form_location":"","composite_editable_in_cart":false,"composite_sold_individually_context":"","composite_shop_price_calc":"","composite_components":[],"composite_scenarios":[],"group_of_quantity":0,"min_quantity":0,"max_quantity":"","exclude_order_quantity_value_rules":"no","exclude_category_quantity_rules":"no","combine_variations":"no","exclude_global_add_ons":[],"addons":[],"_links":{"self":[{"href":"https:\/\/www.huntersfriend.eu\/sv\/wp-json\/wp\/v2\/product\/285865","targetHints":{"allow":["GET"]}}],"collection":[{"href":"https:\/\/www.huntersfriend.eu\/sv\/wp-json\/wp\/v2\/product"}],"about":[{"href":"https:\/\/www.huntersfriend.eu\/sv\/wp-json\/wp\/v2\/types\/product"}],"replies":[{"embeddable":true,"href":"https:\/\/www.huntersfriend.eu\/sv\/wp-json\/wp\/v2\/comments?post=285865"}],"wp:featuredmedia":[{"embeddable":true,"href":"https:\/\/www.huntersfriend.eu\/sv\/wp-json\/wp\/v2\/media\/265862"}],"wp:attachment":[{"href":"https:\/\/www.huntersfriend.eu\/sv\/wp-json\/wp\/v2\/media?parent=285865"}],"wp:term":[{"taxonomy":"product_brand","embeddable":true,"href":"https:\/\/www.huntersfriend.eu\/sv\/wp-json\/wp\/v2\/product_brand?post=285865"},{"taxonomy":"product_cat","embeddable":true,"href":"https:\/\/www.huntersfriend.eu\/sv\/wp-json\/wp\/v2\/product_cat?post=285865"},{"taxonomy":"product_tag","embeddable":true,"href":"https:\/\/www.huntersfriend.eu\/sv\/wp-json\/wp\/v2\/product_tag?post=285865"}],"curies":[{"name":"wp","href":"https:\/\/api.w.org\/{rel}","templated":true}]}}