{"id":285862,"date":"2024-03-15T01:20:19","date_gmt":"2024-03-14T23:20:19","guid":{"rendered":"https:\/\/www.huntersfriend.eu\/product\/hme-4-1-viltkrok\/"},"modified":"2025-08-26T11:25:15","modified_gmt":"2025-08-26T09:25:15","slug":"hme-4-1-viltkrok","status":"publish","type":"product","link":"https:\/\/www.huntersfriend.eu\/sv\/produkt\/hme-4-1-viltkrok\/","title":{"rendered":"HME 4 : 1 viltkrok"},"content":{"rendered":"<p>Den h\u00e4r viltkroken g\u00f6r det l\u00e4ttare f\u00f6r en person att hissa upp sitt r\u00e5djur f\u00f6r reng\u00f6ring, fl\u00e5ning, styckning eller kylning. Vi har ocks\u00e5 lagt till en praktisk b\u00e4rv\u00e4ska. Den h\u00e4r v\u00e4skan hj\u00e4lper till att h\u00e5lla alla komponenter och rep fr\u00e5n att trassla ihop sig och \u00e4r perfekt f\u00f6r f\u00f6rvaring under l\u00e5gs\u00e4song.  <\/p>\n<ul>\n<li>Inkluderar: Viltkrok, trissystem, rep, b\u00e4rv\u00e4ska<\/li>\n<li>Klassad f\u00f6r 500 lbs.<\/li>\n<li>3\/8&#8243; kraftigt st\u00e5l<\/li>\n<li>Pulverlackerad olivf\u00e4rg<\/li>\n<li>Levereras med b\u00e4rv\u00e4ska<\/li>\n<\/ul>\n","protected":false},"excerpt":{"rendered":"<p>Den h\u00e4r viltkroken g\u00f6r det l\u00e4ttare f\u00f6r en person att hissa upp sitt r\u00e5djur f\u00f6r reng\u00f6ring, fl\u00e5ning, styckning eller kylning. Vi har ocks\u00e5 lagt till en praktisk b\u00e4rv\u00e4ska. Den h\u00e4r v\u00e4skan hj\u00e4lper till att h\u00e5lla alla komponenter och rep fr\u00e5n att trassla ihop sig och \u00e4r perfekt f\u00f6r f\u00f6rvaring under l\u00e5gs\u00e4song. Inkluderar: Viltkrok, trissystem, rep, [&#8230;]\n","protected":false},"featured_media":265771,"comment_status":"open","ping_status":"closed","template":"","meta":[],"product_brand":[],"product_cat":[2613,2620],"product_tag":[],"class_list":{"0":"post-285862","1":"product","2":"type-product","3":"status-publish","4":"has-post-thumbnail","6":"product_cat-barselar-vaskor-och-hissar-for-vilt","7":"product_cat-viltbearbetning","9":"first","10":"instock","11":"taxable","12":"shipping-taxable","13":"purchasable","14":"product-type-simple"},"composite_virtual":false,"composite_layout":"","composite_add_to_cart_form_location":"","composite_editable_in_cart":false,"composite_sold_individually_context":"","composite_shop_price_calc":"","composite_components":[],"composite_scenarios":[],"group_of_quantity":0,"min_quantity":0,"max_quantity":"","exclude_order_quantity_value_rules":"no","exclude_category_quantity_rules":"no","combine_variations":"no","exclude_global_add_ons":[],"addons":[],"_links":{"self":[{"href":"https:\/\/www.huntersfriend.eu\/sv\/wp-json\/wp\/v2\/product\/285862","targetHints":{"allow":["GET"]}}],"collection":[{"href":"https:\/\/www.huntersfriend.eu\/sv\/wp-json\/wp\/v2\/product"}],"about":[{"href":"https:\/\/www.huntersfriend.eu\/sv\/wp-json\/wp\/v2\/types\/product"}],"replies":[{"embeddable":true,"href":"https:\/\/www.huntersfriend.eu\/sv\/wp-json\/wp\/v2\/comments?post=285862"}],"wp:featuredmedia":[{"embeddable":true,"href":"https:\/\/www.huntersfriend.eu\/sv\/wp-json\/wp\/v2\/media\/265771"}],"wp:attachment":[{"href":"https:\/\/www.huntersfriend.eu\/sv\/wp-json\/wp\/v2\/media?parent=285862"}],"wp:term":[{"taxonomy":"product_brand","embeddable":true,"href":"https:\/\/www.huntersfriend.eu\/sv\/wp-json\/wp\/v2\/product_brand?post=285862"},{"taxonomy":"product_cat","embeddable":true,"href":"https:\/\/www.huntersfriend.eu\/sv\/wp-json\/wp\/v2\/product_cat?post=285862"},{"taxonomy":"product_tag","embeddable":true,"href":"https:\/\/www.huntersfriend.eu\/sv\/wp-json\/wp\/v2\/product_tag?post=285862"}],"curies":[{"name":"wp","href":"https:\/\/api.w.org\/{rel}","templated":true}]}}