{"id":285861,"date":"2024-03-14T11:35:16","date_gmt":"2024-03-14T09:35:16","guid":{"rendered":"https:\/\/www.huntersfriend.eu\/product\/eberlestock-emod-viltpase-for-fjardedelar\/"},"modified":"2025-10-18T05:29:42","modified_gmt":"2025-10-18T03:29:42","slug":"eberlestock-emod-viltpase-for-fjardedelar","status":"publish","type":"product","link":"https:\/\/www.huntersfriend.eu\/sv\/produkt\/eberlestock-emod-viltpase-for-fjardedelar\/","title":{"rendered":"Eberlestock EMOD viltp\u00e5se f\u00f6r fj\u00e4rdedelar"},"content":{"rendered":"<p>EMOD viltp\u00e5se f\u00f6r fj\u00e4rdedelar \u00e4r utformad f\u00f6r att skydda k\u00f6tt fr\u00e5n alla element, vilket g\u00f6r att det kan svalna och torka snabbt. P\u00e5sen \u00e4r tillverkad av l\u00e4tta, ventilerande och slitstarka tyger som f\u00e5ngar upp lukt och inte g\u00e5r s\u00f6nder. <\/p>\n<p>L\u00e4tta v\u00e4vband hj\u00e4lper till att f\u00e4sta p\u00e5sen p\u00e5 v\u00e5rt EMOD-system.<\/p>\n<p>Eberlestock EMOD viltp\u00e5sar f\u00f6r fj\u00e4rdedelar finns i tv\u00e5 storlekar f\u00f6r att t\u00e4cka alla typer av vilt och packningsscenarier. B\u00e5de de medelstora och stora p\u00e5sarna s\u00e4ljs i set om 2 och levereras i en medf\u00f6ljande packp\u00e5se. <\/p>\n<p class=\"x_MsoNormal\">Fj\u00e4rdedelsp\u00e5se Medium: 81 cm H x 51 cm B x 10 cm D &#8211; 227 g totalt f\u00f6r set<\/p>\n<p class=\"x_MsoNormal\">Fj\u00e4rdedelsp\u00e5se Stor: 107 cm H x 61 cm B x 10 cm D &#8211; 298 g totalt f\u00f6r set<\/p>\n","protected":false},"excerpt":{"rendered":"<p>EMOD viltp\u00e5se f\u00f6r fj\u00e4rdedelar \u00e4r utformad f\u00f6r att skydda k\u00f6tt fr\u00e5n alla element, vilket g\u00f6r att det kan svalna och torka snabbt. P\u00e5sen \u00e4r tillverkad av l\u00e4tta, ventilerande och slitstarka tyger som f\u00e5ngar upp lukt och inte g\u00e5r s\u00f6nder. L\u00e4tta v\u00e4vband hj\u00e4lper till att f\u00e4sta p\u00e5sen p\u00e5 v\u00e5rt EMOD-system. Eberlestock EMOD viltp\u00e5sar f\u00f6r fj\u00e4rdedelar finns [&#8230;]\n","protected":false},"featured_media":265846,"comment_status":"open","ping_status":"closed","template":"","meta":[],"product_brand":[],"product_cat":[2565,2566],"product_tag":[],"class_list":{"0":"post-285861","1":"product","2":"type-product","3":"status-publish","4":"has-post-thumbnail","6":"product_cat-jaktryggsackar","7":"product_cat-jaktvaskor","9":"first","10":"instock","11":"taxable","12":"shipping-taxable","13":"purchasable","14":"product-type-variable"},"composite_virtual":false,"composite_layout":"","composite_add_to_cart_form_location":"","composite_editable_in_cart":false,"composite_sold_individually_context":"","composite_shop_price_calc":"","composite_components":[],"composite_scenarios":[],"group_of_quantity":0,"min_quantity":0,"max_quantity":"","exclude_order_quantity_value_rules":"no","exclude_category_quantity_rules":"no","combine_variations":"no","exclude_global_add_ons":[],"addons":[],"_links":{"self":[{"href":"https:\/\/www.huntersfriend.eu\/sv\/wp-json\/wp\/v2\/product\/285861","targetHints":{"allow":["GET"]}}],"collection":[{"href":"https:\/\/www.huntersfriend.eu\/sv\/wp-json\/wp\/v2\/product"}],"about":[{"href":"https:\/\/www.huntersfriend.eu\/sv\/wp-json\/wp\/v2\/types\/product"}],"replies":[{"embeddable":true,"href":"https:\/\/www.huntersfriend.eu\/sv\/wp-json\/wp\/v2\/comments?post=285861"}],"wp:featuredmedia":[{"embeddable":true,"href":"https:\/\/www.huntersfriend.eu\/sv\/wp-json\/wp\/v2\/media\/265846"}],"wp:attachment":[{"href":"https:\/\/www.huntersfriend.eu\/sv\/wp-json\/wp\/v2\/media?parent=285861"}],"wp:term":[{"taxonomy":"product_brand","embeddable":true,"href":"https:\/\/www.huntersfriend.eu\/sv\/wp-json\/wp\/v2\/product_brand?post=285861"},{"taxonomy":"product_cat","embeddable":true,"href":"https:\/\/www.huntersfriend.eu\/sv\/wp-json\/wp\/v2\/product_cat?post=285861"},{"taxonomy":"product_tag","embeddable":true,"href":"https:\/\/www.huntersfriend.eu\/sv\/wp-json\/wp\/v2\/product_tag?post=285861"}],"curies":[{"name":"wp","href":"https:\/\/api.w.org\/{rel}","templated":true}]}}