{"id":285855,"date":"2024-03-15T01:14:19","date_gmt":"2024-03-14T23:14:19","guid":{"rendered":"https:\/\/www.huntersfriend.eu\/product\/hme-rovhalsborttagare\/"},"modified":"2025-08-26T11:25:11","modified_gmt":"2025-08-26T09:25:11","slug":"hme-rovhalsborttagare","status":"publish","type":"product","link":"https:\/\/www.huntersfriend.eu\/sv\/produkt\/hme-rovhalsborttagare\/","title":{"rendered":"HME r\u00f6vh\u00e5lsborttagare"},"content":{"rendered":"<p>F\u00f6r anv\u00e4ndning p\u00e5 vilt av hjortstorlek eller st\u00f6rre. Detta \u00e4r exakt vad namnet antyder. F\u00f6r in enheten, vrid, kanske n\u00e5gra snitt, och f\u00e5 det d\u00e4r ot\u00e4cka jobbet gjort snabbt och rent.  <\/p>\n<p>Ett m\u00e5ste-ha-objekt f\u00f6r den seri\u00f6sa j\u00e4garen.<\/p>\n","protected":false},"excerpt":{"rendered":"<p>F\u00f6r anv\u00e4ndning p\u00e5 vilt av hjortstorlek eller st\u00f6rre. Detta \u00e4r exakt vad namnet antyder. F\u00f6r in enheten, vrid, kanske n\u00e5gra snitt, och f\u00e5 det d\u00e4r ot\u00e4cka jobbet gjort snabbt och rent. Ett m\u00e5ste-ha-objekt f\u00f6r den seri\u00f6sa j\u00e4garen.<\/p>\n","protected":false},"featured_media":265775,"comment_status":"open","ping_status":"closed","template":"","meta":[],"product_brand":[],"product_cat":[2721,2620],"product_tag":[],"class_list":{"0":"post-285855","1":"product","2":"type-product","3":"status-publish","4":"has-post-thumbnail","6":"product_cat-hantering-och-bearbetning-av-vilt","7":"product_cat-viltbearbetning","9":"first","10":"instock","11":"taxable","12":"shipping-taxable","13":"purchasable","14":"product-type-simple"},"composite_virtual":false,"composite_layout":"","composite_add_to_cart_form_location":"","composite_editable_in_cart":false,"composite_sold_individually_context":"","composite_shop_price_calc":"","composite_components":[],"composite_scenarios":[],"group_of_quantity":0,"min_quantity":0,"max_quantity":"","exclude_order_quantity_value_rules":"no","exclude_category_quantity_rules":"no","combine_variations":"no","exclude_global_add_ons":[],"addons":[],"_links":{"self":[{"href":"https:\/\/www.huntersfriend.eu\/sv\/wp-json\/wp\/v2\/product\/285855","targetHints":{"allow":["GET"]}}],"collection":[{"href":"https:\/\/www.huntersfriend.eu\/sv\/wp-json\/wp\/v2\/product"}],"about":[{"href":"https:\/\/www.huntersfriend.eu\/sv\/wp-json\/wp\/v2\/types\/product"}],"replies":[{"embeddable":true,"href":"https:\/\/www.huntersfriend.eu\/sv\/wp-json\/wp\/v2\/comments?post=285855"}],"wp:featuredmedia":[{"embeddable":true,"href":"https:\/\/www.huntersfriend.eu\/sv\/wp-json\/wp\/v2\/media\/265775"}],"wp:attachment":[{"href":"https:\/\/www.huntersfriend.eu\/sv\/wp-json\/wp\/v2\/media?parent=285855"}],"wp:term":[{"taxonomy":"product_brand","embeddable":true,"href":"https:\/\/www.huntersfriend.eu\/sv\/wp-json\/wp\/v2\/product_brand?post=285855"},{"taxonomy":"product_cat","embeddable":true,"href":"https:\/\/www.huntersfriend.eu\/sv\/wp-json\/wp\/v2\/product_cat?post=285855"},{"taxonomy":"product_tag","embeddable":true,"href":"https:\/\/www.huntersfriend.eu\/sv\/wp-json\/wp\/v2\/product_tag?post=285855"}],"curies":[{"name":"wp","href":"https:\/\/api.w.org\/{rel}","templated":true}]}}