{"id":285853,"date":"2025-03-20T10:16:42","date_gmt":"2025-03-20T08:16:42","guid":{"rendered":"https:\/\/www.huntersfriend.eu\/product\/boss-buck-econ-feeder-kit-motor-spridare\/"},"modified":"2025-09-25T12:34:50","modified_gmt":"2025-09-25T10:34:50","slug":"boss-buck-econ-feeder-kit-motor-spridare","status":"publish","type":"product","link":"https:\/\/www.huntersfriend.eu\/sv\/produkt\/boss-buck-econ-feeder-kit-motor-spridare\/","title":{"rendered":"Boss Buck econ feeder Kit motor &amp; spridare"},"content":{"rendered":"<p class=\"\" data-start=\"0\" data-end=\"66\"><strong data-start=\"0\" data-end=\"66\">Boss Buck econ feeder spridare \u2013 perfekt f\u00f6r sm\u00e5 utfodringsomr\u00e5den<\/strong><\/p>\n<p class=\"\" data-start=\"68\" data-end=\"315\"><strong data-start=\"72\" data-end=\"106\">Boss Buck Econ Feeder Spreader<\/strong> \u00e4r utformad f\u00f6r sm\u00e5 utfodringsomr\u00e5den, till exempel f\u00f6r viltf\u00e5glar eller sm\u00e5 d\u00e4ggdjur som kaniner. Den h\u00e4r spridaren sparar tid, anstr\u00e4ngning och pengar genom att portionera ut r\u00e4tt m\u00e4ngd mat vid r\u00e4tt tidpunkt f\u00f6r djuren. <\/p>\n<p class=\"\" data-start=\"317\" data-end=\"556\"><strong data-start=\"321\" data-end=\"355\">Boss Buck Econ Feeder Spreader<\/strong> f\u00e4sts p\u00e5 valfri beh\u00e5llare med lock med hj\u00e4lp av den medf\u00f6ljande monteringsutrustningen. Ett h\u00e5l m\u00e5ste borras i beh\u00e5llaren f\u00f6r att rymma enhetens tratt f\u00f6r spannm\u00e5l, vilket g\u00f6r att maten kan fl\u00f6da till spridaren. <\/p>\n<p class=\"\" data-start=\"558\" data-end=\"749\"><strong data-start=\"562\" data-end=\"596\">Boss Buck Econ Feeder Spreader<\/strong> kan programmeras f\u00f6r att sprida mat 1\u20134 g\u00e5nger per dag i 1\u201330 sekunder per spridning. Maten sprids \u00f6ver ett 360-graders omr\u00e5de runt spridaren. <\/p>\n<p class=\"\" data-start=\"751\" data-end=\"1066\">Fodermaskinen drivs med fyra alkaliska AA-batterier (ing\u00e5r ej) och kan \u00e4ven anslutas till en extern 6V-str\u00f6mk\u00e4lla (s\u00e4ljs separat). Anslutningen g\u00f6rs med en Wildgame 6V-kabel, och du kan \u00e4ven ansluta den till en Wildgame 6V Edrenaline-solpanel. Ett 6V\/4,5Ah-batteri kan anv\u00e4ndas som en reservstr\u00f6mk\u00e4lla.  <\/p>\n<p class=\"\" data-start=\"1068\" data-end=\"1081\"><strong data-start=\"1068\" data-end=\"1081\">I korthet:<\/strong><\/p>\n<ul data-start=\"1082\" data-end=\"1259\" data-is-last-node=\"\" data-is-only-node=\"\">\n<li class=\"\" data-start=\"1082\" data-end=\"1129\">\n<p class=\"\" data-start=\"1084\" data-end=\"1129\">Programmerbar matspridning 1\u20134 g\u00e5nger\/dag.<\/p>\n<\/li>\n<li class=\"\" data-start=\"1130\" data-end=\"1177\">\n<p class=\"\" data-start=\"1132\" data-end=\"1177\">Justerbar spridningstid p\u00e5 1\u201330 sekunder.<\/p>\n<\/li>\n<li class=\"\" data-start=\"1178\" data-end=\"1223\">\n<p class=\"\" data-start=\"1180\" data-end=\"1223\">360-graders matspridning runt spridaren.<\/p>\n<\/li>\n<li class=\"\" data-start=\"1224\" data-end=\"1238\">\n<p class=\"\" data-start=\"1226\" data-end=\"1238\">Svart f\u00e4rg.<\/p>\n<\/li>\n<li class=\"\" data-start=\"1239\" data-end=\"1259\">\n<p class=\"\" data-start=\"1241\" data-end=\"1259\">Vikt: 590 gram.<\/p>\n<\/li>\n<\/ul>\n","protected":false},"excerpt":{"rendered":"<p>Boss Buck econ feeder spridare \u2013 perfekt f\u00f6r sm\u00e5 utfodringsomr\u00e5den Boss Buck Econ Feeder Spreader \u00e4r utformad f\u00f6r sm\u00e5 utfodringsomr\u00e5den, till exempel f\u00f6r viltf\u00e5glar eller sm\u00e5 d\u00e4ggdjur som kaniner. Den h\u00e4r spridaren sparar tid, anstr\u00e4ngning och pengar genom att portionera ut r\u00e4tt m\u00e4ngd mat vid r\u00e4tt tidpunkt f\u00f6r djuren. Boss Buck Econ Feeder Spreader f\u00e4sts [&#8230;]\n","protected":false},"featured_media":277981,"comment_status":"open","ping_status":"closed","template":"","meta":[],"product_brand":[],"product_cat":[2719,2628],"product_tag":[],"class_list":{"0":"post-285853","1":"product","2":"type-product","3":"status-publish","4":"has-post-thumbnail","6":"product_cat-matare","7":"product_cat-tillbehor-till-foderautomater","9":"first","10":"outofstock","11":"taxable","12":"shipping-taxable","13":"purchasable","14":"product-type-simple"},"composite_virtual":false,"composite_layout":"","composite_add_to_cart_form_location":"","composite_editable_in_cart":false,"composite_sold_individually_context":"","composite_shop_price_calc":"","composite_components":[],"composite_scenarios":[],"group_of_quantity":0,"min_quantity":0,"max_quantity":"","exclude_order_quantity_value_rules":"no","exclude_category_quantity_rules":"no","combine_variations":"no","exclude_global_add_ons":[],"addons":[],"_links":{"self":[{"href":"https:\/\/www.huntersfriend.eu\/sv\/wp-json\/wp\/v2\/product\/285853","targetHints":{"allow":["GET"]}}],"collection":[{"href":"https:\/\/www.huntersfriend.eu\/sv\/wp-json\/wp\/v2\/product"}],"about":[{"href":"https:\/\/www.huntersfriend.eu\/sv\/wp-json\/wp\/v2\/types\/product"}],"replies":[{"embeddable":true,"href":"https:\/\/www.huntersfriend.eu\/sv\/wp-json\/wp\/v2\/comments?post=285853"}],"wp:featuredmedia":[{"embeddable":true,"href":"https:\/\/www.huntersfriend.eu\/sv\/wp-json\/wp\/v2\/media\/277981"}],"wp:attachment":[{"href":"https:\/\/www.huntersfriend.eu\/sv\/wp-json\/wp\/v2\/media?parent=285853"}],"wp:term":[{"taxonomy":"product_brand","embeddable":true,"href":"https:\/\/www.huntersfriend.eu\/sv\/wp-json\/wp\/v2\/product_brand?post=285853"},{"taxonomy":"product_cat","embeddable":true,"href":"https:\/\/www.huntersfriend.eu\/sv\/wp-json\/wp\/v2\/product_cat?post=285853"},{"taxonomy":"product_tag","embeddable":true,"href":"https:\/\/www.huntersfriend.eu\/sv\/wp-json\/wp\/v2\/product_tag?post=285853"}],"curies":[{"name":"wp","href":"https:\/\/api.w.org\/{rel}","templated":true}]}}