{"id":285852,"date":"2025-03-20T10:16:42","date_gmt":"2025-03-20T08:16:42","guid":{"rendered":"https:\/\/www.huntersfriend.eu\/product\/boss-buck-5g-hopper-automatisk-hackningsautomat\/"},"modified":"2025-08-26T10:47:55","modified_gmt":"2025-08-26T08:47:55","slug":"boss-buck-5g-hopper-automatisk-hackningsautomat","status":"publish","type":"product","link":"https:\/\/www.huntersfriend.eu\/sv\/produkt\/boss-buck-5g-hopper-automatisk-hackningsautomat\/","title":{"rendered":"Boss Buck 5G Hopper automatisk h\u00e4ckningsautomat"},"content":{"rendered":"<p class=\"\" data-start=\"0\" data-end=\"75\"><strong data-start=\"0\" data-end=\"75\">Boss Buck 5G Hopper Feeder \u2013 Bekv\u00e4m l\u00f6sning f\u00f6r sm\u00e5viltmatare<\/strong><\/p>\n<p class=\"\" data-start=\"77\" data-end=\"331\"><strong data-start=\"81\" data-end=\"111\">Boss Buck 5G Hopper Feeder<\/strong> \u00e4r en bekv\u00e4m l\u00f6sning f\u00f6r sm\u00e5viltmatare som vill spara tid, anstr\u00e4ngning och pengar. Produkten best\u00e5r av en hopf\u00e4llbar spannm\u00e5lsbeh\u00e5llare med lock och en m\u00e5ngsidig distributionsenhet. Den \u00e4r mycket enkel att transportera och f\u00f6rvara.  <\/p>\n<p class=\"\" data-start=\"333\" data-end=\"547\"><strong data-start=\"337\" data-end=\"367\">Boss Buck 5G Hopper Feeder<\/strong> har en kapacitet p\u00e5 18,9 liter och distributionsenheten \u00e4r justerbar. Du kan st\u00e4lla in enheten s\u00e5 att den distribuerar mat fr\u00e5n 1 till 16 g\u00e5nger per dag, i 1 till 30 sekunder per distribution. <\/p>\n<p class=\"\" data-start=\"549\" data-end=\"866\">Mataren drivs med fyra AA alkaliska batterier (ing\u00e5r ej i paketet) och kan \u00e4ven anslutas till en 6V extern str\u00f6mk\u00e4lla. F\u00f6r reservkraft \u00e4r ett 6V\/4,5Ah batteri l\u00e4mpligt. <\/p>\n<p class=\"\" data-start=\"868\" data-end=\"881\"><strong data-start=\"868\" data-end=\"881\">I korthet:<\/strong><\/p>\n<ul data-start=\"882\" data-end=\"1121\" data-is-last-node=\"\" data-is-only-node=\"\">\n<li class=\"\" data-start=\"882\" data-end=\"926\">\n<p class=\"\" data-start=\"884\" data-end=\"926\">Hopf\u00e4llbar matare med distributionsenhet.<\/p>\n<\/li>\n<li class=\"\" data-start=\"927\" data-end=\"953\">\n<p class=\"\" data-start=\"929\" data-end=\"953\">Kapacitet p\u00e5 18,9 liter.<\/p>\n<\/li>\n<li class=\"\" data-start=\"954\" data-end=\"995\">\n<p class=\"\" data-start=\"956\" data-end=\"995\">Programmerbar f\u00f6r 1-16 matningar per dag.<\/p>\n<\/li>\n<li class=\"\" data-start=\"996\" data-end=\"1057\">\n<p class=\"\" data-start=\"998\" data-end=\"1057\">Justerbar f\u00f6r att distribuera mat i 1-30 sekunder per matning.<\/p>\n<\/li>\n<li class=\"\" data-start=\"1058\" data-end=\"1103\">\n<p class=\"\" data-start=\"1060\" data-end=\"1103\">Paketstorlek: 32,5 cm x 32,1 cm x 21,69 cm.<\/p>\n<\/li>\n<li class=\"\" data-start=\"1104\" data-end=\"1121\">\n<p class=\"\" data-start=\"1106\" data-end=\"1121\">Vikt: 2,7 kg.<\/p>\n<\/li>\n<\/ul>\n","protected":false},"excerpt":{"rendered":"<p>Boss Buck 5G Hopper Feeder \u2013 Bekv\u00e4m l\u00f6sning f\u00f6r sm\u00e5viltmatare Boss Buck 5G Hopper Feeder \u00e4r en bekv\u00e4m l\u00f6sning f\u00f6r sm\u00e5viltmatare som vill spara tid, anstr\u00e4ngning och pengar. Produkten best\u00e5r av en hopf\u00e4llbar spannm\u00e5lsbeh\u00e5llare med lock och en m\u00e5ngsidig distributionsenhet. Den \u00e4r mycket enkel att transportera och f\u00f6rvara. Boss Buck 5G Hopper Feeder har en [&#8230;]\n","protected":false},"featured_media":277975,"comment_status":"open","ping_status":"closed","template":"","meta":[],"product_brand":[],"product_cat":[2719,2628],"product_tag":[],"class_list":{"0":"post-285852","1":"product","2":"type-product","3":"status-publish","4":"has-post-thumbnail","6":"product_cat-matare","7":"product_cat-tillbehor-till-foderautomater","8":"product_shipping_class-medium-sv","10":"first","11":"outofstock","12":"taxable","13":"shipping-taxable","14":"purchasable","15":"product-type-simple"},"composite_virtual":false,"composite_layout":"","composite_add_to_cart_form_location":"","composite_editable_in_cart":false,"composite_sold_individually_context":"","composite_shop_price_calc":"","composite_components":[],"composite_scenarios":[],"group_of_quantity":0,"min_quantity":0,"max_quantity":"","exclude_order_quantity_value_rules":"no","exclude_category_quantity_rules":"no","combine_variations":"no","exclude_global_add_ons":[],"addons":[],"_links":{"self":[{"href":"https:\/\/www.huntersfriend.eu\/sv\/wp-json\/wp\/v2\/product\/285852","targetHints":{"allow":["GET"]}}],"collection":[{"href":"https:\/\/www.huntersfriend.eu\/sv\/wp-json\/wp\/v2\/product"}],"about":[{"href":"https:\/\/www.huntersfriend.eu\/sv\/wp-json\/wp\/v2\/types\/product"}],"replies":[{"embeddable":true,"href":"https:\/\/www.huntersfriend.eu\/sv\/wp-json\/wp\/v2\/comments?post=285852"}],"wp:featuredmedia":[{"embeddable":true,"href":"https:\/\/www.huntersfriend.eu\/sv\/wp-json\/wp\/v2\/media\/277975"}],"wp:attachment":[{"href":"https:\/\/www.huntersfriend.eu\/sv\/wp-json\/wp\/v2\/media?parent=285852"}],"wp:term":[{"taxonomy":"product_brand","embeddable":true,"href":"https:\/\/www.huntersfriend.eu\/sv\/wp-json\/wp\/v2\/product_brand?post=285852"},{"taxonomy":"product_cat","embeddable":true,"href":"https:\/\/www.huntersfriend.eu\/sv\/wp-json\/wp\/v2\/product_cat?post=285852"},{"taxonomy":"product_tag","embeddable":true,"href":"https:\/\/www.huntersfriend.eu\/sv\/wp-json\/wp\/v2\/product_tag?post=285852"}],"curies":[{"name":"wp","href":"https:\/\/api.w.org\/{rel}","templated":true}]}}