{"id":285851,"date":"2025-03-20T10:16:38","date_gmt":"2025-03-20T08:16:38","guid":{"rendered":"https:\/\/www.huntersfriend.eu\/product\/shootnc-3-tums-bulls-eye-mal\/"},"modified":"2025-08-26T10:47:54","modified_gmt":"2025-08-26T08:47:54","slug":"shootnc-3-tums-bulls-eye-mal","status":"publish","type":"product","link":"https:\/\/www.huntersfriend.eu\/sv\/produkt\/shootnc-3-tums-bulls-eye-mal\/","title":{"rendered":"Shoot\u2022n\u2022c\u00ae 3-tums Bulls-eye-m\u00e5l"},"content":{"rendered":"<p>De h\u00e4r m\u00e5len \u00e4r perfekta f\u00f6r skytte p\u00e5 n\u00e4ra h\u00e5ll med luftvapen och precisionsskytte med .22-kalibriga kantant\u00e4nda vapen eller centralant\u00e4nda vapen. Anv\u00e4nd de sj\u00e4lvh\u00e4ftande bull\u2019s-eye-m\u00e5len f\u00f6r att designa ditt eget anpassade m\u00e5lark. <\/p>\n<p>reaktivt m\u00e5l, 3&#8243;, 48 m\u00e5l + 120 klisterm\u00e4rken<\/p>\n<h6 class=\"O0\">Viktiga funktioner<\/h6>\n<ul>\n<li>Kulan avsl\u00f6jas med ljusa chartreuse-ringar<\/li>\n<li>Sj\u00e4lvh\u00e4ftande baksida g\u00f6r m\u00e5len enkla att s\u00e4tta upp<\/li>\n<li>Inkluderar reparationslappar f\u00f6r att f\u00f6rl\u00e4nga m\u00e5lets livsl\u00e4ngd<\/li>\n<li>Perfekt f\u00f6r anv\u00e4ndning inomhus eller utomhus och i svagt ljus<\/li>\n<\/ul>\n","protected":false},"excerpt":{"rendered":"<p>48-pack<\/p>\n","protected":false},"featured_media":277970,"comment_status":"open","ping_status":"closed","template":"","meta":[],"product_brand":[],"product_cat":[2559],"product_tag":[],"class_list":{"0":"post-285851","1":"product","2":"type-product","3":"status-publish","4":"has-post-thumbnail","6":"product_cat-maltavlor","8":"first","9":"instock","10":"taxable","11":"shipping-taxable","12":"purchasable","13":"product-type-simple"},"composite_virtual":false,"composite_layout":"","composite_add_to_cart_form_location":"","composite_editable_in_cart":false,"composite_sold_individually_context":"","composite_shop_price_calc":"","composite_components":[],"composite_scenarios":[],"group_of_quantity":0,"min_quantity":0,"max_quantity":"","exclude_order_quantity_value_rules":"no","exclude_category_quantity_rules":"no","combine_variations":"no","exclude_global_add_ons":[],"addons":[],"_links":{"self":[{"href":"https:\/\/www.huntersfriend.eu\/sv\/wp-json\/wp\/v2\/product\/285851","targetHints":{"allow":["GET"]}}],"collection":[{"href":"https:\/\/www.huntersfriend.eu\/sv\/wp-json\/wp\/v2\/product"}],"about":[{"href":"https:\/\/www.huntersfriend.eu\/sv\/wp-json\/wp\/v2\/types\/product"}],"replies":[{"embeddable":true,"href":"https:\/\/www.huntersfriend.eu\/sv\/wp-json\/wp\/v2\/comments?post=285851"}],"wp:featuredmedia":[{"embeddable":true,"href":"https:\/\/www.huntersfriend.eu\/sv\/wp-json\/wp\/v2\/media\/277970"}],"wp:attachment":[{"href":"https:\/\/www.huntersfriend.eu\/sv\/wp-json\/wp\/v2\/media?parent=285851"}],"wp:term":[{"taxonomy":"product_brand","embeddable":true,"href":"https:\/\/www.huntersfriend.eu\/sv\/wp-json\/wp\/v2\/product_brand?post=285851"},{"taxonomy":"product_cat","embeddable":true,"href":"https:\/\/www.huntersfriend.eu\/sv\/wp-json\/wp\/v2\/product_cat?post=285851"},{"taxonomy":"product_tag","embeddable":true,"href":"https:\/\/www.huntersfriend.eu\/sv\/wp-json\/wp\/v2\/product_tag?post=285851"}],"curies":[{"name":"wp","href":"https:\/\/api.w.org\/{rel}","templated":true}]}}