{"id":285850,"date":"2025-03-20T10:16:38","date_gmt":"2025-03-20T08:16:38","guid":{"rendered":"https:\/\/www.huntersfriend.eu\/product\/shootnc-12-tums-inskjutningstavlor-5-st\/"},"modified":"2026-02-26T15:20:08","modified_gmt":"2026-02-26T13:20:08","slug":"shootnc-12-tums-inskjutningstavlor-5-st","status":"publish","type":"product","link":"https:\/\/www.huntersfriend.eu\/sv\/produkt\/shootnc-12-tums-inskjutningstavlor-5-st\/","title":{"rendered":"Shoot\u2022n\u2022c\u00ae 12-tums inskjutningstavlor \u2013 5 st"},"content":{"rendered":"<p class=\"O0\">F\u00e5nga samma Shoot\u2022N\u2022C\u00ae-upplevelse i vitt och svart. Kontrasten mellan vitt och svart g\u00f6r den till en utm\u00e4rkt tavla f\u00f6r inomhusbruk. Den svarta \u201cglorian\u201d syns tydligt p\u00e5 m\u00e5nga avst\u00e5nd. Vid anv\u00e4ndning inomhus eller utomhus g\u00f6r de vita och svarta f\u00e4rgerna det mycket enkelt att se dina h\u00e5rkors och \u00f6ppna riktmedel. Och gl\u00f6m inte att varje tavla levereras med v\u00e4rdefulla reparationslappar f\u00f6r att f\u00f6rl\u00e4nga tavlans livsl\u00e4ngd genom att reparera kulh\u00e5l eller som extra siktpunkter.    <\/p>\n<h6 class=\"O0\" role=\"heading\" data-uw-rm-heading=\"level\" aria-level=\"3\">Viktiga funktioner<\/h6>\n<ul>\n<li>Kulh\u00e5l avsl\u00f6jas med en svart ring<\/li>\n<li>Sj\u00e4lvh\u00e4ftande baksida g\u00f6r tavlorna enkla att s\u00e4tta upp<\/li>\n<li>Perfekt f\u00f6r anv\u00e4ndning inomhus eller utomhus och i svagt ljus<\/li>\n<li>Inkluderar 55+ reparationslappar f\u00f6r att f\u00f6rl\u00e4nga tavlans livsl\u00e4ngd<\/li>\n<\/ul>\n","protected":false},"excerpt":{"rendered":"<p>F\u00e5nga samma Shoot\u2022N\u2022C\u00ae-upplevelse i vitt och svart. Kontrasten mellan vitt och svart g\u00f6r den till en utm\u00e4rkt tavla f\u00f6r inomhusbruk. Den svarta \u201cglorian\u201d syns tydligt p\u00e5 m\u00e5nga avst\u00e5nd. Vid anv\u00e4ndning inomhus eller utomhus g\u00f6r de vita och svarta f\u00e4rgerna det mycket enkelt att se dina h\u00e5rkors och \u00f6ppna riktmedel. Och gl\u00f6m inte att varje tavla [&#8230;]\n","protected":false},"featured_media":277949,"comment_status":"open","ping_status":"closed","template":"","meta":[],"product_brand":[],"product_cat":[2559],"product_tag":[],"class_list":{"0":"post-285850","1":"product","2":"type-product","3":"status-publish","4":"has-post-thumbnail","6":"product_cat-maltavlor","8":"first","9":"outofstock","10":"taxable","11":"shipping-taxable","12":"purchasable","13":"product-type-simple"},"composite_virtual":false,"composite_layout":"","composite_add_to_cart_form_location":"","composite_editable_in_cart":false,"composite_sold_individually_context":"","composite_shop_price_calc":"","composite_components":[],"composite_scenarios":[],"group_of_quantity":0,"min_quantity":0,"max_quantity":"","exclude_order_quantity_value_rules":"no","exclude_category_quantity_rules":"no","combine_variations":"no","exclude_global_add_ons":[],"addons":[],"_links":{"self":[{"href":"https:\/\/www.huntersfriend.eu\/sv\/wp-json\/wp\/v2\/product\/285850","targetHints":{"allow":["GET"]}}],"collection":[{"href":"https:\/\/www.huntersfriend.eu\/sv\/wp-json\/wp\/v2\/product"}],"about":[{"href":"https:\/\/www.huntersfriend.eu\/sv\/wp-json\/wp\/v2\/types\/product"}],"replies":[{"embeddable":true,"href":"https:\/\/www.huntersfriend.eu\/sv\/wp-json\/wp\/v2\/comments?post=285850"}],"wp:featuredmedia":[{"embeddable":true,"href":"https:\/\/www.huntersfriend.eu\/sv\/wp-json\/wp\/v2\/media\/277949"}],"wp:attachment":[{"href":"https:\/\/www.huntersfriend.eu\/sv\/wp-json\/wp\/v2\/media?parent=285850"}],"wp:term":[{"taxonomy":"product_brand","embeddable":true,"href":"https:\/\/www.huntersfriend.eu\/sv\/wp-json\/wp\/v2\/product_brand?post=285850"},{"taxonomy":"product_cat","embeddable":true,"href":"https:\/\/www.huntersfriend.eu\/sv\/wp-json\/wp\/v2\/product_cat?post=285850"},{"taxonomy":"product_tag","embeddable":true,"href":"https:\/\/www.huntersfriend.eu\/sv\/wp-json\/wp\/v2\/product_tag?post=285850"}],"curies":[{"name":"wp","href":"https:\/\/api.w.org\/{rel}","templated":true}]}}