{"id":285848,"date":"2025-03-20T10:22:13","date_gmt":"2025-03-20T08:22:13","guid":{"rendered":"https:\/\/www.huntersfriend.eu\/product\/shootnc-12-tum-vit-svart-x-bulls-eye\/"},"modified":"2025-08-26T10:47:51","modified_gmt":"2025-08-26T08:47:51","slug":"shootnc-12-tum-vit-svart-x-bulls-eye","status":"publish","type":"product","link":"https:\/\/www.huntersfriend.eu\/sv\/produkt\/shootnc-12-tum-vit-svart-x-bulls-eye\/","title":{"rendered":"Shoot\u2022n\u2022c\u00ae 12 tum Vit\/svart x bull&#8217;s-eye"},"content":{"rendered":"<p class=\"O0\">F\u00e5nga samma Shoot\u2022N\u2022C\u00ae-upplevelse i vitt och svart. Kontrasten mellan vitt och svart g\u00f6r det till en utm\u00e4rkt m\u00e5ltavla inomhus. Den svarta \u201chalon\u201d syns l\u00e4tt p\u00e5 m\u00e5nga avst\u00e5nd. N\u00e4r de anv\u00e4nds inomhus eller utomhus g\u00f6r de vita och svarta f\u00e4rgerna det mycket enkelt att se dina h\u00e5rkors och \u00f6ppna riktmedel. De extra stolparna p\u00e5 12-tumsm\u00e5len ger bra referenspunkter f\u00f6r h\u00e5rkorset. Och gl\u00f6m inte att varje m\u00e5l kommer med v\u00e4rdefulla reparationspl\u00e5ster f\u00f6r att f\u00f6rl\u00e4nga m\u00e5lets livsl\u00e4ngd genom att reparera kulh\u00e5l eller som extra siktpunkter. Perfekt f\u00f6r alla skjutvapen och kalibrar.      <\/p>\n<ul>\n<li>Kulh\u00e5l avsl\u00f6jas med en svart ring<\/li>\n<li>Sj\u00e4lvh\u00e4ftande baksida g\u00f6r m\u00e5ltavlorna l\u00e4tta att s\u00e4tta upp<\/li>\n<li>Perfekt f\u00f6r anv\u00e4ndning inomhus eller utomhus och i svagt ljus<\/li>\n<li>Inkluderar reparationspl\u00e5ster f\u00f6r att f\u00f6rl\u00e4nga m\u00e5ltavlans livsl\u00e4ngd<\/li>\n<\/ul>\n","protected":false},"excerpt":{"rendered":"<p>F\u00e5nga samma Shoot\u2022N\u2022C\u00ae-upplevelse i vitt och svart. Kontrasten mellan vitt och svart g\u00f6r det till en utm\u00e4rkt m\u00e5ltavla inomhus. Den svarta \u201chalon\u201d syns l\u00e4tt p\u00e5 m\u00e5nga avst\u00e5nd. N\u00e4r de anv\u00e4nds inomhus eller utomhus g\u00f6r de vita och svarta f\u00e4rgerna det mycket enkelt att se dina h\u00e5rkors och \u00f6ppna riktmedel. De extra stolparna p\u00e5 12-tumsm\u00e5len ger [&#8230;]\n","protected":false},"featured_media":278244,"comment_status":"open","ping_status":"closed","template":"","meta":[],"product_brand":[],"product_cat":[2559],"product_tag":[],"class_list":{"0":"post-285848","1":"product","2":"type-product","3":"status-publish","4":"has-post-thumbnail","6":"product_cat-maltavlor","8":"first","9":"instock","10":"taxable","11":"shipping-taxable","12":"purchasable","13":"product-type-simple"},"composite_virtual":false,"composite_layout":"","composite_add_to_cart_form_location":"","composite_editable_in_cart":false,"composite_sold_individually_context":"","composite_shop_price_calc":"","composite_components":[],"composite_scenarios":[],"group_of_quantity":0,"min_quantity":0,"max_quantity":"","exclude_order_quantity_value_rules":"no","exclude_category_quantity_rules":"no","combine_variations":"no","exclude_global_add_ons":[],"addons":[],"_links":{"self":[{"href":"https:\/\/www.huntersfriend.eu\/sv\/wp-json\/wp\/v2\/product\/285848","targetHints":{"allow":["GET"]}}],"collection":[{"href":"https:\/\/www.huntersfriend.eu\/sv\/wp-json\/wp\/v2\/product"}],"about":[{"href":"https:\/\/www.huntersfriend.eu\/sv\/wp-json\/wp\/v2\/types\/product"}],"replies":[{"embeddable":true,"href":"https:\/\/www.huntersfriend.eu\/sv\/wp-json\/wp\/v2\/comments?post=285848"}],"wp:featuredmedia":[{"embeddable":true,"href":"https:\/\/www.huntersfriend.eu\/sv\/wp-json\/wp\/v2\/media\/278244"}],"wp:attachment":[{"href":"https:\/\/www.huntersfriend.eu\/sv\/wp-json\/wp\/v2\/media?parent=285848"}],"wp:term":[{"taxonomy":"product_brand","embeddable":true,"href":"https:\/\/www.huntersfriend.eu\/sv\/wp-json\/wp\/v2\/product_brand?post=285848"},{"taxonomy":"product_cat","embeddable":true,"href":"https:\/\/www.huntersfriend.eu\/sv\/wp-json\/wp\/v2\/product_cat?post=285848"},{"taxonomy":"product_tag","embeddable":true,"href":"https:\/\/www.huntersfriend.eu\/sv\/wp-json\/wp\/v2\/product_tag?post=285848"}],"curies":[{"name":"wp","href":"https:\/\/api.w.org\/{rel}","templated":true}]}}