{"id":285847,"date":"2025-03-19T17:27:12","date_gmt":"2025-03-19T15:27:12","guid":{"rendered":"https:\/\/www.huntersfriend.eu\/product\/nemo-fillo-campingkudde\/"},"modified":"2025-08-26T10:47:41","modified_gmt":"2025-08-26T08:47:41","slug":"nemo-fillo-campingkudde","status":"publish","type":"product","link":"https:\/\/www.huntersfriend.eu\/sv\/produkt\/nemo-fillo-campingkudde\/","title":{"rendered":"NEMO Fillo campingkudde"},"content":{"rendered":"<p class=\"\" data-start=\"0\" data-end=\"42\"><strong data-start=\"0\" data-end=\"42\">NEMO Fillo \u2013 innovativ campingkudde<\/strong><\/p>\n<p class=\"\" data-start=\"44\" data-end=\"326\">NEMO Fillo \u00e4r en innovativ campingkudde som kombinerar en luftfylld struktur med ett mjukt skumskikt, vilket ger utm\u00e4rkt komfort f\u00f6r camping, vandring och resor. Dess design prioriterar b\u00e5de anv\u00e4ndbarhet och kompakthet, vilket g\u00f6r den till det perfekta valet f\u00f6r \u00e4ventyrare p\u00e5 spr\u00e5ng. <\/p>\n<p class=\"\" data-start=\"328\" data-end=\"357\"><strong data-start=\"328\" data-end=\"357\">Tekniska specifikationer:<\/strong><\/p>\n<ul data-start=\"358\" data-end=\"690\">\n<li class=\"\" data-start=\"358\" data-end=\"377\">\n<p class=\"\" data-start=\"360\" data-end=\"377\"><strong data-start=\"360\" data-end=\"371\">Vikt:<\/strong> 260 g<\/p>\n<\/li>\n<li class=\"\" data-start=\"378\" data-end=\"422\">\n<p class=\"\" data-start=\"380\" data-end=\"422\"><strong data-start=\"380\" data-end=\"406\">M\u00e5tt (uppbl\u00e5st):<\/strong> 43 x 27 x 10 cm<\/p>\n<\/li>\n<li class=\"\" data-start=\"423\" data-end=\"463\">\n<p class=\"\" data-start=\"425\" data-end=\"463\"><strong data-start=\"425\" data-end=\"441\">Packstorlek:<\/strong> 15 x 10 cm (diameter)<\/p>\n<\/li>\n<li class=\"\" data-start=\"464\" data-end=\"486\">\n<p class=\"\" data-start=\"466\" data-end=\"486\"><strong data-start=\"466\" data-end=\"480\">Tjocklek:<\/strong> 10 cm<\/p>\n<\/li>\n<li class=\"\" data-start=\"487\" data-end=\"548\">\n<p class=\"\" data-start=\"489\" data-end=\"548\"><strong data-start=\"489\" data-end=\"508\">Material, \u00f6verdrag:<\/strong> 100 % polyester (mikros\u00f6msilk eller stickat)<\/p>\n<\/li>\n<li class=\"\" data-start=\"549\" data-end=\"581\">\n<p class=\"\" data-start=\"551\" data-end=\"581\"><strong data-start=\"551\" data-end=\"563\">Fyllning:<\/strong> Luft och mjukt skum<\/p>\n<\/li>\n<li class=\"\" data-start=\"582\" data-end=\"620\">\n<p class=\"\" data-start=\"584\" data-end=\"620\"><strong data-start=\"584\" data-end=\"597\">Reng\u00f6ring:<\/strong> Maskintv\u00e4ttbart \u00f6verdrag<\/p>\n<\/li>\n<li class=\"\" data-start=\"621\" data-end=\"690\">\n<p class=\"\" data-start=\"623\" data-end=\"690\"><strong data-start=\"623\" data-end=\"639\">F\u00f6rvaringsp\u00e5se:<\/strong> Integrerad, ungef\u00e4r stor som en grapefrukt<\/p>\n<\/li>\n<\/ul>\n<p class=\"\" data-start=\"692\" data-end=\"705\"><strong data-start=\"692\" data-end=\"705\">Funktioner:<\/strong><\/p>\n<ul data-start=\"706\" data-end=\"1145\">\n<li class=\"\" data-start=\"706\" data-end=\"828\">\n<p class=\"\" data-start=\"708\" data-end=\"828\"><strong data-start=\"708\" data-end=\"720\">Komfort:<\/strong> Det tjocka skumskiktet och den luftfyllda strukturen ger en mjuk men st\u00f6djande bas, liknande en kudde hemma.<\/p>\n<\/li>\n<li class=\"\" data-start=\"829\" data-end=\"947\">\n<p class=\"\" data-start=\"831\" data-end=\"947\"><strong data-start=\"831\" data-end=\"847\">Kompakthet:<\/strong> Kudden packas litet tack vare sin integrerade f\u00f6rvaringsp\u00e5se, vilket g\u00f6r den l\u00e4tt att b\u00e4ra med sig \u00f6verallt.<\/p>\n<\/li>\n<li class=\"\" data-start=\"948\" data-end=\"1043\">\n<p class=\"\" data-start=\"950\" data-end=\"1043\"><strong data-start=\"950\" data-end=\"966\">Anv\u00e4ndarv\u00e4nlighet:<\/strong> Snabb uppbl\u00e5sning och t\u00f6mning med en ergonomisk ventil g\u00f6r den enkel att anv\u00e4nda.<\/p>\n<\/li>\n<li class=\"\" data-start=\"1044\" data-end=\"1145\">\n<p class=\"\" data-start=\"1046\" data-end=\"1145\"><strong data-start=\"1046\" data-end=\"1062\">M\u00e5ngsidighet:<\/strong> Perfekt f\u00f6r camping, flygresor, bilresor eller till och med som l\u00e4ndryggsst\u00f6d f\u00f6r daglig anv\u00e4ndning.<\/p>\n<\/li>\n<\/ul>\n<p class=\"\" data-start=\"1147\" data-end=\"1420\">NEMO Fillo-kudden \u00e4r utformad f\u00f6r att leverera lyx och komfort i alla milj\u00f6er utan att ta upp f\u00f6r mycket plats eller l\u00e4gga till betydande vikt till din utrustning. Dess mjuka, maskintv\u00e4ttbara \u00f6verdrag och h\u00f6gkvalitativa material s\u00e4kerst\u00e4ller en bekv\u00e4m upplevelse varje g\u00e5ng du anv\u00e4nder den. <\/p>\n","protected":false},"excerpt":{"rendered":"<p>NEMO Fillo \u2013 innovativ campingkudde NEMO Fillo \u00e4r en innovativ campingkudde som kombinerar en luftfylld struktur med ett mjukt skumskikt, vilket ger utm\u00e4rkt komfort f\u00f6r camping, vandring och resor. Dess design prioriterar b\u00e5de anv\u00e4ndbarhet och kompakthet, vilket g\u00f6r den till det perfekta valet f\u00f6r \u00e4ventyrare p\u00e5 spr\u00e5ng. Tekniska specifikationer: Vikt: 260 g M\u00e5tt (uppbl\u00e5st): 43 [&#8230;]\n","protected":false},"featured_media":277887,"comment_status":"open","ping_status":"closed","template":"","meta":[],"product_brand":[],"product_cat":[2572],"product_tag":[],"class_list":{"0":"post-285847","1":"product","2":"type-product","3":"status-publish","4":"has-post-thumbnail","6":"product_cat-faltsangar-och-liggunderlag","8":"first","9":"instock","10":"taxable","11":"shipping-taxable","12":"purchasable","13":"product-type-simple"},"composite_virtual":false,"composite_layout":"","composite_add_to_cart_form_location":"","composite_editable_in_cart":false,"composite_sold_individually_context":"","composite_shop_price_calc":"","composite_components":[],"composite_scenarios":[],"group_of_quantity":0,"min_quantity":0,"max_quantity":"","exclude_order_quantity_value_rules":"no","exclude_category_quantity_rules":"no","combine_variations":"no","exclude_global_add_ons":[],"addons":[],"_links":{"self":[{"href":"https:\/\/www.huntersfriend.eu\/sv\/wp-json\/wp\/v2\/product\/285847","targetHints":{"allow":["GET"]}}],"collection":[{"href":"https:\/\/www.huntersfriend.eu\/sv\/wp-json\/wp\/v2\/product"}],"about":[{"href":"https:\/\/www.huntersfriend.eu\/sv\/wp-json\/wp\/v2\/types\/product"}],"replies":[{"embeddable":true,"href":"https:\/\/www.huntersfriend.eu\/sv\/wp-json\/wp\/v2\/comments?post=285847"}],"wp:featuredmedia":[{"embeddable":true,"href":"https:\/\/www.huntersfriend.eu\/sv\/wp-json\/wp\/v2\/media\/277887"}],"wp:attachment":[{"href":"https:\/\/www.huntersfriend.eu\/sv\/wp-json\/wp\/v2\/media?parent=285847"}],"wp:term":[{"taxonomy":"product_brand","embeddable":true,"href":"https:\/\/www.huntersfriend.eu\/sv\/wp-json\/wp\/v2\/product_brand?post=285847"},{"taxonomy":"product_cat","embeddable":true,"href":"https:\/\/www.huntersfriend.eu\/sv\/wp-json\/wp\/v2\/product_cat?post=285847"},{"taxonomy":"product_tag","embeddable":true,"href":"https:\/\/www.huntersfriend.eu\/sv\/wp-json\/wp\/v2\/product_tag?post=285847"}],"curies":[{"name":"wp","href":"https:\/\/api.w.org\/{rel}","templated":true}]}}