{"id":285846,"date":"2025-03-19T17:27:13","date_gmt":"2025-03-19T15:27:13","guid":{"rendered":"https:\/\/www.huntersfriend.eu\/product\/nemo-disco-mens-15-regular-endless-promise\/"},"modified":"2025-08-26T10:47:41","modified_gmt":"2025-08-26T08:47:41","slug":"nemo-disco-mens-15-regular-endless-promise","status":"publish","type":"product","link":"https:\/\/www.huntersfriend.eu\/sv\/produkt\/nemo-disco-mens-15-regular-endless-promise\/","title":{"rendered":"NEMO disco mens 15 regular endless Promise"},"content":{"rendered":"<p class=\"\" data-start=\"0\" data-end=\"432\"><strong data-start=\"4\" data-end=\"51\">NEMO Disco Men&#8217;s 15 Regular Endless Promise<\/strong> \u00e4r en tres\u00e4songs sovs\u00e4ck designad f\u00f6r m\u00e4n, som erbjuder utm\u00e4rkt isolering och komfort, s\u00e4rskilt f\u00f6r sidosovare. Dess ergonomiska Spoon\u2122-form ger mer utrymme f\u00f6r axlar och h\u00f6fter, vilket m\u00f6jligg\u00f6r en mer naturlig och avslappnad sovst\u00e4llning. Endless Promise-certifieringen s\u00e4kerst\u00e4ller att sovs\u00e4cken \u00e4r byggd f\u00f6r att h\u00e5lla och \u00e4r fullt \u00e5tervinningsbar i slutet av sin livscykel.  <\/p>\n<p data-start=\"0\" data-end=\"432\">Herr- och dammodeller kan zippas ihop f\u00f6r komfort och bekv\u00e4mlighet.<\/p>\n<p class=\"\" data-start=\"434\" data-end=\"457\"><strong data-start=\"434\" data-end=\"457\">Tekniska funktioner:<\/strong><\/p>\n<ul data-start=\"458\" data-end=\"1243\">\n<li class=\"\" data-start=\"458\" data-end=\"503\">\n<p class=\"\" data-start=\"460\" data-end=\"503\"><strong data-start=\"460\" data-end=\"483\">Temperaturklassning:<\/strong> Komfort 15\u00b0F (-9\u00b0C)<\/p>\n<\/li>\n<li class=\"\" data-start=\"504\" data-end=\"639\">\n<p class=\"\" data-start=\"506\" data-end=\"639\"><strong data-start=\"506\" data-end=\"521\">Isolering:<\/strong> 100 % \u00e5tervunnen PrimaLoft\u00ae RISE syntetisk isolering, som bibeh\u00e5ller sina isolerande egenskaper \u00e4ven i fuktiga f\u00f6rh\u00e5llanden<\/p>\n<\/li>\n<li class=\"\" data-start=\"640\" data-end=\"714\">\n<p class=\"\" data-start=\"642\" data-end=\"714\"><strong data-start=\"642\" data-end=\"661\">Yttermaterial:<\/strong> 100 % \u00e5tervunnen ripstop nylon, l\u00e4tt och slitstark<\/p>\n<\/li>\n<li class=\"\" data-start=\"715\" data-end=\"775\">\n<p class=\"\" data-start=\"717\" data-end=\"775\"><strong data-start=\"717\" data-end=\"736\">Innermaterial:<\/strong> Mjuk och ventilerande \u00e5tervunnen polyester<\/p>\n<\/li>\n<li class=\"\" data-start=\"776\" data-end=\"810\">\n<p class=\"\" data-start=\"778\" data-end=\"810\"><strong data-start=\"778\" data-end=\"789\">Vikt:<\/strong> Cirka 1,5 kg<\/p>\n<\/li>\n<li class=\"\" data-start=\"811\" data-end=\"857\">\n<p class=\"\" data-start=\"813\" data-end=\"857\"><strong data-start=\"813\" data-end=\"828\">M\u00e5tt:<\/strong> Passar anv\u00e4ndare upp till 183 cm l\u00e5nga<\/p>\n<\/li>\n<li class=\"\" data-start=\"858\" data-end=\"901\">\n<p class=\"\" data-start=\"860\" data-end=\"901\"><strong data-start=\"860\" data-end=\"876\">Packad storlek:<\/strong> Kompakt och l\u00e4tt att packa<\/p>\n<\/li>\n<li class=\"\" data-start=\"902\" data-end=\"1008\">\n<p class=\"\" data-start=\"904\" data-end=\"1008\"><strong data-start=\"904\" data-end=\"915\">Dragkedja:<\/strong> Tv\u00e5v\u00e4gsdragkedja med Thermo Gills\u2122 ventilationskanaler, vilket m\u00f6jligg\u00f6r finjustering av temperaturen<\/p>\n<\/li>\n<li class=\"\" data-start=\"1009\" data-end=\"1138\">\n<p class=\"\" data-start=\"1011\" data-end=\"1138\"><strong data-start=\"1011\" data-end=\"1023\">Komfort:<\/strong> Integrerad kuddficka, extra isolering i fotboxen och mjukt fodermaterial s\u00e4kerst\u00e4ller en bekv\u00e4m s\u00f6mn<\/p>\n<\/li>\n<li class=\"\" data-start=\"1139\" data-end=\"1243\">\n<p class=\"\" data-start=\"1141\" data-end=\"1243\"><strong data-start=\"1141\" data-end=\"1174\">Milj\u00f6ansvar:<\/strong> Endless Promise-certifierad, designad f\u00f6r h\u00e5llbarhet och \u00e5tervinningsbarhet<\/p>\n<\/li>\n<\/ul>\n<p class=\"\" data-start=\"1245\" data-end=\"1417\"><strong data-start=\"1249\" data-end=\"1296\">NEMO Disco Men&#8217;s 15 Regular Endless Promise<\/strong> \u00e4r det perfekta valet f\u00f6r svalare f\u00f6rh\u00e5llanden och f\u00f6r campare som v\u00e4rdes\u00e4tter komfort, v\u00e4rme och milj\u00f6m\u00e4ssig h\u00e5llbarhet.<\/p>\n","protected":false},"excerpt":{"rendered":"<p>NEMO Disco Men&#8217;s 15 Regular Endless Promise \u00e4r en tres\u00e4songs sovs\u00e4ck designad f\u00f6r m\u00e4n, som erbjuder utm\u00e4rkt isolering och komfort, s\u00e4rskilt f\u00f6r sidosovare. Dess ergonomiska Spoon\u2122-form ger mer utrymme f\u00f6r axlar och h\u00f6fter, vilket m\u00f6jligg\u00f6r en mer naturlig och avslappnad sovst\u00e4llning. Endless Promise-certifieringen s\u00e4kerst\u00e4ller att sovs\u00e4cken \u00e4r byggd f\u00f6r att h\u00e5lla och \u00e4r fullt \u00e5tervinningsbar [&#8230;]\n","protected":false},"featured_media":294431,"comment_status":"open","ping_status":"closed","template":"","meta":[],"product_brand":[],"product_cat":[2571],"product_tag":[],"class_list":{"0":"post-285846","1":"product","2":"type-product","3":"status-publish","4":"has-post-thumbnail","6":"product_cat-sovsackar","8":"first","9":"instock","10":"taxable","11":"shipping-taxable","12":"purchasable","13":"product-type-simple"},"composite_virtual":false,"composite_layout":"","composite_add_to_cart_form_location":"","composite_editable_in_cart":false,"composite_sold_individually_context":"","composite_shop_price_calc":"","composite_components":[],"composite_scenarios":[],"group_of_quantity":0,"min_quantity":0,"max_quantity":"","exclude_order_quantity_value_rules":"no","exclude_category_quantity_rules":"no","combine_variations":"no","exclude_global_add_ons":[],"addons":[],"_links":{"self":[{"href":"https:\/\/www.huntersfriend.eu\/sv\/wp-json\/wp\/v2\/product\/285846","targetHints":{"allow":["GET"]}}],"collection":[{"href":"https:\/\/www.huntersfriend.eu\/sv\/wp-json\/wp\/v2\/product"}],"about":[{"href":"https:\/\/www.huntersfriend.eu\/sv\/wp-json\/wp\/v2\/types\/product"}],"replies":[{"embeddable":true,"href":"https:\/\/www.huntersfriend.eu\/sv\/wp-json\/wp\/v2\/comments?post=285846"}],"wp:featuredmedia":[{"embeddable":true,"href":"https:\/\/www.huntersfriend.eu\/sv\/wp-json\/wp\/v2\/media\/294431"}],"wp:attachment":[{"href":"https:\/\/www.huntersfriend.eu\/sv\/wp-json\/wp\/v2\/media?parent=285846"}],"wp:term":[{"taxonomy":"product_brand","embeddable":true,"href":"https:\/\/www.huntersfriend.eu\/sv\/wp-json\/wp\/v2\/product_brand?post=285846"},{"taxonomy":"product_cat","embeddable":true,"href":"https:\/\/www.huntersfriend.eu\/sv\/wp-json\/wp\/v2\/product_cat?post=285846"},{"taxonomy":"product_tag","embeddable":true,"href":"https:\/\/www.huntersfriend.eu\/sv\/wp-json\/wp\/v2\/product_tag?post=285846"}],"curies":[{"name":"wp","href":"https:\/\/api.w.org\/{rel}","templated":true}]}}