{"id":285845,"date":"2025-03-19T17:27:12","date_gmt":"2025-03-19T15:27:12","guid":{"rendered":"https:\/\/www.huntersfriend.eu\/product\/nemo-fillo-camp-pillow-bred\/"},"modified":"2025-08-26T10:47:39","modified_gmt":"2025-08-26T08:47:39","slug":"nemo-fillo-camp-pillow-bred","status":"publish","type":"product","link":"https:\/\/www.huntersfriend.eu\/sv\/produkt\/nemo-fillo-camp-pillow-bred\/","title":{"rendered":"NEMO Fillo camp pillow, bred"},"content":{"rendered":"<p class=\"\" data-start=\"0\" data-end=\"42\"><strong data-start=\"0\" data-end=\"42\">NEMO fillo\u2122 wide \u2013 Komfort f\u00f6r camping<\/strong><\/p>\n<p class=\"\" data-start=\"44\" data-end=\"371\">NEMO Fillo\u2122 Wide \u00e4r utformad f\u00f6r att ge lyxig komfort och st\u00f6d f\u00f6r campare och backpackers som v\u00e4rdes\u00e4tter en god natts s\u00f6mn i naturen. Denna bredare version av den popul\u00e4ra Fillo-kudden kombinerar en luftfylld struktur med en lyxig skumk\u00e4rna, vilket ger en utm\u00e4rkt sovupplevelse i alla milj\u00f6er. <\/p>\n<p class=\"\" data-start=\"373\" data-end=\"402\"><strong data-start=\"373\" data-end=\"402\">Tekniska specifikationer:<\/strong><\/p>\n<ul data-start=\"403\" data-end=\"624\">\n<li class=\"\" data-start=\"403\" data-end=\"436\">\n<p class=\"\" data-start=\"405\" data-end=\"436\"><strong data-start=\"405\" data-end=\"420\">M\u00e5tt:<\/strong> 51 x 29 x 10 cm<\/p>\n<\/li>\n<li class=\"\" data-start=\"437\" data-end=\"459\">\n<p class=\"\" data-start=\"439\" data-end=\"459\"><strong data-start=\"439\" data-end=\"453\">Tjocklek:<\/strong> 10 cm<\/p>\n<\/li>\n<li class=\"\" data-start=\"460\" data-end=\"493\">\n<p class=\"\" data-start=\"462\" data-end=\"493\"><strong data-start=\"462\" data-end=\"473\">Vikt:<\/strong> Cirka 340 g<\/p>\n<\/li>\n<li class=\"\" data-start=\"494\" data-end=\"523\">\n<p class=\"\" data-start=\"496\" data-end=\"523\"><strong data-start=\"496\" data-end=\"512\">Packad storlek:<\/strong> 19 x 10 cm<\/p>\n<\/li>\n<li class=\"\" data-start=\"524\" data-end=\"561\">\n<p class=\"\" data-start=\"526\" data-end=\"561\"><strong data-start=\"526\" data-end=\"539\">Material:<\/strong> Mjuk polyesterjersey<\/p>\n<\/li>\n<li class=\"\" data-start=\"562\" data-end=\"599\">\n<p class=\"\" data-start=\"564\" data-end=\"599\"><strong data-start=\"564\" data-end=\"576\">Fyllning:<\/strong> Luft och lyxigt skum<\/p>\n<\/li>\n<li class=\"\" data-start=\"600\" data-end=\"624\">\n<p class=\"\" data-start=\"602\" data-end=\"624\"><strong data-start=\"602\" data-end=\"612\">F\u00e4rg:<\/strong> black Pearl<\/p>\n<\/li>\n<\/ul>\n<p class=\"\" data-start=\"626\" data-end=\"639\"><strong data-start=\"626\" data-end=\"639\">Funktioner:<\/strong><\/p>\n<ul data-start=\"640\" data-end=\"1444\">\n<li class=\"\" data-start=\"640\" data-end=\"794\">\n<p class=\"\" data-start=\"642\" data-end=\"794\"><strong data-start=\"642\" data-end=\"670\">Luftfylld konstruktion:<\/strong> Den interna bafflade luftcellsstrukturen hj\u00e4lper kudden att beh\u00e5lla sin form och ger j\u00e4mnt st\u00f6d hela natten.<\/p>\n<\/li>\n<li class=\"\" data-start=\"795\" data-end=\"898\">\n<p class=\"\" data-start=\"797\" data-end=\"898\"><strong data-start=\"797\" data-end=\"827\">Lyxig skumd\u00e4mpning:<\/strong> Ett tjockt skumlager \u00f6kar komforten och ger kudden en hemtrevlig k\u00e4nsla.<\/p>\n<\/li>\n<li class=\"\" data-start=\"899\" data-end=\"1078\">\n<p class=\"\" data-start=\"901\" data-end=\"1078\"><strong data-start=\"901\" data-end=\"934\">Enkel uppbl\u00e5sning och t\u00f6mning:<\/strong> Kuddens ventil m\u00f6jligg\u00f6r snabb uppbl\u00e5sning med bara n\u00e5gra andetag, tillsammans med exakt justering av lufttrycket f\u00f6r att passa personliga preferenser.<\/p>\n<\/li>\n<li class=\"\" data-start=\"1079\" data-end=\"1210\">\n<p class=\"\" data-start=\"1081\" data-end=\"1210\"><strong data-start=\"1081\" data-end=\"1101\">Kompakt packning:<\/strong> Den integrerade interna f\u00f6rvaringsv\u00e4skan g\u00f6r att kudden kan packas ner litet, vilket g\u00f6r den l\u00e4tt att b\u00e4ra och f\u00f6rvara.<\/p>\n<\/li>\n<li class=\"\" data-start=\"1211\" data-end=\"1327\">\n<p class=\"\" data-start=\"1213\" data-end=\"1327\"><strong data-start=\"1213\" data-end=\"1240\">Mjukt och slitstarkt \u00f6verdrag:<\/strong> Polyesterjerseymaterialet k\u00e4nns mjukt mot huden och t\u00e5l aktiv anv\u00e4ndning.<\/p>\n<\/li>\n<li class=\"\" data-start=\"1328\" data-end=\"1444\">\n<p class=\"\" data-start=\"1330\" data-end=\"1444\"><strong data-start=\"1330\" data-end=\"1348\">M\u00e5ngsidig anv\u00e4ndning:<\/strong> Perfekt f\u00f6r camping, vandring, bilresor och andra utomhusaktiviteter d\u00e4r komfort \u00e4r viktigt.<\/p>\n<\/li>\n<\/ul>\n<p class=\"\" data-start=\"1446\" data-end=\"1678\">NEMO Fillo\u2122 Wide kombinerar innovativ design och h\u00f6gkvalitativa material, vilket erbjuder utm\u00e4rkt komfort och st\u00f6d f\u00f6r dem som tillbringar tid i naturen. Dess l\u00e4tta och kompakta design g\u00f6r den till ett perfekt tillskott till all campingutrustning. <\/p>\n","protected":false},"excerpt":{"rendered":"<p>NEMO fillo\u2122 wide \u2013 Komfort f\u00f6r camping NEMO Fillo\u2122 Wide \u00e4r utformad f\u00f6r att ge lyxig komfort och st\u00f6d f\u00f6r campare och backpackers som v\u00e4rdes\u00e4tter en god natts s\u00f6mn i naturen. Denna bredare version av den popul\u00e4ra Fillo-kudden kombinerar en luftfylld struktur med en lyxig skumk\u00e4rna, vilket ger en utm\u00e4rkt sovupplevelse i alla milj\u00f6er. Tekniska [&#8230;]\n","protected":false},"featured_media":277872,"comment_status":"open","ping_status":"closed","template":"","meta":[],"product_brand":[],"product_cat":[2572],"product_tag":[],"class_list":{"0":"post-285845","1":"product","2":"type-product","3":"status-publish","4":"has-post-thumbnail","6":"product_cat-faltsangar-och-liggunderlag","8":"first","9":"instock","10":"taxable","11":"shipping-taxable","12":"purchasable","13":"product-type-simple"},"composite_virtual":false,"composite_layout":"","composite_add_to_cart_form_location":"","composite_editable_in_cart":false,"composite_sold_individually_context":"","composite_shop_price_calc":"","composite_components":[],"composite_scenarios":[],"group_of_quantity":0,"min_quantity":0,"max_quantity":"","exclude_order_quantity_value_rules":"no","exclude_category_quantity_rules":"no","combine_variations":"no","exclude_global_add_ons":[],"addons":[],"_links":{"self":[{"href":"https:\/\/www.huntersfriend.eu\/sv\/wp-json\/wp\/v2\/product\/285845","targetHints":{"allow":["GET"]}}],"collection":[{"href":"https:\/\/www.huntersfriend.eu\/sv\/wp-json\/wp\/v2\/product"}],"about":[{"href":"https:\/\/www.huntersfriend.eu\/sv\/wp-json\/wp\/v2\/types\/product"}],"replies":[{"embeddable":true,"href":"https:\/\/www.huntersfriend.eu\/sv\/wp-json\/wp\/v2\/comments?post=285845"}],"wp:featuredmedia":[{"embeddable":true,"href":"https:\/\/www.huntersfriend.eu\/sv\/wp-json\/wp\/v2\/media\/277872"}],"wp:attachment":[{"href":"https:\/\/www.huntersfriend.eu\/sv\/wp-json\/wp\/v2\/media?parent=285845"}],"wp:term":[{"taxonomy":"product_brand","embeddable":true,"href":"https:\/\/www.huntersfriend.eu\/sv\/wp-json\/wp\/v2\/product_brand?post=285845"},{"taxonomy":"product_cat","embeddable":true,"href":"https:\/\/www.huntersfriend.eu\/sv\/wp-json\/wp\/v2\/product_cat?post=285845"},{"taxonomy":"product_tag","embeddable":true,"href":"https:\/\/www.huntersfriend.eu\/sv\/wp-json\/wp\/v2\/product_tag?post=285845"}],"curies":[{"name":"wp","href":"https:\/\/api.w.org\/{rel}","templated":true}]}}