{"id":285844,"date":"2025-03-19T17:27:13","date_gmt":"2025-03-19T15:27:13","guid":{"rendered":"https:\/\/www.huntersfriend.eu\/product\/nemo-disco-dam-15-regular-endless-promise\/"},"modified":"2025-08-26T10:47:38","modified_gmt":"2025-08-26T08:47:38","slug":"nemo-disco-dam-15-regular-endless-promise","status":"publish","type":"product","link":"https:\/\/www.huntersfriend.eu\/sv\/produkt\/nemo-disco-dam-15-regular-endless-promise\/","title":{"rendered":"NEMO Disco dam 15 regular endless Promise"},"content":{"rendered":"<p class=\"\" data-start=\"0\" data-end=\"466\"><strong data-start=\"4\" data-end=\"53\">NEMO Disco Women&#8217;s 15 Regular Endless Promise<\/strong> \u00e4r en h\u00f6gkvalitativ tres\u00e4songssovs\u00e4ck designad speciellt f\u00f6r kvinnor. Den ger utm\u00e4rkt isolering och komfort, s\u00e4rskilt f\u00f6r sidosovare. Spoon\u2122-formen erbjuder mer utrymme f\u00f6r axlar och h\u00f6fter, vilket m\u00f6jligg\u00f6r en mer naturlig sovst\u00e4llning. Endless Promise-certifierad konstruktion s\u00e4kerst\u00e4ller att sovs\u00e4cken \u00e4r designad f\u00f6r h\u00e5llbarhet och \u00e4r fullt \u00e5tervinningsbar i slutet av sin livscykel.   <\/p>\n<p data-start=\"0\" data-end=\"466\">Sovs\u00e4ckarna f\u00f6r m\u00e4n och kvinnor kan zippas ihop f\u00f6r komfort och bekv\u00e4mlighet.<\/p>\n<p class=\"\" data-start=\"468\" data-end=\"491\"><strong data-start=\"468\" data-end=\"491\">Tekniska funktioner:<\/strong><\/p>\n<ul data-start=\"492\" data-end=\"1266\">\n<li class=\"\" data-start=\"492\" data-end=\"537\">\n<p class=\"\" data-start=\"494\" data-end=\"537\"><strong data-start=\"494\" data-end=\"517\">Temperaturklassning:<\/strong> Komfort 15\u00b0F (-9\u00b0C)<\/p>\n<\/li>\n<li class=\"\" data-start=\"538\" data-end=\"671\">\n<p class=\"\" data-start=\"540\" data-end=\"671\"><strong data-start=\"540\" data-end=\"555\">Isolering:<\/strong> 100 % \u00e5tervunnen PrimaLoft\u00ae RISE syntetisk isolering, som beh\u00e5ller sina isolerande egenskaper \u00e4ven i fuktiga f\u00f6rh\u00e5llanden<\/p>\n<\/li>\n<li class=\"\" data-start=\"672\" data-end=\"746\">\n<p class=\"\" data-start=\"674\" data-end=\"746\"><strong data-start=\"674\" data-end=\"693\">Yttermaterial:<\/strong> 100 % \u00e5tervunnen ripstop nylon, l\u00e4tt och slitstark<\/p>\n<\/li>\n<li class=\"\" data-start=\"747\" data-end=\"807\">\n<p class=\"\" data-start=\"749\" data-end=\"807\"><strong data-start=\"749\" data-end=\"768\">Innermaterial:<\/strong> Mjuk och ventilerande \u00e5tervunnen polyester<\/p>\n<\/li>\n<li class=\"\" data-start=\"808\" data-end=\"842\">\n<p class=\"\" data-start=\"810\" data-end=\"842\"><strong data-start=\"810\" data-end=\"821\">Vikt:<\/strong> Cirka 1,7 kg<\/p>\n<\/li>\n<li class=\"\" data-start=\"843\" data-end=\"889\">\n<p class=\"\" data-start=\"845\" data-end=\"889\"><strong data-start=\"845\" data-end=\"860\">M\u00e5tt:<\/strong> Passar anv\u00e4ndare upp till 168 cm l\u00e5nga<\/p>\n<\/li>\n<li class=\"\" data-start=\"890\" data-end=\"933\">\n<p class=\"\" data-start=\"892\" data-end=\"933\"><strong data-start=\"892\" data-end=\"908\">Packad storlek:<\/strong> Kompakt och l\u00e4tt att packa<\/p>\n<\/li>\n<li class=\"\" data-start=\"934\" data-end=\"1039\">\n<p class=\"\" data-start=\"936\" data-end=\"1039\"><strong data-start=\"936\" data-end=\"947\">Dragkedja:<\/strong> Tv\u00e5v\u00e4gsdragkedja med Thermo Gills\u2122 ventilationskanaler, vilket m\u00f6jligg\u00f6r temperaturjustering<\/p>\n<\/li>\n<li class=\"\" data-start=\"1040\" data-end=\"1162\">\n<p class=\"\" data-start=\"1042\" data-end=\"1162\"><strong data-start=\"1042\" data-end=\"1054\">Komfort:<\/strong> Integrerad kuddficka, extra isolering i fotboxen och mjukt foder s\u00e4kerst\u00e4ller en bekv\u00e4m s\u00f6mn<\/p>\n<\/li>\n<li class=\"\" data-start=\"1163\" data-end=\"1266\">\n<p class=\"\" data-start=\"1165\" data-end=\"1266\"><strong data-start=\"1165\" data-end=\"1198\">Milj\u00f6ansvar:<\/strong> Endless Promise-certifierad, designad f\u00f6r l\u00e5ng livsl\u00e4ngd och \u00e5tervinningsbarhet<\/p>\n<\/li>\n<\/ul>\n<p class=\"\" data-start=\"1268\" data-end=\"1442\"><strong data-start=\"1272\" data-end=\"1321\">NEMO Disco Women&#8217;s 15 Regular Endless Promise<\/strong> \u00e4r det perfekta valet f\u00f6r kallare f\u00f6rh\u00e5llanden och f\u00f6r campare som v\u00e4rdes\u00e4tter komfort, v\u00e4rme och milj\u00f6m\u00e4ssig h\u00e5llbarhet.<\/p>\n","protected":false},"excerpt":{"rendered":"<p>NEMO Disco Women&#8217;s 15 Regular Endless Promise \u00e4r en h\u00f6gkvalitativ tres\u00e4songssovs\u00e4ck designad speciellt f\u00f6r kvinnor. Den ger utm\u00e4rkt isolering och komfort, s\u00e4rskilt f\u00f6r sidosovare. Spoon\u2122-formen erbjuder mer utrymme f\u00f6r axlar och h\u00f6fter, vilket m\u00f6jligg\u00f6r en mer naturlig sovst\u00e4llning. Endless Promise-certifierad konstruktion s\u00e4kerst\u00e4ller att sovs\u00e4cken \u00e4r designad f\u00f6r h\u00e5llbarhet och \u00e4r fullt \u00e5tervinningsbar i slutet av [&#8230;]\n","protected":false},"featured_media":277635,"comment_status":"open","ping_status":"closed","template":"","meta":[],"product_brand":[],"product_cat":[2571],"product_tag":[],"class_list":{"0":"post-285844","1":"product","2":"type-product","3":"status-publish","4":"has-post-thumbnail","6":"product_cat-sovsackar","8":"first","9":"instock","10":"taxable","11":"shipping-taxable","12":"purchasable","13":"product-type-simple"},"composite_virtual":false,"composite_layout":"","composite_add_to_cart_form_location":"","composite_editable_in_cart":false,"composite_sold_individually_context":"","composite_shop_price_calc":"","composite_components":[],"composite_scenarios":[],"group_of_quantity":0,"min_quantity":0,"max_quantity":"","exclude_order_quantity_value_rules":"no","exclude_category_quantity_rules":"no","combine_variations":"no","exclude_global_add_ons":[],"addons":[],"_links":{"self":[{"href":"https:\/\/www.huntersfriend.eu\/sv\/wp-json\/wp\/v2\/product\/285844","targetHints":{"allow":["GET"]}}],"collection":[{"href":"https:\/\/www.huntersfriend.eu\/sv\/wp-json\/wp\/v2\/product"}],"about":[{"href":"https:\/\/www.huntersfriend.eu\/sv\/wp-json\/wp\/v2\/types\/product"}],"replies":[{"embeddable":true,"href":"https:\/\/www.huntersfriend.eu\/sv\/wp-json\/wp\/v2\/comments?post=285844"}],"wp:featuredmedia":[{"embeddable":true,"href":"https:\/\/www.huntersfriend.eu\/sv\/wp-json\/wp\/v2\/media\/277635"}],"wp:attachment":[{"href":"https:\/\/www.huntersfriend.eu\/sv\/wp-json\/wp\/v2\/media?parent=285844"}],"wp:term":[{"taxonomy":"product_brand","embeddable":true,"href":"https:\/\/www.huntersfriend.eu\/sv\/wp-json\/wp\/v2\/product_brand?post=285844"},{"taxonomy":"product_cat","embeddable":true,"href":"https:\/\/www.huntersfriend.eu\/sv\/wp-json\/wp\/v2\/product_cat?post=285844"},{"taxonomy":"product_tag","embeddable":true,"href":"https:\/\/www.huntersfriend.eu\/sv\/wp-json\/wp\/v2\/product_tag?post=285844"}],"curies":[{"name":"wp","href":"https:\/\/api.w.org\/{rel}","templated":true}]}}