{"id":285843,"date":"2025-03-19T17:27:12","date_gmt":"2025-03-19T15:27:12","guid":{"rendered":"https:\/\/www.huntersfriend.eu\/product\/nemo-helio-lx-tryckdusch\/"},"modified":"2025-08-26T10:47:36","modified_gmt":"2025-08-26T08:47:36","slug":"nemo-helio-lx-tryckdusch","status":"publish","type":"product","link":"https:\/\/www.huntersfriend.eu\/sv\/produkt\/nemo-helio-lx-tryckdusch\/","title":{"rendered":"NEMO helio LX tryckdusch"},"content":{"rendered":"<p class=\"\" data-start=\"0\" data-end=\"74\"><strong data-start=\"0\" data-end=\"74\">NEMO helio\u2122 LX tryckdusch \u2013 effektiv och portabel utomhusdusch<\/strong><\/p>\n<p class=\"\" data-start=\"76\" data-end=\"361\">NEMO Helio\u2122 LX tryckdusch \u00e4r en praktisk och effektiv l\u00f6sning f\u00f6r utomhusaktiviteter, s\u00e5 att du kan njuta av en bekv\u00e4m duschupplevelse var som helst. Dess trycksystem och stora kapacitet g\u00f6r den till ett utm\u00e4rkt val f\u00f6r camping, vandring och andra utomhus\u00e4ventyr. <\/p>\n<p class=\"\" data-start=\"363\" data-end=\"392\"><strong data-start=\"363\" data-end=\"392\">Tekniska specifikationer:<\/strong><\/p>\n<ul data-start=\"393\" data-end=\"646\">\n<li class=\"\" data-start=\"393\" data-end=\"418\">\n<p class=\"\" data-start=\"395\" data-end=\"418\"><strong data-start=\"395\" data-end=\"408\">Kapacitet:<\/strong> 22 liter<\/p>\n<\/li>\n<li class=\"\" data-start=\"419\" data-end=\"454\">\n<p class=\"\" data-start=\"421\" data-end=\"454\"><strong data-start=\"421\" data-end=\"432\">Vikt:<\/strong> Cirka 1,04 kg<\/p>\n<\/li>\n<li class=\"\" data-start=\"455\" data-end=\"506\">\n<p class=\"\" data-start=\"457\" data-end=\"506\"><strong data-start=\"457\" data-end=\"481\">M\u00e5tt (i bruk):<\/strong> Cirka 25 x 58 cm<\/p>\n<\/li>\n<li class=\"\" data-start=\"507\" data-end=\"550\">\n<p class=\"\" data-start=\"509\" data-end=\"550\"><strong data-start=\"509\" data-end=\"525\">Packad storlek:<\/strong> Cirka 16 x 26 cm<\/p>\n<\/li>\n<li class=\"\" data-start=\"551\" data-end=\"580\">\n<p class=\"\" data-start=\"553\" data-end=\"580\"><strong data-start=\"553\" data-end=\"569\">Slangl\u00e4ngd:<\/strong> 2,1 meter<\/p>\n<\/li>\n<li class=\"\" data-start=\"581\" data-end=\"646\">\n<p class=\"\" data-start=\"583\" data-end=\"646\"><strong data-start=\"583\" data-end=\"596\">Material:<\/strong> Polyuretanbelagd polyester, TPU, neoprenslang<\/p>\n<\/li>\n<\/ul>\n<p class=\"\" data-start=\"648\" data-end=\"661\"><strong data-start=\"648\" data-end=\"661\">Funktioner:<\/strong><\/p>\n<ul data-start=\"662\" data-end=\"1478\">\n<li class=\"\" data-start=\"662\" data-end=\"807\">\n<p class=\"\" data-start=\"664\" data-end=\"807\"><strong data-start=\"664\" data-end=\"694\">Trycksatt duschsystem:<\/strong> Den l\u00e4ttanv\u00e4nda fotpumpen s\u00e4kerst\u00e4ller ett kontinuerligt och j\u00e4mnt vattentryck utan att beh\u00e5llaren beh\u00f6ver h\u00e4ngas upp.<\/p>\n<\/li>\n<li class=\"\" data-start=\"808\" data-end=\"937\">\n<p class=\"\" data-start=\"810\" data-end=\"937\"><strong data-start=\"810\" data-end=\"829\">Stor kapacitet:<\/strong> Den 22-liters tanken ger 7\u201310 minuters kontinuerlig duschning, tillr\u00e4ckligt f\u00f6r flera anv\u00e4ndningar p\u00e5 en enda fyllning.<\/p>\n<\/li>\n<li class=\"\" data-start=\"938\" data-end=\"1109\">\n<p class=\"\" data-start=\"940\" data-end=\"1109\"><strong data-start=\"940\" data-end=\"970\">L\u00e5ng slang och duschmunstycke:<\/strong> Den 2,1 meter l\u00e5nga neoprenslangen med duschmunstycke g\u00f6r att du kan placera duschen ovanf\u00f6r huvudet eller anv\u00e4nda den f\u00f6r att sk\u00f6lja utrustning p\u00e5 marken.<\/p>\n<\/li>\n<li class=\"\" data-start=\"1110\" data-end=\"1303\">\n<p class=\"\" data-start=\"1112\" data-end=\"1303\"><strong data-start=\"1112\" data-end=\"1137\">Enkel p\u00e5fyllning och anv\u00e4ndning:<\/strong> Det stora p\u00e5skruvbara locket g\u00f6r p\u00e5fyllningen problemfri utan behov av slang. Tanken kan placeras i solen f\u00f6r att v\u00e4rma vattnet eller fyllas direkt med varmt vatten. <\/p>\n<\/li>\n<li class=\"\" data-start=\"1304\" data-end=\"1478\">\n<p class=\"\" data-start=\"1306\" data-end=\"1478\"><strong data-start=\"1306\" data-end=\"1331\">Kompakt och portabel:<\/strong> Duschen packas i en liten, ventilerad b\u00e4rv\u00e4ska som inneh\u00e5ller tank, slang, duschmunstycke och pump, vilket g\u00f6r den enkel att transportera och f\u00f6rvara.<\/p>\n<\/li>\n<\/ul>\n<p class=\"\" data-start=\"1480\" data-end=\"1717\">NEMO Helio\u2122 LX tryckdusch kombinerar praktisk anv\u00e4ndning och prestanda och ger en p\u00e5litlig duschl\u00f6sning f\u00f6r utomhusaktiviteter. Dess h\u00e5llbara konstruktion och anv\u00e4ndarv\u00e4nliga funktioner g\u00f6r den till ett utm\u00e4rkt tillskott till all campingutrustning. <\/p>\n","protected":false},"excerpt":{"rendered":"<p>NEMO helio\u2122 LX tryckdusch \u2013 effektiv och portabel utomhusdusch NEMO Helio\u2122 LX tryckdusch \u00e4r en praktisk och effektiv l\u00f6sning f\u00f6r utomhusaktiviteter, s\u00e5 att du kan njuta av en bekv\u00e4m duschupplevelse var som helst. Dess trycksystem och stora kapacitet g\u00f6r den till ett utm\u00e4rkt val f\u00f6r camping, vandring och andra utomhus\u00e4ventyr. Tekniska specifikationer: Kapacitet: 22 liter [&#8230;]\n","protected":false},"featured_media":277853,"comment_status":"open","ping_status":"closed","template":"","meta":[],"product_brand":[],"product_cat":[2567],"product_tag":[],"class_list":{"0":"post-285843","1":"product","2":"type-product","3":"status-publish","4":"has-post-thumbnail","6":"product_cat-campingtillbehor","8":"first","9":"instock","10":"taxable","11":"shipping-taxable","12":"purchasable","13":"product-type-simple"},"composite_virtual":false,"composite_layout":"","composite_add_to_cart_form_location":"","composite_editable_in_cart":false,"composite_sold_individually_context":"","composite_shop_price_calc":"","composite_components":[],"composite_scenarios":[],"group_of_quantity":0,"min_quantity":0,"max_quantity":"","exclude_order_quantity_value_rules":"no","exclude_category_quantity_rules":"no","combine_variations":"no","exclude_global_add_ons":[],"addons":[],"_links":{"self":[{"href":"https:\/\/www.huntersfriend.eu\/sv\/wp-json\/wp\/v2\/product\/285843","targetHints":{"allow":["GET"]}}],"collection":[{"href":"https:\/\/www.huntersfriend.eu\/sv\/wp-json\/wp\/v2\/product"}],"about":[{"href":"https:\/\/www.huntersfriend.eu\/sv\/wp-json\/wp\/v2\/types\/product"}],"replies":[{"embeddable":true,"href":"https:\/\/www.huntersfriend.eu\/sv\/wp-json\/wp\/v2\/comments?post=285843"}],"wp:featuredmedia":[{"embeddable":true,"href":"https:\/\/www.huntersfriend.eu\/sv\/wp-json\/wp\/v2\/media\/277853"}],"wp:attachment":[{"href":"https:\/\/www.huntersfriend.eu\/sv\/wp-json\/wp\/v2\/media?parent=285843"}],"wp:term":[{"taxonomy":"product_brand","embeddable":true,"href":"https:\/\/www.huntersfriend.eu\/sv\/wp-json\/wp\/v2\/product_brand?post=285843"},{"taxonomy":"product_cat","embeddable":true,"href":"https:\/\/www.huntersfriend.eu\/sv\/wp-json\/wp\/v2\/product_cat?post=285843"},{"taxonomy":"product_tag","embeddable":true,"href":"https:\/\/www.huntersfriend.eu\/sv\/wp-json\/wp\/v2\/product_tag?post=285843"}],"curies":[{"name":"wp","href":"https:\/\/api.w.org\/{rel}","templated":true}]}}