{"id":285842,"date":"2025-03-19T17:27:13","date_gmt":"2025-03-19T15:27:13","guid":{"rendered":"https:\/\/www.huntersfriend.eu\/product\/nemo-forte-mens-20-regular-endless-promise\/"},"modified":"2025-08-26T10:47:36","modified_gmt":"2025-08-26T08:47:36","slug":"nemo-forte-mens-20-regular-endless-promise","status":"publish","type":"product","link":"https:\/\/www.huntersfriend.eu\/sv\/produkt\/nemo-forte-mens-20-regular-endless-promise\/","title":{"rendered":"NEMO forte mens 20 regular endless Promise"},"content":{"rendered":"<p class=\"\" data-start=\"0\" data-end=\"437\"><strong data-start=\"4\" data-end=\"51\">NEMO Forte Men&#8217;s 20 Regular Endless Promise<\/strong> \u00e4r en m\u00e5ngsidig och milj\u00f6v\u00e4nlig tres\u00e4songssovs\u00e4ck designad f\u00f6r m\u00e4n, som erbjuder optimal komfort och utm\u00e4rkt isolering i svalare f\u00f6rh\u00e5llanden. Dess ergonomiska Spoon\u2122-form ger mer utrymme f\u00f6r axlar och h\u00f6fter, vilket g\u00f6r den till ett idealiskt val f\u00f6r sidosovare. Den Endless Promise-certifierade konstruktionen s\u00e4kerst\u00e4ller sovs\u00e4ckens h\u00e5llbarhet och \u00e5tervinningsbarhet i slutet av dess livscykel.  <\/p>\n<p class=\"\" data-start=\"439\" data-end=\"468\"><strong data-start=\"439\" data-end=\"468\">Tekniska specifikationer:<\/strong><\/p>\n<ul data-start=\"469\" data-end=\"1228\">\n<li class=\"\" data-start=\"469\" data-end=\"514\">\n<p class=\"\" data-start=\"471\" data-end=\"514\"><strong data-start=\"471\" data-end=\"494\">Temperaturklassning:<\/strong> Komfort 20\u00b0F (-7\u00b0C)<\/p>\n<\/li>\n<li class=\"\" data-start=\"515\" data-end=\"628\">\n<p class=\"\" data-start=\"517\" data-end=\"628\"><strong data-start=\"517\" data-end=\"532\">Isolering:<\/strong> 100 % \u00e5tervunnen PrimaLoft\u00ae RISE syntetisk isolering, l\u00e4tt och effektiv i v\u00e5ta f\u00f6rh\u00e5llanden<\/p>\n<\/li>\n<li class=\"\" data-start=\"629\" data-end=\"704\">\n<p class=\"\" data-start=\"631\" data-end=\"704\"><strong data-start=\"631\" data-end=\"650\">Yttermaterial:<\/strong> 100 % \u00e5tervunnen ripstop-nylon, slitstark och milj\u00f6v\u00e4nlig<\/p>\n<\/li>\n<li class=\"\" data-start=\"705\" data-end=\"765\">\n<p class=\"\" data-start=\"707\" data-end=\"765\"><strong data-start=\"707\" data-end=\"726\">Innermaterial:<\/strong> Mjuk och ventilerande \u00e5tervunnen polyester<\/p>\n<\/li>\n<li class=\"\" data-start=\"766\" data-end=\"800\">\n<p class=\"\" data-start=\"768\" data-end=\"800\"><strong data-start=\"768\" data-end=\"779\">Vikt:<\/strong> Cirka 1,4 kg<\/p>\n<\/li>\n<li class=\"\" data-start=\"801\" data-end=\"847\">\n<p class=\"\" data-start=\"803\" data-end=\"847\"><strong data-start=\"803\" data-end=\"818\">M\u00e5tt:<\/strong> Passar anv\u00e4ndare upp till 183 cm l\u00e5nga<\/p>\n<\/li>\n<li class=\"\" data-start=\"848\" data-end=\"891\">\n<p class=\"\" data-start=\"850\" data-end=\"891\"><strong data-start=\"850\" data-end=\"866\">Packad storlek:<\/strong> Kompakt och l\u00e4tt att packa<\/p>\n<\/li>\n<li class=\"\" data-start=\"892\" data-end=\"987\">\n<p class=\"\" data-start=\"894\" data-end=\"987\"><strong data-start=\"894\" data-end=\"905\">Dragkedja:<\/strong> Tv\u00e5v\u00e4gsdragkedja med Thermo Gills\u2122 ventilationskanaler f\u00f6r temperaturreglering<\/p>\n<\/li>\n<li class=\"\" data-start=\"988\" data-end=\"1075\">\n<p class=\"\" data-start=\"990\" data-end=\"1075\"><strong data-start=\"990\" data-end=\"1002\">Komfort:<\/strong> Integrerad ficka f\u00f6r kudde och Spoon\u2122-form f\u00f6r en b\u00e4ttre sovposition<\/p>\n<\/li>\n<li class=\"\" data-start=\"1076\" data-end=\"1228\">\n<p class=\"\" data-start=\"1078\" data-end=\"1228\"><strong data-start=\"1078\" data-end=\"1111\">Milj\u00f6ansvar:<\/strong> Endless Promise-certifierad cirkul\u00e4r ekonomiprodukt, designad f\u00f6r h\u00e5llbarhet och \u00e5tervinningsbarhet i slutet av dess liv<\/p>\n<\/li>\n<\/ul>\n<p class=\"\" data-start=\"1230\" data-end=\"1418\"><strong data-start=\"1234\" data-end=\"1281\">NEMO Forte Men&#8217;s 20 Regular Endless Promise<\/strong> \u00e4r det perfekta valet f\u00f6r vandrare som s\u00f6ker en l\u00e4tt, bekv\u00e4m och milj\u00f6v\u00e4nlig sovs\u00e4ck f\u00f6r svalare f\u00f6rh\u00e5llanden.<\/p>\n","protected":false},"excerpt":{"rendered":"<p>NEMO Forte Men&#8217;s 20 Regular Endless Promise \u00e4r en m\u00e5ngsidig och milj\u00f6v\u00e4nlig tres\u00e4songssovs\u00e4ck designad f\u00f6r m\u00e4n, som erbjuder optimal komfort och utm\u00e4rkt isolering i svalare f\u00f6rh\u00e5llanden. Dess ergonomiska Spoon\u2122-form ger mer utrymme f\u00f6r axlar och h\u00f6fter, vilket g\u00f6r den till ett idealiskt val f\u00f6r sidosovare. Den Endless Promise-certifierade konstruktionen s\u00e4kerst\u00e4ller sovs\u00e4ckens h\u00e5llbarhet och \u00e5tervinningsbarhet i [&#8230;]\n","protected":false},"featured_media":277764,"comment_status":"open","ping_status":"closed","template":"","meta":[],"product_brand":[],"product_cat":[2571],"product_tag":[],"class_list":{"0":"post-285842","1":"product","2":"type-product","3":"status-publish","4":"has-post-thumbnail","6":"product_cat-sovsackar","8":"first","9":"instock","10":"taxable","11":"shipping-taxable","12":"purchasable","13":"product-type-simple"},"composite_virtual":false,"composite_layout":"","composite_add_to_cart_form_location":"","composite_editable_in_cart":false,"composite_sold_individually_context":"","composite_shop_price_calc":"","composite_components":[],"composite_scenarios":[],"group_of_quantity":0,"min_quantity":0,"max_quantity":"","exclude_order_quantity_value_rules":"no","exclude_category_quantity_rules":"no","combine_variations":"no","exclude_global_add_ons":[],"addons":[],"_links":{"self":[{"href":"https:\/\/www.huntersfriend.eu\/sv\/wp-json\/wp\/v2\/product\/285842","targetHints":{"allow":["GET"]}}],"collection":[{"href":"https:\/\/www.huntersfriend.eu\/sv\/wp-json\/wp\/v2\/product"}],"about":[{"href":"https:\/\/www.huntersfriend.eu\/sv\/wp-json\/wp\/v2\/types\/product"}],"replies":[{"embeddable":true,"href":"https:\/\/www.huntersfriend.eu\/sv\/wp-json\/wp\/v2\/comments?post=285842"}],"wp:featuredmedia":[{"embeddable":true,"href":"https:\/\/www.huntersfriend.eu\/sv\/wp-json\/wp\/v2\/media\/277764"}],"wp:attachment":[{"href":"https:\/\/www.huntersfriend.eu\/sv\/wp-json\/wp\/v2\/media?parent=285842"}],"wp:term":[{"taxonomy":"product_brand","embeddable":true,"href":"https:\/\/www.huntersfriend.eu\/sv\/wp-json\/wp\/v2\/product_brand?post=285842"},{"taxonomy":"product_cat","embeddable":true,"href":"https:\/\/www.huntersfriend.eu\/sv\/wp-json\/wp\/v2\/product_cat?post=285842"},{"taxonomy":"product_tag","embeddable":true,"href":"https:\/\/www.huntersfriend.eu\/sv\/wp-json\/wp\/v2\/product_tag?post=285842"}],"curies":[{"name":"wp","href":"https:\/\/api.w.org\/{rel}","templated":true}]}}