{"id":285841,"date":"2025-03-19T17:27:12","date_gmt":"2025-03-19T15:27:12","guid":{"rendered":"https:\/\/www.huntersfriend.eu\/product\/nemo-vortex-pumpsack\/"},"modified":"2025-08-26T10:47:34","modified_gmt":"2025-08-26T08:47:34","slug":"nemo-vortex-pumpsack","status":"publish","type":"product","link":"https:\/\/www.huntersfriend.eu\/sv\/produkt\/nemo-vortex-pumpsack\/","title":{"rendered":"NEMO vortex pumps\u00e4ck"},"content":{"rendered":"<p class=\"\" data-start=\"0\" data-end=\"218\"><strong data-start=\"4\" data-end=\"30\">NEMO Vortex\u2122 pumps\u00e4ck<\/strong> \u00e4r utformad f\u00f6r att g\u00f6ra det enklare och snabbare att bl\u00e5sa upp liggunderlag, samtidigt som den minskar fuktexponeringen f\u00f6r underlaget. Med sin stora kapacitet kan du fylla ett vanligt liggunderlag med bara 2\u20133 pumpar. <\/p>\n<p class=\"\" data-start=\"220\" data-end=\"249\"><strong data-start=\"220\" data-end=\"249\">Tekniska specifikationer:<\/strong><\/p>\n<ul data-start=\"250\" data-end=\"399\">\n<li class=\"\" data-start=\"250\" data-end=\"268\">\n<p class=\"\" data-start=\"252\" data-end=\"268\"><strong data-start=\"252\" data-end=\"263\">Vikt:<\/strong> 60 g<\/p>\n<\/li>\n<li class=\"\" data-start=\"269\" data-end=\"297\">\n<p class=\"\" data-start=\"271\" data-end=\"297\"><strong data-start=\"271\" data-end=\"286\">M\u00e5tt:<\/strong> 45 x 76 cm<\/p>\n<\/li>\n<li class=\"\" data-start=\"298\" data-end=\"334\">\n<p class=\"\" data-start=\"300\" data-end=\"334\"><strong data-start=\"300\" data-end=\"316\">Packad storlek:<\/strong> 19 x 4,5 x 1,5 cm<\/p>\n<\/li>\n<li class=\"\" data-start=\"335\" data-end=\"374\">\n<p class=\"\" data-start=\"337\" data-end=\"374\"><strong data-start=\"337\" data-end=\"350\">Material:<\/strong> 20D PU-belagd polyester<\/p>\n<\/li>\n<li class=\"\" data-start=\"375\" data-end=\"399\">\n<p class=\"\" data-start=\"377\" data-end=\"399\"><strong data-start=\"377\" data-end=\"387\">F\u00e4rg:<\/strong> Citrongr\u00f6n<\/p>\n<\/li>\n<\/ul>\n<p class=\"\" data-start=\"401\" data-end=\"414\"><strong data-start=\"401\" data-end=\"414\">Funktioner:<\/strong><\/p>\n<ul data-start=\"415\" data-end=\"992\">\n<li class=\"\" data-start=\"415\" data-end=\"526\">\n<p class=\"\" data-start=\"417\" data-end=\"526\"><strong data-start=\"417\" data-end=\"436\">Stor kapacitet:<\/strong> Fylls enkelt med en l\u00e4tt andetag, vilket snabbar upp processen att bl\u00e5sa upp ditt liggunderlag.<\/p>\n<\/li>\n<li class=\"\" data-start=\"527\" data-end=\"647\">\n<p class=\"\" data-start=\"529\" data-end=\"647\"><strong data-start=\"529\" data-end=\"565\">F\u00f6rst\u00e4rkt sj\u00e4lvst\u00e4ngande \u00f6ppning:<\/strong> Rullas \u00f6ver och l\u00e5ser luften inuti, vilket m\u00f6jligg\u00f6r snabb \u00f6verf\u00f6ring till liggunderlaget.<\/p>\n<\/li>\n<li class=\"\" data-start=\"648\" data-end=\"750\">\n<p class=\"\" data-start=\"650\" data-end=\"750\"><strong data-start=\"650\" data-end=\"668\">Kompatibilitet:<\/strong> Ansluts s\u00f6ml\u00f6st till Laylow\u2122 multi-ventil f\u00f6r exakt och snabb uppbl\u00e5sning.<\/p>\n<\/li>\n<li class=\"\" data-start=\"751\" data-end=\"842\">\n<p class=\"\" data-start=\"753\" data-end=\"842\"><strong data-start=\"753\" data-end=\"774\">Slitstarkt material:<\/strong> 20D-tyget \u00e4r laminerat med svetsade s\u00f6mmar f\u00f6r \u00f6kad h\u00e5llbarhet.<\/p>\n<\/li>\n<li class=\"\" data-start=\"843\" data-end=\"939\">\n<p class=\"\" data-start=\"845\" data-end=\"939\"><strong data-start=\"845\" data-end=\"865\">Kompakt f\u00f6rvaring:<\/strong> Rullas ihop till storleken av en Sharpie\u00ae-penna, vilket g\u00f6r den l\u00e4tt att b\u00e4ra med sig.<\/p>\n<\/li>\n<li class=\"\" data-start=\"940\" data-end=\"992\">\n<p class=\"\" data-start=\"942\" data-end=\"992\"><strong data-start=\"942\" data-end=\"955\">Garanti:<\/strong> Omfattas av NEMOs livstidsgaranti.<\/p>\n<\/li>\n<\/ul>\n<p class=\"\" data-start=\"994\" data-end=\"1221\"><strong data-start=\"998\" data-end=\"1024\">NEMO Vortex\u2122 pumps\u00e4ck<\/strong> \u00e4r ett idealiskt tillbeh\u00f6r f\u00f6r vandrare och campare som v\u00e4rdes\u00e4tter snabbhet, effektivitet och h\u00e5llbarhet i sin utrustning. Den g\u00f6r det enkelt och hygieniskt att bl\u00e5sa upp liggunderlag, vilket f\u00f6rb\u00e4ttrar din utomhusupplevelse. <\/p>\n","protected":false},"excerpt":{"rendered":"<p>NEMO Vortex\u2122 pumps\u00e4ck \u00e4r utformad f\u00f6r att g\u00f6ra det enklare och snabbare att bl\u00e5sa upp liggunderlag, samtidigt som den minskar fuktexponeringen f\u00f6r underlaget. Med sin stora kapacitet kan du fylla ett vanligt liggunderlag med bara 2\u20133 pumpar. Tekniska specifikationer: Vikt: 60 g M\u00e5tt: 45 x 76 cm Packad storlek: 19 x 4,5 x 1,5 cm [&#8230;]\n","protected":false},"featured_media":277701,"comment_status":"open","ping_status":"closed","template":"","meta":[],"product_brand":[],"product_cat":[2567,2572],"product_tag":[],"class_list":{"0":"post-285841","1":"product","2":"type-product","3":"status-publish","4":"has-post-thumbnail","6":"product_cat-campingtillbehor","7":"product_cat-faltsangar-och-liggunderlag","9":"first","10":"instock","11":"taxable","12":"shipping-taxable","13":"purchasable","14":"product-type-simple"},"composite_virtual":false,"composite_layout":"","composite_add_to_cart_form_location":"","composite_editable_in_cart":false,"composite_sold_individually_context":"","composite_shop_price_calc":"","composite_components":[],"composite_scenarios":[],"group_of_quantity":0,"min_quantity":0,"max_quantity":"","exclude_order_quantity_value_rules":"no","exclude_category_quantity_rules":"no","combine_variations":"no","exclude_global_add_ons":[],"addons":[],"_links":{"self":[{"href":"https:\/\/www.huntersfriend.eu\/sv\/wp-json\/wp\/v2\/product\/285841","targetHints":{"allow":["GET"]}}],"collection":[{"href":"https:\/\/www.huntersfriend.eu\/sv\/wp-json\/wp\/v2\/product"}],"about":[{"href":"https:\/\/www.huntersfriend.eu\/sv\/wp-json\/wp\/v2\/types\/product"}],"replies":[{"embeddable":true,"href":"https:\/\/www.huntersfriend.eu\/sv\/wp-json\/wp\/v2\/comments?post=285841"}],"wp:featuredmedia":[{"embeddable":true,"href":"https:\/\/www.huntersfriend.eu\/sv\/wp-json\/wp\/v2\/media\/277701"}],"wp:attachment":[{"href":"https:\/\/www.huntersfriend.eu\/sv\/wp-json\/wp\/v2\/media?parent=285841"}],"wp:term":[{"taxonomy":"product_brand","embeddable":true,"href":"https:\/\/www.huntersfriend.eu\/sv\/wp-json\/wp\/v2\/product_brand?post=285841"},{"taxonomy":"product_cat","embeddable":true,"href":"https:\/\/www.huntersfriend.eu\/sv\/wp-json\/wp\/v2\/product_cat?post=285841"},{"taxonomy":"product_tag","embeddable":true,"href":"https:\/\/www.huntersfriend.eu\/sv\/wp-json\/wp\/v2\/product_tag?post=285841"}],"curies":[{"name":"wp","href":"https:\/\/api.w.org\/{rel}","templated":true}]}}