{"id":285840,"date":"2025-03-19T17:27:13","date_gmt":"2025-03-19T15:27:13","guid":{"rendered":"https:\/\/www.huntersfriend.eu\/product\/nemo-forte-mens-35-regular-endless-promise\/"},"modified":"2025-08-26T10:47:34","modified_gmt":"2025-08-26T08:47:34","slug":"nemo-forte-mens-35-regular-endless-promise","status":"publish","type":"product","link":"https:\/\/www.huntersfriend.eu\/sv\/produkt\/nemo-forte-mens-35-regular-endless-promise\/","title":{"rendered":"NEMO forte mens 35 regular endless Promise"},"content":{"rendered":"<p class=\"\" data-start=\"0\" data-end=\"411\"><strong data-start=\"4\" data-end=\"51\">NEMO Forte Men&#8217;s 35 Regular Endless Promise<\/strong> \u00e4r en l\u00e4tt och bekv\u00e4m tres\u00e4songssovs\u00e4ck som \u00e4r speciellt utformad f\u00f6r m\u00e4n som sover p\u00e5 sidan. Dess Spoon\u2122-form ger extra utrymme f\u00f6r axlar och h\u00f6fter, vilket m\u00f6jligg\u00f6r en mer avslappnad sovst\u00e4llning. Denna Endless Promise-modell \u00e4r tillverkad av 100 % \u00e5tervunna material och \u00e4r utformad f\u00f6r att vara h\u00e5llbar samtidigt som den minimerar milj\u00f6p\u00e5verkan.  <\/p>\n<p class=\"\" data-start=\"413\" data-end=\"442\"><strong data-start=\"413\" data-end=\"442\">Tekniska specifikationer:<\/strong><\/p>\n<ul data-start=\"443\" data-end=\"1199\">\n<li class=\"\" data-start=\"443\" data-end=\"487\">\n<p class=\"\" data-start=\"445\" data-end=\"487\"><strong data-start=\"445\" data-end=\"468\">Temperaturgradering:<\/strong> Komfort 2 \u00b0C (35 \u00b0F)<\/p>\n<\/li>\n<li class=\"\" data-start=\"488\" data-end=\"587\">\n<p class=\"\" data-start=\"490\" data-end=\"587\"><strong data-start=\"490\" data-end=\"505\">Isolering:<\/strong> PrimaLoft\u00ae RISE syntetisk isolering, l\u00e4tt och effektiv i v\u00e5ta f\u00f6rh\u00e5llanden<\/p>\n<\/li>\n<li class=\"\" data-start=\"588\" data-end=\"663\">\n<p class=\"\" data-start=\"590\" data-end=\"663\"><strong data-start=\"590\" data-end=\"609\">Yttermaterial:<\/strong> 100 % \u00e5tervunnen ripstop-nylon, slitstark och milj\u00f6v\u00e4nlig<\/p>\n<\/li>\n<li class=\"\" data-start=\"664\" data-end=\"724\">\n<p class=\"\" data-start=\"666\" data-end=\"724\"><strong data-start=\"666\" data-end=\"685\">Innermaterial:<\/strong> Mjuk och ventilerande \u00e5tervunnen polyester<\/p>\n<\/li>\n<li class=\"\" data-start=\"725\" data-end=\"759\">\n<p class=\"\" data-start=\"727\" data-end=\"759\"><strong data-start=\"727\" data-end=\"738\">Vikt:<\/strong> Cirka 1,1 kg<\/p>\n<\/li>\n<li class=\"\" data-start=\"760\" data-end=\"806\">\n<p class=\"\" data-start=\"762\" data-end=\"806\"><strong data-start=\"762\" data-end=\"777\">M\u00e5tt:<\/strong> Passar anv\u00e4ndare upp till 183 cm l\u00e5nga<\/p>\n<\/li>\n<li class=\"\" data-start=\"807\" data-end=\"850\">\n<p class=\"\" data-start=\"809\" data-end=\"850\"><strong data-start=\"809\" data-end=\"825\">Packad storlek:<\/strong> Kompakt och l\u00e4tt att packa<\/p>\n<\/li>\n<li class=\"\" data-start=\"851\" data-end=\"946\">\n<p class=\"\" data-start=\"853\" data-end=\"946\"><strong data-start=\"853\" data-end=\"864\">Dragkedja:<\/strong> Tv\u00e5v\u00e4gsdragkedja med Thermo Gills\u2122 ventilationskanaler f\u00f6r temperaturreglering<\/p>\n<\/li>\n<li class=\"\" data-start=\"947\" data-end=\"1042\">\n<p class=\"\" data-start=\"949\" data-end=\"1042\"><strong data-start=\"949\" data-end=\"961\">Komfort:<\/strong> Integrerad ficka f\u00f6r kudde och bredare design f\u00f6r en mer naturlig sovupplevelse<\/p>\n<\/li>\n<li class=\"\" data-start=\"1043\" data-end=\"1199\">\n<p class=\"\" data-start=\"1045\" data-end=\"1199\"><strong data-start=\"1045\" data-end=\"1078\">Milj\u00f6ansvar:<\/strong> Endless Promise-certifierad cirkul\u00e4r ekonomiprodukt, utformad f\u00f6r l\u00e5ng livsl\u00e4ngd och \u00e5tervinningsbarhet i slutet av sin livscykel<\/p>\n<\/li>\n<\/ul>\n<p class=\"\" data-start=\"1201\" data-end=\"1344\"><strong data-start=\"1205\" data-end=\"1252\">NEMO Forte Men&#8217;s 35 Regular Endless Promise<\/strong> \u00e4r det perfekta valet f\u00f6r vandrare som v\u00e4rdes\u00e4tter l\u00e4tt utrustning, komfort och h\u00e5llbarhet.<\/p>\n","protected":false},"excerpt":{"rendered":"<p>NEMO Forte Men&#8217;s 35 Regular Endless Promise \u00e4r en l\u00e4tt och bekv\u00e4m tres\u00e4songssovs\u00e4ck som \u00e4r speciellt utformad f\u00f6r m\u00e4n som sover p\u00e5 sidan. Dess Spoon\u2122-form ger extra utrymme f\u00f6r axlar och h\u00f6fter, vilket m\u00f6jligg\u00f6r en mer avslappnad sovst\u00e4llning. Denna Endless Promise-modell \u00e4r tillverkad av 100 % \u00e5tervunna material och \u00e4r utformad f\u00f6r att vara h\u00e5llbar [&#8230;]\n","protected":false},"featured_media":277739,"comment_status":"open","ping_status":"closed","template":"","meta":[],"product_brand":[],"product_cat":[2571],"product_tag":[],"class_list":{"0":"post-285840","1":"product","2":"type-product","3":"status-publish","4":"has-post-thumbnail","6":"product_cat-sovsackar","8":"first","9":"instock","10":"taxable","11":"shipping-taxable","12":"purchasable","13":"product-type-simple"},"composite_virtual":false,"composite_layout":"","composite_add_to_cart_form_location":"","composite_editable_in_cart":false,"composite_sold_individually_context":"","composite_shop_price_calc":"","composite_components":[],"composite_scenarios":[],"group_of_quantity":0,"min_quantity":0,"max_quantity":"","exclude_order_quantity_value_rules":"no","exclude_category_quantity_rules":"no","combine_variations":"no","exclude_global_add_ons":[],"addons":[],"_links":{"self":[{"href":"https:\/\/www.huntersfriend.eu\/sv\/wp-json\/wp\/v2\/product\/285840","targetHints":{"allow":["GET"]}}],"collection":[{"href":"https:\/\/www.huntersfriend.eu\/sv\/wp-json\/wp\/v2\/product"}],"about":[{"href":"https:\/\/www.huntersfriend.eu\/sv\/wp-json\/wp\/v2\/types\/product"}],"replies":[{"embeddable":true,"href":"https:\/\/www.huntersfriend.eu\/sv\/wp-json\/wp\/v2\/comments?post=285840"}],"wp:featuredmedia":[{"embeddable":true,"href":"https:\/\/www.huntersfriend.eu\/sv\/wp-json\/wp\/v2\/media\/277739"}],"wp:attachment":[{"href":"https:\/\/www.huntersfriend.eu\/sv\/wp-json\/wp\/v2\/media?parent=285840"}],"wp:term":[{"taxonomy":"product_brand","embeddable":true,"href":"https:\/\/www.huntersfriend.eu\/sv\/wp-json\/wp\/v2\/product_brand?post=285840"},{"taxonomy":"product_cat","embeddable":true,"href":"https:\/\/www.huntersfriend.eu\/sv\/wp-json\/wp\/v2\/product_cat?post=285840"},{"taxonomy":"product_tag","embeddable":true,"href":"https:\/\/www.huntersfriend.eu\/sv\/wp-json\/wp\/v2\/product_tag?post=285840"}],"curies":[{"name":"wp","href":"https:\/\/api.w.org\/{rel}","templated":true}]}}