{"id":285839,"date":"2025-03-19T17:27:11","date_gmt":"2025-03-19T15:27:11","guid":{"rendered":"https:\/\/www.huntersfriend.eu\/product\/nemo-switchback-isolerad-normal\/"},"modified":"2025-08-26T10:47:31","modified_gmt":"2025-08-26T08:47:31","slug":"nemo-switchback-isolerad-normal","status":"publish","type":"product","link":"https:\/\/www.huntersfriend.eu\/sv\/produkt\/nemo-switchback-isolerad-normal\/","title":{"rendered":"NEMO Switchback isolerad, normal"},"content":{"rendered":"<p class=\"\" data-start=\"0\" data-end=\"50\"><strong data-start=\"0\" data-end=\"50\">NEMO Switchback isolerad, normalt liggunderlag<\/strong><\/p>\n<p class=\"\" data-start=\"52\" data-end=\"499\"><strong data-start=\"52\" data-end=\"76\">Produktbeskrivning:<\/strong> NEMO Switchback Insulated Regular \u00e4r ett innovativt och m\u00e5ngsidigt liggunderlag designat speciellt f\u00f6r kr\u00e4vande f\u00f6rh\u00e5llanden. Detta isolerade liggunderlag kombinerar utm\u00e4rkt komfort och v\u00e4rmeisolering, vilket g\u00f6r det till det perfekta valet f\u00f6r vandringar och resor i kallare f\u00f6rh\u00e5llanden. Kompakt, l\u00e4tt och slitstarkt, detta underlag \u00e4r designat f\u00f6r att maximera isolering och st\u00f6d samtidigt som det bibeh\u00e5ller sin l\u00e5ga vikt och packbarhet.  <\/p>\n<h3 class=\"\" data-start=\"501\" data-end=\"518\">Viktiga funktioner:<\/h3>\n<ul data-start=\"519\" data-end=\"1817\">\n<li class=\"\" data-start=\"519\" data-end=\"852\">\n<p class=\"\" data-start=\"521\" data-end=\"852\"><strong data-start=\"521\" data-end=\"544\">V\u00e4rmeisolering:<\/strong> Switchback Insulated Regular liggunderlag har ett effektivt v\u00e4rmeisoleringslager som f\u00f6rhindrar att kyla fr\u00e5n marken tr\u00e4nger in, vilket ger utm\u00e4rkt v\u00e4rmeh\u00e5llning i kallare f\u00f6rh\u00e5llanden. Detta isoleringsmaterial \u00e4r noggrant utvalt f\u00f6r att bibeh\u00e5lla sin effektivitet \u00e4ven i v\u00e5ta f\u00f6rh\u00e5llanden. <\/p>\n<\/li>\n<li class=\"\" data-start=\"854\" data-end=\"1071\">\n<p class=\"\" data-start=\"856\" data-end=\"1071\"><strong data-start=\"856\" data-end=\"886\">Mindre vikt, mer komfort:<\/strong> Dess kompakta och l\u00e4tta design g\u00f6r det till det perfekta valet f\u00f6r l\u00e4ttviktsresor och vandringsentusiaster. Det \u00e4r konstruerat f\u00f6r att ge optimal komfort utan att l\u00e4gga till extra vikt. <\/p>\n<\/li>\n<li class=\"\" data-start=\"1073\" data-end=\"1364\">\n<p class=\"\" data-start=\"1075\" data-end=\"1364\"><strong data-start=\"1075\" data-end=\"1100\">Slitstark konstruktion:<\/strong> Switchback Insulated Regular \u00e4r speciellt designad f\u00f6r h\u00e5llbarhet och \u00e4r tillverkad av h\u00f6gkvalitativa material som t\u00e5l l\u00e5ngvarig anv\u00e4ndning och varierande v\u00e4derf\u00f6rh\u00e5llanden. Dess strukturer \u00e4r tuffa, men det kompromissar inte med l\u00e4ttheten, vilket g\u00f6r det l\u00e4tt att b\u00e4ra. <\/p>\n<\/li>\n<li class=\"\" data-start=\"1366\" data-end=\"1595\">\n<p class=\"\" data-start=\"1368\" data-end=\"1595\"><strong data-start=\"1368\" data-end=\"1391\">Kompositmaterial:<\/strong> Underlagets struktur anv\u00e4nder NEMOs egenutvecklade kompositmaterial, som kombinerar l\u00e4tthet och h\u00e5llbarhet f\u00f6r b\u00e4sta m\u00f6jliga prestanda. Detta g\u00f6r underlaget p\u00e5litligt och enkelt att anv\u00e4nda i alla f\u00f6rh\u00e5llanden. <\/p>\n<\/li>\n<li class=\"\" data-start=\"1597\" data-end=\"1817\">\n<p class=\"\" data-start=\"1599\" data-end=\"1817\"><strong data-start=\"1599\" data-end=\"1626\">L\u00e4tt att packa och b\u00e4ra:<\/strong> Switchback Insulated Regular kan enkelt rullas ihop till en liten storlek, vilket g\u00f6r den mycket bekv\u00e4m att b\u00e4ra. Du kan packa den i en liten ryggs\u00e4ck eller f\u00f6rvara den enkelt n\u00e4r du \u00e4r p\u00e5 vandring. <\/p>\n<\/li>\n<\/ul>\n<h3 class=\"\" data-start=\"1819\" data-end=\"1848\">Tekniska specifikationer:<\/h3>\n<ul data-start=\"1849\" data-end=\"2061\">\n<li class=\"\" data-start=\"1849\" data-end=\"1885\">\n<p class=\"\" data-start=\"1851\" data-end=\"1885\"><strong data-start=\"1851\" data-end=\"1860\">Storlek:<\/strong> Normal (183 cm x 51 cm)<\/p>\n<\/li>\n<li class=\"\" data-start=\"1886\" data-end=\"1905\">\n<p class=\"\" data-start=\"1888\" data-end=\"1905\"><strong data-start=\"1888\" data-end=\"1899\">Vikt:<\/strong> 480 g<\/p>\n<\/li>\n<li class=\"\" data-start=\"1906\" data-end=\"1944\">\n<p class=\"\" data-start=\"1908\" data-end=\"1944\"><strong data-start=\"1908\" data-end=\"1924\">Packad storlek:<\/strong> 25 x 10 cm (ihoprullad)<\/p>\n<\/li>\n<li class=\"\" data-start=\"1945\" data-end=\"1983\">\n<p class=\"\" data-start=\"1947\" data-end=\"1983\"><strong data-start=\"1947\" data-end=\"1962\">Isolering:<\/strong> 100 % \u00e5tervinningsbart skum<\/p>\n<\/li>\n<li class=\"\" data-start=\"1984\" data-end=\"2023\">\n<p class=\"\" data-start=\"1986\" data-end=\"2023\"><strong data-start=\"1986\" data-end=\"2019\">R-v\u00e4rde (v\u00e4rmemotst\u00e5nd):<\/strong> 4,0<\/p>\n<\/li>\n<li class=\"\" data-start=\"2024\" data-end=\"2061\">\n<p class=\"\" data-start=\"2026\" data-end=\"2061\"><strong data-start=\"2026\" data-end=\"2039\">Material:<\/strong> polyester \/ komposit<\/p>\n<\/li>\n<\/ul>\n<h3 class=\"\" data-start=\"2063\" data-end=\"2080\">Avsedd anv\u00e4ndning:<\/h3>\n<p class=\"\" data-start=\"2081\" data-end=\"2360\">NEMO Switchback Insulated Regular \u00e4r designad f\u00f6r vandring, camping och andra utomhusaktiviteter d\u00e4r p\u00e5litlig v\u00e4rmeisolering och h\u00e5llbar prestanda beh\u00f6vs. Detta underlag \u00e4r ett utm\u00e4rkt val f\u00f6r dem som v\u00e4rdes\u00e4tter l\u00e4tthet, komfort och p\u00e5litlighet i kallare f\u00f6rh\u00e5llanden. <\/p>\n<h3 class=\"\" data-start=\"2362\" data-end=\"2374\">Sammanfattning:<\/h3>\n<p class=\"\" data-start=\"2375\" data-end=\"2696\">NEMO Switchback Insulated Regular erbjuder en utm\u00e4rkt balans mellan komfort, l\u00e4tthet och isolering, vilket g\u00f6r det till ett idealiskt val f\u00f6r kallare f\u00f6rh\u00e5llanden. Dess slitstarka konstruktion, l\u00e4ttviktsdesign och enkla packbarhet g\u00f6r den till den perfekta utrustningen f\u00f6r vandringar och resor d\u00e4r p\u00e5litligt skydd mot kyla kr\u00e4vs. <\/p>\n","protected":false},"excerpt":{"rendered":"<p>NEMO Switchback isolerad, normalt liggunderlag Produktbeskrivning: NEMO Switchback Insulated Regular \u00e4r ett innovativt och m\u00e5ngsidigt liggunderlag designat speciellt f\u00f6r kr\u00e4vande f\u00f6rh\u00e5llanden. Detta isolerade liggunderlag kombinerar utm\u00e4rkt komfort och v\u00e4rmeisolering, vilket g\u00f6r det till det perfekta valet f\u00f6r vandringar och resor i kallare f\u00f6rh\u00e5llanden. Kompakt, l\u00e4tt och slitstarkt, detta underlag \u00e4r designat f\u00f6r att maximera isolering [&#8230;]\n","protected":false},"featured_media":277780,"comment_status":"open","ping_status":"closed","template":"","meta":[],"product_brand":[],"product_cat":[2567,2572],"product_tag":[],"class_list":{"0":"post-285839","1":"product","2":"type-product","3":"status-publish","4":"has-post-thumbnail","6":"product_cat-campingtillbehor","7":"product_cat-faltsangar-och-liggunderlag","9":"first","10":"instock","11":"taxable","12":"shipping-taxable","13":"purchasable","14":"product-type-simple"},"composite_virtual":false,"composite_layout":"","composite_add_to_cart_form_location":"","composite_editable_in_cart":false,"composite_sold_individually_context":"","composite_shop_price_calc":"","composite_components":[],"composite_scenarios":[],"group_of_quantity":0,"min_quantity":0,"max_quantity":"","exclude_order_quantity_value_rules":"no","exclude_category_quantity_rules":"no","combine_variations":"no","exclude_global_add_ons":[],"addons":[],"_links":{"self":[{"href":"https:\/\/www.huntersfriend.eu\/sv\/wp-json\/wp\/v2\/product\/285839","targetHints":{"allow":["GET"]}}],"collection":[{"href":"https:\/\/www.huntersfriend.eu\/sv\/wp-json\/wp\/v2\/product"}],"about":[{"href":"https:\/\/www.huntersfriend.eu\/sv\/wp-json\/wp\/v2\/types\/product"}],"replies":[{"embeddable":true,"href":"https:\/\/www.huntersfriend.eu\/sv\/wp-json\/wp\/v2\/comments?post=285839"}],"wp:featuredmedia":[{"embeddable":true,"href":"https:\/\/www.huntersfriend.eu\/sv\/wp-json\/wp\/v2\/media\/277780"}],"wp:attachment":[{"href":"https:\/\/www.huntersfriend.eu\/sv\/wp-json\/wp\/v2\/media?parent=285839"}],"wp:term":[{"taxonomy":"product_brand","embeddable":true,"href":"https:\/\/www.huntersfriend.eu\/sv\/wp-json\/wp\/v2\/product_brand?post=285839"},{"taxonomy":"product_cat","embeddable":true,"href":"https:\/\/www.huntersfriend.eu\/sv\/wp-json\/wp\/v2\/product_cat?post=285839"},{"taxonomy":"product_tag","embeddable":true,"href":"https:\/\/www.huntersfriend.eu\/sv\/wp-json\/wp\/v2\/product_tag?post=285839"}],"curies":[{"name":"wp","href":"https:\/\/api.w.org\/{rel}","templated":true}]}}