{"id":285837,"date":"2025-03-19T14:06:20","date_gmt":"2025-03-19T12:06:20","guid":{"rendered":"https:\/\/www.huntersfriend.eu\/product\/nemo-moonlite-fallbar-campingstol\/"},"modified":"2025-08-26T10:47:27","modified_gmt":"2025-08-26T08:47:27","slug":"nemo-moonlite-fallbar-campingstol","status":"publish","type":"product","link":"https:\/\/www.huntersfriend.eu\/sv\/produkt\/nemo-moonlite-fallbar-campingstol\/","title":{"rendered":"NEMO moonlite f\u00e4llbar campingstol"},"content":{"rendered":"<p class=\"\" data-start=\"0\" data-end=\"38\"><strong data-start=\"0\" data-end=\"38\">NEMO moonlite f\u00e4llbar campingstol<\/strong><\/p>\n<p class=\"\" data-start=\"40\" data-end=\"325\">NEMO Moonlite Reclining Camp Chair \u00e4r en l\u00e4tt och anpassningsbar campingstol som erbjuder exceptionell sittkomfort f\u00f6r vandring, backpacking och utomhusaktiviteter. Dess unika justerbara lutningsmekanism g\u00f6r att du kan hitta den optimala positionen f\u00f6r avkoppling var du \u00e4n \u00e4r. <\/p>\n<p class=\"\" data-start=\"327\" data-end=\"356\"><strong data-start=\"327\" data-end=\"356\">Tekniska specifikationer:<\/strong><\/p>\n<ul data-start=\"357\" data-end=\"685\">\n<li class=\"\" data-start=\"357\" data-end=\"376\">\n<p class=\"\" data-start=\"359\" data-end=\"376\"><strong data-start=\"359\" data-end=\"370\">Vikt:<\/strong> 850 g<\/p>\n<\/li>\n<li class=\"\" data-start=\"377\" data-end=\"419\">\n<p class=\"\" data-start=\"379\" data-end=\"419\"><strong data-start=\"379\" data-end=\"403\">M\u00e5tt (\u00f6ppen):<\/strong> 51 x 53 x 65 cm<\/p>\n<\/li>\n<li class=\"\" data-start=\"420\" data-end=\"462\">\n<p class=\"\" data-start=\"422\" data-end=\"462\"><strong data-start=\"422\" data-end=\"446\">M\u00e5tt (packad):<\/strong> 10 x 10 x 35 cm<\/p>\n<\/li>\n<li class=\"\" data-start=\"463\" data-end=\"492\">\n<p class=\"\" data-start=\"465\" data-end=\"492\"><strong data-start=\"465\" data-end=\"485\">Viktkapacitet:<\/strong> 136 kg<\/p>\n<\/li>\n<li class=\"\" data-start=\"493\" data-end=\"660\">\n<p class=\"\" data-start=\"495\" data-end=\"509\"><strong data-start=\"495\" data-end=\"509\">Material:<\/strong><\/p>\n<ul data-start=\"512\" data-end=\"660\">\n<li class=\"\" data-start=\"512\" data-end=\"578\">\n<p class=\"\" data-start=\"514\" data-end=\"578\"><strong data-start=\"514\" data-end=\"524\">Ram:<\/strong> Slitstarkt rostfritt st\u00e5l aluminium (DAC aluminiumr\u00f6r)<\/p>\n<\/li>\n<li class=\"\" data-start=\"581\" data-end=\"660\">\n<p class=\"\" data-start=\"583\" data-end=\"660\"><strong data-start=\"583\" data-end=\"594\">Tyg:<\/strong> \u00c5tervunnen ripstop polyester, b\u00e5de ventilerande och v\u00e4derbest\u00e4ndig<\/p>\n<\/li>\n<\/ul>\n<\/li>\n<li class=\"\" data-start=\"661\" data-end=\"685\">\n<p class=\"\" data-start=\"663\" data-end=\"685\"><strong data-start=\"663\" data-end=\"673\">F\u00e4rg:<\/strong> black Pearl<\/p>\n<\/li>\n<\/ul>\n<p class=\"\" data-start=\"687\" data-end=\"1113\"><strong data-start=\"687\" data-end=\"700\">Funktioner:<\/strong> \u2714 <strong data-start=\"703\" data-end=\"735\">Justerbar lutningsmekanism<\/strong> \u2013 Justera enkelt till \u00f6nskad vinkel med en hand.<br data-start=\"788\" data-end=\"791\">\u2714 <strong data-start=\"793\" data-end=\"811\">Ergonomisk sits<\/strong> \u2013 Formad f\u00f6r komfort och st\u00f6d.<br data-start=\"845\" data-end=\"848\">\u2714 <strong data-start=\"850\" data-end=\"877\">L\u00e4tt och kompakt<\/strong> \u2013 L\u00e4tt att b\u00e4ra f\u00f6r vandringar och resor.<br data-start=\"914\" data-end=\"917\">\u2714 <strong data-start=\"919\" data-end=\"943\">H\u00e5llbar konstruktion<\/strong> \u2013 Stark aluminiumram och v\u00e4derbest\u00e4ndigt tyg s\u00e4kerst\u00e4ller l\u00e5ngvarig anv\u00e4ndning.<br data-start=\"1021\" data-end=\"1024\">\u2714 <strong data-start=\"1026\" data-end=\"1044\">Snabb montering<\/strong> \u2013 Innovativ sn\u00e4ppf\u00e4ste g\u00f6r installation och packning snabb.<\/p>\n<p class=\"\" data-start=\"1115\" data-end=\"1271\">NEMO Moonlite Reclining Camp Chair \u00e4r det perfekta valet f\u00f6r vandrare, campare och friluftsentusiaster som uppskattar komfort och en kompakt packstorlek.<\/p>\n","protected":false},"excerpt":{"rendered":"<p>NEMO moonlite f\u00e4llbar campingstol NEMO Moonlite Reclining Camp Chair \u00e4r en l\u00e4tt och anpassningsbar campingstol som erbjuder exceptionell sittkomfort f\u00f6r vandring, backpacking och utomhusaktiviteter. Dess unika justerbara lutningsmekanism g\u00f6r att du kan hitta den optimala positionen f\u00f6r avkoppling var du \u00e4n \u00e4r. Tekniska specifikationer: Vikt: 850 g M\u00e5tt (\u00f6ppen): 51 x 53 x 65 cm [&#8230;]\n","protected":false},"featured_media":277470,"comment_status":"open","ping_status":"closed","template":"","meta":[],"product_brand":[],"product_cat":[2567],"product_tag":[],"class_list":{"0":"post-285837","1":"product","2":"type-product","3":"status-publish","4":"has-post-thumbnail","6":"product_cat-campingtillbehor","7":"product_shipping_class-medium-sv","9":"first","10":"instock","11":"taxable","12":"shipping-taxable","13":"purchasable","14":"product-type-simple"},"composite_virtual":false,"composite_layout":"","composite_add_to_cart_form_location":"","composite_editable_in_cart":false,"composite_sold_individually_context":"","composite_shop_price_calc":"","composite_components":[],"composite_scenarios":[],"group_of_quantity":0,"min_quantity":0,"max_quantity":"","exclude_order_quantity_value_rules":"no","exclude_category_quantity_rules":"no","combine_variations":"no","exclude_global_add_ons":[],"addons":[],"_links":{"self":[{"href":"https:\/\/www.huntersfriend.eu\/sv\/wp-json\/wp\/v2\/product\/285837","targetHints":{"allow":["GET"]}}],"collection":[{"href":"https:\/\/www.huntersfriend.eu\/sv\/wp-json\/wp\/v2\/product"}],"about":[{"href":"https:\/\/www.huntersfriend.eu\/sv\/wp-json\/wp\/v2\/types\/product"}],"replies":[{"embeddable":true,"href":"https:\/\/www.huntersfriend.eu\/sv\/wp-json\/wp\/v2\/comments?post=285837"}],"wp:featuredmedia":[{"embeddable":true,"href":"https:\/\/www.huntersfriend.eu\/sv\/wp-json\/wp\/v2\/media\/277470"}],"wp:attachment":[{"href":"https:\/\/www.huntersfriend.eu\/sv\/wp-json\/wp\/v2\/media?parent=285837"}],"wp:term":[{"taxonomy":"product_brand","embeddable":true,"href":"https:\/\/www.huntersfriend.eu\/sv\/wp-json\/wp\/v2\/product_brand?post=285837"},{"taxonomy":"product_cat","embeddable":true,"href":"https:\/\/www.huntersfriend.eu\/sv\/wp-json\/wp\/v2\/product_cat?post=285837"},{"taxonomy":"product_tag","embeddable":true,"href":"https:\/\/www.huntersfriend.eu\/sv\/wp-json\/wp\/v2\/product_tag?post=285837"}],"curies":[{"name":"wp","href":"https:\/\/api.w.org\/{rel}","templated":true}]}}