{"id":285836,"date":"2025-03-19T17:21:33","date_gmt":"2025-03-19T15:21:33","guid":{"rendered":"https:\/\/www.huntersfriend.eu\/product\/nemo-mayfly-osmo-3p-talt\/"},"modified":"2025-08-26T10:47:26","modified_gmt":"2025-08-26T08:47:26","slug":"nemo-mayfly-osmo-3p-talt","status":"publish","type":"product","link":"https:\/\/www.huntersfriend.eu\/sv\/produkt\/nemo-mayfly-osmo-3p-talt\/","title":{"rendered":"NEMO Mayfly OSMO 3P-t\u00e4lt"},"content":{"rendered":"<p class=\"\" data-start=\"0\" data-end=\"318\"><strong data-start=\"4\" data-end=\"27\">NEMO Mayfly OSMO 3P<\/strong> \u00e4r ett l\u00e4tt och slitstarkt trepersonerst\u00e4lt designat f\u00f6r vandrare och campare som v\u00e4rdes\u00e4tter b\u00e5de l\u00e5g vikt och h\u00e5llbarhet. Detta semi-frist\u00e5ende t\u00e4lt erbjuder gott om plats f\u00f6r tre personer och har innovativa egenskaper, vilket g\u00f6r det till en p\u00e5litlig f\u00f6ljeslagare f\u00f6r olika \u00e4ventyr. <\/p>\n<p class=\"\" data-start=\"320\" data-end=\"349\"><strong data-start=\"320\" data-end=\"349\">Tekniska specifikationer:<\/strong><\/p>\n<ul data-start=\"350\" data-end=\"1034\">\n<li class=\"\" data-start=\"350\" data-end=\"374\">\n<p class=\"\" data-start=\"352\" data-end=\"374\"><strong data-start=\"352\" data-end=\"365\">Kapacitet:<\/strong> 3 personer<\/p>\n<\/li>\n<li class=\"\" data-start=\"375\" data-end=\"450\">\n<p class=\"\" data-start=\"377\" data-end=\"388\"><strong data-start=\"377\" data-end=\"388\">Vikt:<\/strong><\/p>\n<ul data-start=\"391\" data-end=\"450\">\n<li class=\"\" data-start=\"391\" data-end=\"420\">\n<p class=\"\" data-start=\"393\" data-end=\"420\"><strong data-start=\"393\" data-end=\"412\">Minsta vikt:<\/strong> 1,65 kg<\/p>\n<\/li>\n<li class=\"\" data-start=\"423\" data-end=\"450\">\n<p class=\"\" data-start=\"425\" data-end=\"450\"><strong data-start=\"425\" data-end=\"442\">Total vikt:<\/strong> 1,85 kg<\/p>\n<\/li>\n<\/ul>\n<\/li>\n<li class=\"\" data-start=\"451\" data-end=\"640\">\n<p class=\"\" data-start=\"453\" data-end=\"468\"><strong data-start=\"453\" data-end=\"468\">M\u00e5tt:<\/strong><\/p>\n<ul data-start=\"471\" data-end=\"640\">\n<li class=\"\" data-start=\"471\" data-end=\"496\">\n<p class=\"\" data-start=\"473\" data-end=\"496\"><strong data-start=\"473\" data-end=\"488\">Golvyta:<\/strong> 3,69 m\u00b2<\/p>\n<\/li>\n<li class=\"\" data-start=\"499\" data-end=\"572\">\n<p class=\"\" data-start=\"501\" data-end=\"572\"><strong data-start=\"501\" data-end=\"525\">Innerm\u00e5tt:<\/strong> 223 x 172\/157 cm (l\u00e4ngd x bredd vid huvud\/fot)<\/p>\n<\/li>\n<li class=\"\" data-start=\"575\" data-end=\"600\">\n<p class=\"\" data-start=\"577\" data-end=\"600\"><strong data-start=\"577\" data-end=\"593\">Topph\u00f6jd:<\/strong> 107 cm<\/p>\n<\/li>\n<li class=\"\" data-start=\"603\" data-end=\"640\">\n<p class=\"\" data-start=\"605\" data-end=\"640\"><strong data-start=\"605\" data-end=\"621\">Packstorlek:<\/strong> 46 x 16,5 x 9,5 cm<\/p>\n<\/li>\n<\/ul>\n<\/li>\n<li class=\"\" data-start=\"641\" data-end=\"1034\">\n<p class=\"\" data-start=\"643\" data-end=\"657\"><strong data-start=\"643\" data-end=\"657\">Material:<\/strong><\/p>\n<ul data-start=\"660\" data-end=\"1034\">\n<li class=\"\" data-start=\"660\" data-end=\"756\">\n<p class=\"\" data-start=\"662\" data-end=\"756\"><strong data-start=\"662\" data-end=\"677\">Yttert\u00e4lt:<\/strong> OSMO\u2122-v\u00e4v (100 % \u00e5tervunnen polyester och nylon), vattent\u00e4thet 1500 mm<\/p>\n<\/li>\n<li class=\"\" data-start=\"759\" data-end=\"803\">\n<p class=\"\" data-start=\"761\" data-end=\"803\"><strong data-start=\"761\" data-end=\"776\">Innert\u00e4lt:<\/strong> Polyestertaft och mesh<\/p>\n<\/li>\n<li class=\"\" data-start=\"806\" data-end=\"885\">\n<p class=\"\" data-start=\"808\" data-end=\"885\"><strong data-start=\"808\" data-end=\"823\">T\u00e4ltgolv:<\/strong> 68D PU-belagd polyester ripstop, vattent\u00e4thet 2000 mm<\/p>\n<\/li>\n<li class=\"\" data-start=\"888\" data-end=\"929\">\n<p class=\"\" data-start=\"890\" data-end=\"929\"><strong data-start=\"890\" data-end=\"900\">St\u00e4nger:<\/strong> Aluminium (9,0 mm och 9,5 mm)<\/p>\n<\/li>\n<li class=\"\" data-start=\"932\" data-end=\"950\">\n<p class=\"\" data-start=\"934\" data-end=\"950\"><strong data-start=\"934\" data-end=\"948\">Ing\u00e5ngar:<\/strong> 2<\/p>\n<\/li>\n<li class=\"\" data-start=\"953\" data-end=\"1034\">\n<p class=\"\" data-start=\"955\" data-end=\"1034\"><strong data-start=\"955\" data-end=\"980\">Vestibuler (F\u00f6rt\u00e4lt):<\/strong> 2, vilket ger totalt 1,6 m\u00b2 extra f\u00f6rvaringsutrymme<\/p>\n<\/li>\n<\/ul>\n<\/li>\n<\/ul>\n<p class=\"\" data-start=\"1036\" data-end=\"1049\"><strong data-start=\"1036\" data-end=\"1049\">Funktioner:<\/strong><\/p>\n<ul data-start=\"1050\" data-end=\"1867\">\n<li class=\"\" data-start=\"1050\" data-end=\"1326\">\n<p class=\"\" data-start=\"1052\" data-end=\"1326\"><strong data-start=\"1052\" data-end=\"1069\">OSMO\u2122-v\u00e4v:<\/strong> Detta innovativa material erbjuder fyra g\u00e5nger b\u00e4ttre vattenbest\u00e4ndighet och tre g\u00e5nger mindre stretch i v\u00e5ta f\u00f6rh\u00e5llanden j\u00e4mf\u00f6rt med traditionella t\u00e4ltv\u00e4var. Det \u00e4r tillverkat av 100 % \u00e5tervunna tr\u00e5dar och uppfyller brands\u00e4kerhetsstandarder utan anv\u00e4ndning av tillsatta kemikalier. <\/p>\n<\/li>\n<li class=\"\" data-start=\"1327\" data-end=\"1496\">\n<p class=\"\" data-start=\"1329\" data-end=\"1496\"><strong data-start=\"1329\" data-end=\"1351\">Rymlig interi\u00f6r:<\/strong> F\u00f6rb\u00f6jda, centralt placerade aluminiumst\u00e4nger \u00f6kar utrymmet vid b\u00e5de huvud- och fot\u00e4ndarna av t\u00e4ltet, vilket ger komfort och r\u00f6relsefrihet.<\/p>\n<\/li>\n<li class=\"\" data-start=\"1497\" data-end=\"1584\">\n<p class=\"\" data-start=\"1499\" data-end=\"1584\"><strong data-start=\"1499\" data-end=\"1514\">Enkel installation:<\/strong> Axial\u2122-h\u00f6rnf\u00e4sten m\u00f6jligg\u00f6r snabb och intuitiv installation i en r\u00f6relse.<\/p>\n<\/li>\n<li class=\"\" data-start=\"1585\" data-end=\"1715\">\n<p class=\"\" data-start=\"1587\" data-end=\"1715\"><strong data-start=\"1587\" data-end=\"1605\">Slitstarkt golv:<\/strong> Det starka 68D PU-belagda ripstop-polyestergolvet \u00e4r byggt f\u00f6r att t\u00e5la tung anv\u00e4ndning och f\u00f6rl\u00e4nga t\u00e4ltets livsl\u00e4ngd.<\/p>\n<\/li>\n<li class=\"\" data-start=\"1716\" data-end=\"1867\">\n<p class=\"\" data-start=\"1718\" data-end=\"1867\"><strong data-start=\"1718\" data-end=\"1744\">Divvy Cube\u2122-b\u00e4rv\u00e4ska:<\/strong> En rektangul\u00e4r b\u00e4rv\u00e4ska som m\u00f6jligg\u00f6r viktf\u00f6rdelning mellan vandringspartners och packas effektivt i en ryggs\u00e4ck.<\/p>\n<\/li>\n<\/ul>\n<p class=\"\" data-start=\"1869\" data-end=\"2077\"><strong data-start=\"1873\" data-end=\"1896\">NEMO Mayfly OSMO 3P<\/strong> kombinerar l\u00e4ttviktsdesign, h\u00e5llbarhet och milj\u00f6m\u00e4ssig h\u00e5llbarhet, vilket g\u00f6r det till ett utm\u00e4rkt val f\u00f6r vandrare och campare som s\u00f6ker ett p\u00e5litligt skydd n\u00e4r de ger sig ut i naturen.<\/p>\n","protected":false},"excerpt":{"rendered":"<p>3-personerst\u00e4lt<\/p>\n","protected":false},"featured_media":277670,"comment_status":"open","ping_status":"closed","template":"","meta":[],"product_brand":[],"product_cat":[2615],"product_tag":[],"class_list":{"0":"post-285836","1":"product","2":"type-product","3":"status-publish","4":"has-post-thumbnail","6":"product_cat-talt","8":"first","9":"instock","10":"taxable","11":"shipping-taxable","12":"purchasable","13":"product-type-simple"},"composite_virtual":false,"composite_layout":"","composite_add_to_cart_form_location":"","composite_editable_in_cart":false,"composite_sold_individually_context":"","composite_shop_price_calc":"","composite_components":[],"composite_scenarios":[],"group_of_quantity":0,"min_quantity":0,"max_quantity":"","exclude_order_quantity_value_rules":"no","exclude_category_quantity_rules":"no","combine_variations":"no","exclude_global_add_ons":[],"addons":[],"_links":{"self":[{"href":"https:\/\/www.huntersfriend.eu\/sv\/wp-json\/wp\/v2\/product\/285836","targetHints":{"allow":["GET"]}}],"collection":[{"href":"https:\/\/www.huntersfriend.eu\/sv\/wp-json\/wp\/v2\/product"}],"about":[{"href":"https:\/\/www.huntersfriend.eu\/sv\/wp-json\/wp\/v2\/types\/product"}],"replies":[{"embeddable":true,"href":"https:\/\/www.huntersfriend.eu\/sv\/wp-json\/wp\/v2\/comments?post=285836"}],"wp:featuredmedia":[{"embeddable":true,"href":"https:\/\/www.huntersfriend.eu\/sv\/wp-json\/wp\/v2\/media\/277670"}],"wp:attachment":[{"href":"https:\/\/www.huntersfriend.eu\/sv\/wp-json\/wp\/v2\/media?parent=285836"}],"wp:term":[{"taxonomy":"product_brand","embeddable":true,"href":"https:\/\/www.huntersfriend.eu\/sv\/wp-json\/wp\/v2\/product_brand?post=285836"},{"taxonomy":"product_cat","embeddable":true,"href":"https:\/\/www.huntersfriend.eu\/sv\/wp-json\/wp\/v2\/product_cat?post=285836"},{"taxonomy":"product_tag","embeddable":true,"href":"https:\/\/www.huntersfriend.eu\/sv\/wp-json\/wp\/v2\/product_tag?post=285836"}],"curies":[{"name":"wp","href":"https:\/\/api.w.org\/{rel}","templated":true}]}}