{"id":285833,"date":"2025-03-19T17:21:33","date_gmt":"2025-03-19T15:21:33","guid":{"rendered":"https:\/\/www.huntersfriend.eu\/product\/nemo-dagger-osmo-2p-footprint\/"},"modified":"2025-08-26T10:47:24","modified_gmt":"2025-08-26T08:47:24","slug":"nemo-dagger-osmo-2p-footprint","status":"publish","type":"product","link":"https:\/\/www.huntersfriend.eu\/sv\/produkt\/nemo-dagger-osmo-2p-footprint\/","title":{"rendered":"NEMO dagger OSMO 2P footprint"},"content":{"rendered":"<p class=\"\" data-start=\"0\" data-end=\"286\"><strong data-start=\"4\" data-end=\"37\">NEMO Dagger OSMO 2P Footprint<\/strong> \u00e4r ett underlag som \u00e4r specifikt utformat f\u00f6r <strong data-start=\"85\" data-end=\"113\">NEMO Dagger OSMO 2P-t\u00e4ltet<\/strong> och ger extra skydd mot slitage, fukt och vassa ytor. Det hj\u00e4lper till att f\u00f6rl\u00e4nga t\u00e4ltets livsl\u00e4ngd och f\u00f6rb\u00e4ttrar dess h\u00e5llbarhet i olika terr\u00e4ngf\u00f6rh\u00e5llanden. <\/p>\n<p class=\"\" data-start=\"288\" data-end=\"317\"><strong data-start=\"288\" data-end=\"317\">Tekniska specifikationer:<\/strong><\/p>\n<ul data-start=\"318\" data-end=\"508\">\n<li class=\"\" data-start=\"318\" data-end=\"363\">\n<p class=\"\" data-start=\"320\" data-end=\"363\"><strong data-start=\"320\" data-end=\"338\">Kompatibilitet:<\/strong> NEMO Dagger OSMO 2P-t\u00e4lt<\/p>\n<\/li>\n<li class=\"\" data-start=\"364\" data-end=\"394\">\n<p class=\"\" data-start=\"366\" data-end=\"394\"><strong data-start=\"366\" data-end=\"381\">M\u00e5tt:<\/strong> 216 x 127 cm<\/p>\n<\/li>\n<li class=\"\" data-start=\"395\" data-end=\"414\">\n<p class=\"\" data-start=\"397\" data-end=\"414\"><strong data-start=\"397\" data-end=\"408\">Vikt:<\/strong> 224 g<\/p>\n<\/li>\n<li class=\"\" data-start=\"415\" data-end=\"485\">\n<p class=\"\" data-start=\"417\" data-end=\"485\"><strong data-start=\"417\" data-end=\"430\">Material:<\/strong> 68D PU-belagd polyester (vattent\u00e4thet 1200 mm)<\/p>\n<\/li>\n<li class=\"\" data-start=\"486\" data-end=\"508\">\n<p class=\"\" data-start=\"488\" data-end=\"508\"><strong data-start=\"488\" data-end=\"498\">F\u00e4rg:<\/strong> m\u00f6rkgr\u00e5<\/p>\n<\/li>\n<\/ul>\n<p class=\"\" data-start=\"510\" data-end=\"523\"><strong data-start=\"510\" data-end=\"523\">Funktioner:<\/strong><\/p>\n<ul data-start=\"524\" data-end=\"887\">\n<li class=\"\" data-start=\"524\" data-end=\"616\">\n<p class=\"\" data-start=\"526\" data-end=\"616\"><strong data-start=\"526\" data-end=\"559\">Motst\u00e5ndskraft mot fukt och slitage:<\/strong> Skyddar t\u00e4ltgolvet fr\u00e5n stenar, r\u00f6tter och fukt.<\/p>\n<\/li>\n<li class=\"\" data-start=\"617\" data-end=\"696\">\n<p class=\"\" data-start=\"619\" data-end=\"696\"><strong data-start=\"619\" data-end=\"647\">L\u00e4tt och kompakt:<\/strong> L\u00e4tt att b\u00e4ra utan att tillf\u00f6ra betydande vikt.<\/p>\n<\/li>\n<li class=\"\" data-start=\"697\" data-end=\"815\">\n<p class=\"\" data-start=\"699\" data-end=\"815\"><strong data-start=\"699\" data-end=\"719\">Enkel fasts\u00e4ttning:<\/strong> F\u00e4stpunkterna \u00e4r utformade f\u00f6r att vara kompatibla med t\u00e4ltet, vilket s\u00e4kerst\u00e4ller snabb och s\u00e4ker upps\u00e4ttning.<\/p>\n<\/li>\n<li class=\"\" data-start=\"816\" data-end=\"887\">\n<p class=\"\" data-start=\"818\" data-end=\"887\"><strong data-start=\"818\" data-end=\"844\">F\u00f6rl\u00e4nger t\u00e4ltets livsl\u00e4ngd:<\/strong> Minskar belastningen och slitaget p\u00e5 t\u00e4ltgolvet.<\/p>\n<\/li>\n<\/ul>\n<p class=\"\" data-start=\"889\" data-end=\"1049\"><strong data-start=\"893\" data-end=\"926\">NEMO Dagger OSMO 2P Footprint<\/strong> \u00e4r ett viktigt tillbeh\u00f6r f\u00f6r alla som vill skydda sitt t\u00e4lt och f\u00f6rb\u00e4ttra dess h\u00e5llbarhet i olika typer av terr\u00e4ng.<\/p>\n","protected":false},"excerpt":{"rendered":"<p>NEMO Dagger OSMO 2P Footprint \u00e4r ett underlag som \u00e4r specifikt utformat f\u00f6r NEMO Dagger OSMO 2P-t\u00e4ltet och ger extra skydd mot slitage, fukt och vassa ytor. Det hj\u00e4lper till att f\u00f6rl\u00e4nga t\u00e4ltets livsl\u00e4ngd och f\u00f6rb\u00e4ttrar dess h\u00e5llbarhet i olika terr\u00e4ngf\u00f6rh\u00e5llanden. Tekniska specifikationer: Kompatibilitet: NEMO Dagger OSMO 2P-t\u00e4lt M\u00e5tt: 216 x 127 cm Vikt: 224 [&#8230;]\n","protected":false},"featured_media":277664,"comment_status":"open","ping_status":"closed","template":"","meta":[],"product_brand":[],"product_cat":[2567,2614,2615],"product_tag":[],"class_list":{"0":"post-285833","1":"product","2":"type-product","3":"status-publish","4":"has-post-thumbnail","6":"product_cat-campingtillbehor","7":"product_cat-presenningar","8":"product_cat-talt","10":"first","11":"outofstock","12":"taxable","13":"shipping-taxable","14":"purchasable","15":"product-type-simple"},"composite_virtual":false,"composite_layout":"","composite_add_to_cart_form_location":"","composite_editable_in_cart":false,"composite_sold_individually_context":"","composite_shop_price_calc":"","composite_components":[],"composite_scenarios":[],"group_of_quantity":0,"min_quantity":0,"max_quantity":"","exclude_order_quantity_value_rules":"no","exclude_category_quantity_rules":"no","combine_variations":"no","exclude_global_add_ons":[],"addons":[],"_links":{"self":[{"href":"https:\/\/www.huntersfriend.eu\/sv\/wp-json\/wp\/v2\/product\/285833","targetHints":{"allow":["GET"]}}],"collection":[{"href":"https:\/\/www.huntersfriend.eu\/sv\/wp-json\/wp\/v2\/product"}],"about":[{"href":"https:\/\/www.huntersfriend.eu\/sv\/wp-json\/wp\/v2\/types\/product"}],"replies":[{"embeddable":true,"href":"https:\/\/www.huntersfriend.eu\/sv\/wp-json\/wp\/v2\/comments?post=285833"}],"wp:featuredmedia":[{"embeddable":true,"href":"https:\/\/www.huntersfriend.eu\/sv\/wp-json\/wp\/v2\/media\/277664"}],"wp:attachment":[{"href":"https:\/\/www.huntersfriend.eu\/sv\/wp-json\/wp\/v2\/media?parent=285833"}],"wp:term":[{"taxonomy":"product_brand","embeddable":true,"href":"https:\/\/www.huntersfriend.eu\/sv\/wp-json\/wp\/v2\/product_brand?post=285833"},{"taxonomy":"product_cat","embeddable":true,"href":"https:\/\/www.huntersfriend.eu\/sv\/wp-json\/wp\/v2\/product_cat?post=285833"},{"taxonomy":"product_tag","embeddable":true,"href":"https:\/\/www.huntersfriend.eu\/sv\/wp-json\/wp\/v2\/product_tag?post=285833"}],"curies":[{"name":"wp","href":"https:\/\/api.w.org\/{rel}","templated":true}]}}