{"id":285832,"date":"2025-03-19T14:06:20","date_gmt":"2025-03-19T12:06:20","guid":{"rendered":"https:\/\/www.huntersfriend.eu\/product\/ameristep-3d-tyg-for-gomslen\/"},"modified":"2025-08-26T10:47:24","modified_gmt":"2025-08-26T08:47:24","slug":"ameristep-3d-tyg-for-gomslen","status":"publish","type":"product","link":"https:\/\/www.huntersfriend.eu\/sv\/produkt\/ameristep-3d-tyg-for-gomslen\/","title":{"rendered":"Ameristep 3D-tyg f\u00f6r g\u00f6mslen"},"content":{"rendered":"<p class=\"\" data-start=\"0\" data-end=\"99\"><strong data-start=\"0\" data-end=\"99\">Ameristep 3D-tyg f\u00f6r g\u00f6mslen \u2013 extra material f\u00f6r konstruktion av g\u00f6mslen eller kamouflageskydd<\/strong><\/p>\n<p class=\"\" data-start=\"101\" data-end=\"327\"><strong data-start=\"105\" data-end=\"134\">Ameristep 3D-tyg f\u00f6r g\u00f6mslen<\/strong> \u00e4r ett idealiskt material f\u00f6r att bygga g\u00f6mslen eller som ett frist\u00e5ende kamouflageskydd. Tyget har en 3D-design, \u00e4r slitstarkt och fuktt\u00e5ligt, vilket g\u00f6r det l\u00e4mpligt f\u00f6r utomhusbruk. <\/p>\n<p class=\"\" data-start=\"329\" data-end=\"348\"><strong data-start=\"329\" data-end=\"348\">Specifikationer:<\/strong><\/p>\n<ul data-start=\"349\" data-end=\"508\">\n<li class=\"\" data-start=\"349\" data-end=\"378\">\n<p class=\"\" data-start=\"351\" data-end=\"378\"><strong data-start=\"351\" data-end=\"360\">Storlek:<\/strong> 365 cm x 152 cm<\/p>\n<\/li>\n<li class=\"\" data-start=\"379\" data-end=\"427\">\n<p class=\"\" data-start=\"381\" data-end=\"427\"><strong data-start=\"381\" data-end=\"394\">Material:<\/strong> Utformat f\u00f6r att t\u00e5la fukt<\/p>\n<\/li>\n<li class=\"\" data-start=\"428\" data-end=\"508\">\n<p class=\"\" data-start=\"430\" data-end=\"508\"><strong data-start=\"430\" data-end=\"440\">Anv\u00e4ndning:<\/strong> Kan anv\u00e4ndas f\u00f6r att bygga g\u00f6mslen eller som ett frist\u00e5ende kamouflageskydd<\/p>\n<\/li>\n<\/ul>\n<p class=\"\" data-start=\"510\" data-end=\"640\">Detta m\u00e5ngsidiga material erbjuder b\u00e5de h\u00e5llbarhet och funktionalitet, vilket g\u00f6r det till ett utm\u00e4rkt tillskott till alla jakt- eller utomhusutrustningar.<\/p>\n","protected":false},"excerpt":{"rendered":"<p>Ameristep 3D-tyg f\u00f6r g\u00f6mslen \u2013 extra material f\u00f6r konstruktion av g\u00f6mslen eller kamouflageskydd Ameristep 3D-tyg f\u00f6r g\u00f6mslen \u00e4r ett idealiskt material f\u00f6r att bygga g\u00f6mslen eller som ett frist\u00e5ende kamouflageskydd. Tyget har en 3D-design, \u00e4r slitstarkt och fuktt\u00e5ligt, vilket g\u00f6r det l\u00e4mpligt f\u00f6r utomhusbruk. Specifikationer: Storlek: 365 cm x 152 cm Material: Utformat f\u00f6r att [&#8230;]\n","protected":false},"featured_media":277934,"comment_status":"open","ping_status":"closed","template":"","meta":[],"product_brand":[],"product_cat":[2718,2563],"product_tag":[],"class_list":{"0":"post-285832","1":"product","2":"type-product","3":"status-publish","4":"has-post-thumbnail","6":"product_cat-markgomslen","7":"product_cat-tillbehor-for-jakt-torn-och-gomslen","9":"first","10":"instock","11":"taxable","12":"shipping-taxable","13":"purchasable","14":"product-type-simple"},"composite_virtual":false,"composite_layout":"","composite_add_to_cart_form_location":"","composite_editable_in_cart":false,"composite_sold_individually_context":"","composite_shop_price_calc":"","composite_components":[],"composite_scenarios":[],"group_of_quantity":0,"min_quantity":0,"max_quantity":"","exclude_order_quantity_value_rules":"no","exclude_category_quantity_rules":"no","combine_variations":"no","exclude_global_add_ons":[],"addons":[],"_links":{"self":[{"href":"https:\/\/www.huntersfriend.eu\/sv\/wp-json\/wp\/v2\/product\/285832","targetHints":{"allow":["GET"]}}],"collection":[{"href":"https:\/\/www.huntersfriend.eu\/sv\/wp-json\/wp\/v2\/product"}],"about":[{"href":"https:\/\/www.huntersfriend.eu\/sv\/wp-json\/wp\/v2\/types\/product"}],"replies":[{"embeddable":true,"href":"https:\/\/www.huntersfriend.eu\/sv\/wp-json\/wp\/v2\/comments?post=285832"}],"wp:featuredmedia":[{"embeddable":true,"href":"https:\/\/www.huntersfriend.eu\/sv\/wp-json\/wp\/v2\/media\/277934"}],"wp:attachment":[{"href":"https:\/\/www.huntersfriend.eu\/sv\/wp-json\/wp\/v2\/media?parent=285832"}],"wp:term":[{"taxonomy":"product_brand","embeddable":true,"href":"https:\/\/www.huntersfriend.eu\/sv\/wp-json\/wp\/v2\/product_brand?post=285832"},{"taxonomy":"product_cat","embeddable":true,"href":"https:\/\/www.huntersfriend.eu\/sv\/wp-json\/wp\/v2\/product_cat?post=285832"},{"taxonomy":"product_tag","embeddable":true,"href":"https:\/\/www.huntersfriend.eu\/sv\/wp-json\/wp\/v2\/product_tag?post=285832"}],"curies":[{"name":"wp","href":"https:\/\/api.w.org\/{rel}","templated":true}]}}