{"id":285830,"date":"2025-03-19T11:40:14","date_gmt":"2025-03-19T09:40:14","guid":{"rendered":"https:\/\/www.huntersfriend.eu\/product\/hawk-monkey-bars-ring-av-steg\/"},"modified":"2025-08-26T10:47:22","modified_gmt":"2025-08-26T08:47:22","slug":"hawk-monkey-bars-ring-av-steg","status":"publish","type":"product","link":"https:\/\/www.huntersfriend.eu\/sv\/produkt\/hawk-monkey-bars-ring-av-steg\/","title":{"rendered":"Hawk monkey bars \u2013 ring av steg"},"content":{"rendered":"<p class=\"\" data-start=\"0\" data-end=\"57\"><strong data-start=\"0\" data-end=\"57\">Ring av steg \u2013 portabel och t\u00e5lig jaktplattform<\/strong><\/p>\n<p class=\"\" data-start=\"59\" data-end=\"350\"><strong data-start=\"63\" data-end=\"80\">Ring of Steps<\/strong> \u00e4r en m\u00e5ngsidig produkt designad f\u00f6r sadeljakt eller andra plattformsjaktmetoder, och ger ett ultraportabelt, s\u00e4kert och p\u00e5litligt s\u00e4tt att kl\u00e4ttra i tr\u00e4d. Oavsett om du jagar fr\u00e5n en sadel eller andra plattformar, erbjuder dessa steg utm\u00e4rkt grepp, dragkraft och komfort. <\/p>\n<p class=\"\" data-start=\"352\" data-end=\"371\"><strong data-start=\"352\" data-end=\"371\">Specifikationer:<\/strong><\/p>\n<ul data-start=\"372\" data-end=\"753\">\n<li class=\"\" data-start=\"372\" data-end=\"425\">\n<p class=\"\" data-start=\"374\" data-end=\"425\"><strong data-start=\"374\" data-end=\"391\">Konstruktion:<\/strong> Aluminium, l\u00e4tt och t\u00e5lig<\/p>\n<\/li>\n<li class=\"\" data-start=\"426\" data-end=\"457\">\n<p class=\"\" data-start=\"428\" data-end=\"457\"><strong data-start=\"428\" data-end=\"448\">Vikt per steg:<\/strong> 85 gram<\/p>\n<\/li>\n<li class=\"\" data-start=\"458\" data-end=\"500\">\n<p class=\"\" data-start=\"460\" data-end=\"500\"><strong data-start=\"460\" data-end=\"492\">Vikt med 4 steg &amp; rem:<\/strong> 0,7 kg<\/p>\n<\/li>\n<li class=\"\" data-start=\"501\" data-end=\"530\">\n<p class=\"\" data-start=\"503\" data-end=\"530\"><strong data-start=\"503\" data-end=\"520\">Reml\u00e4ngd:<\/strong> 173 cm<\/p>\n<\/li>\n<li class=\"\" data-start=\"531\" data-end=\"559\">\n<p class=\"\" data-start=\"533\" data-end=\"559\"><strong data-start=\"533\" data-end=\"551\">Viktkapacitet:<\/strong> 136 kg<\/p>\n<\/li>\n<li class=\"\" data-start=\"560\" data-end=\"629\">\n<p class=\"\" data-start=\"562\" data-end=\"629\"><strong data-start=\"562\" data-end=\"572\">Rem:<\/strong> 2,5 cm brett sp\u00e4nnband med snabbsp\u00e4nne f\u00f6r s\u00e4ker fasts\u00e4ttning<\/p>\n<\/li>\n<li class=\"\" data-start=\"630\" data-end=\"697\">\n<p class=\"\" data-start=\"632\" data-end=\"697\"><strong data-start=\"632\" data-end=\"648\">Portabilitet:<\/strong> Extremt portabel och kompakt f\u00f6r enkel transport<\/p>\n<\/li>\n<li class=\"\" data-start=\"698\" data-end=\"753\">\n<p class=\"\" data-start=\"700\" data-end=\"753\"><strong data-start=\"700\" data-end=\"709\">Grepp:<\/strong> Robust m\u00f6nster f\u00f6r \u00f6verl\u00e4gset grepp och dragkraft<\/p>\n<\/li>\n<\/ul>\n<p class=\"\" data-start=\"755\" data-end=\"1071\"><strong data-start=\"759\" data-end=\"776\">Ring of Steps<\/strong> \u00e4r det perfekta valet f\u00f6r mobil jakt och erbjuder en kompakt och l\u00e4tt l\u00f6sning utan att kompromissa med styrka eller h\u00e5llbarhet. Dess robusta design s\u00e4kerst\u00e4ller utm\u00e4rkt grepp, vilket m\u00f6jligg\u00f6r s\u00e4ker och enkel kl\u00e4ttring, vilket g\u00f6r den idealisk f\u00f6r alla utomhusaktiviteter d\u00e4r portabilitet och tillf\u00f6rlitlighet spelar roll. <\/p>\n","protected":false},"excerpt":{"rendered":"<p>Ring av steg \u2013 portabel och t\u00e5lig jaktplattform Ring of Steps \u00e4r en m\u00e5ngsidig produkt designad f\u00f6r sadeljakt eller andra plattformsjaktmetoder, och ger ett ultraportabelt, s\u00e4kert och p\u00e5litligt s\u00e4tt att kl\u00e4ttra i tr\u00e4d. Oavsett om du jagar fr\u00e5n en sadel eller andra plattformar, erbjuder dessa steg utm\u00e4rkt grepp, dragkraft och komfort. Specifikationer: Konstruktion: Aluminium, l\u00e4tt [&#8230;]\n","protected":false},"featured_media":277937,"comment_status":"open","ping_status":"closed","template":"","meta":[],"product_brand":[],"product_cat":[2717,2563],"product_tag":[],"class_list":{"0":"post-285830","1":"product","2":"type-product","3":"status-publish","4":"has-post-thumbnail","6":"product_cat-klatterpinnar-tradsteg","7":"product_cat-tillbehor-for-jakt-torn-och-gomslen","9":"first","10":"instock","11":"taxable","12":"shipping-taxable","13":"purchasable","14":"product-type-simple"},"composite_virtual":false,"composite_layout":"","composite_add_to_cart_form_location":"","composite_editable_in_cart":false,"composite_sold_individually_context":"","composite_shop_price_calc":"","composite_components":[],"composite_scenarios":[],"group_of_quantity":0,"min_quantity":0,"max_quantity":"","exclude_order_quantity_value_rules":"no","exclude_category_quantity_rules":"no","combine_variations":"no","exclude_global_add_ons":[],"addons":[],"_links":{"self":[{"href":"https:\/\/www.huntersfriend.eu\/sv\/wp-json\/wp\/v2\/product\/285830","targetHints":{"allow":["GET"]}}],"collection":[{"href":"https:\/\/www.huntersfriend.eu\/sv\/wp-json\/wp\/v2\/product"}],"about":[{"href":"https:\/\/www.huntersfriend.eu\/sv\/wp-json\/wp\/v2\/types\/product"}],"replies":[{"embeddable":true,"href":"https:\/\/www.huntersfriend.eu\/sv\/wp-json\/wp\/v2\/comments?post=285830"}],"wp:featuredmedia":[{"embeddable":true,"href":"https:\/\/www.huntersfriend.eu\/sv\/wp-json\/wp\/v2\/media\/277937"}],"wp:attachment":[{"href":"https:\/\/www.huntersfriend.eu\/sv\/wp-json\/wp\/v2\/media?parent=285830"}],"wp:term":[{"taxonomy":"product_brand","embeddable":true,"href":"https:\/\/www.huntersfriend.eu\/sv\/wp-json\/wp\/v2\/product_brand?post=285830"},{"taxonomy":"product_cat","embeddable":true,"href":"https:\/\/www.huntersfriend.eu\/sv\/wp-json\/wp\/v2\/product_cat?post=285830"},{"taxonomy":"product_tag","embeddable":true,"href":"https:\/\/www.huntersfriend.eu\/sv\/wp-json\/wp\/v2\/product_tag?post=285830"}],"curies":[{"name":"wp","href":"https:\/\/api.w.org\/{rel}","templated":true}]}}