{"id":285828,"date":"2025-03-18T09:31:34","date_gmt":"2025-03-18T07:31:34","guid":{"rendered":"https:\/\/www.huntersfriend.eu\/product\/swhacker-202-2-blad-125-gr-225\/"},"modified":"2025-08-26T10:47:20","modified_gmt":"2025-08-26T08:47:20","slug":"swhacker-202-2-blad-125-gr-225","status":"publish","type":"product","link":"https:\/\/www.huntersfriend.eu\/sv\/produkt\/swhacker-202-2-blad-125-gr-225\/","title":{"rendered":"Swhacker #202 2-blad 125 gr 2,25&#8243;"},"content":{"rendered":"<p>Swhackers <strong>slice-twice<\/strong> bladdesign ger dig tv\u00e5 separata sk\u00e4reggar.<\/p>\n<p>Den f\u00f6rsta upps\u00e4ttningen eggar, vingbladen, anv\u00e4nds f\u00f6r att sk\u00e4ra igenom huden och den f\u00f6rsta upps\u00e4ttningen revben. Dessa blad anv\u00e4nds ocks\u00e5 f\u00f6r att \u00f6ppna broadheaden och \u00e4r mycket mindre \u00e4n huvudbladen. De tar mest stryk genom att sk\u00e4ra igenom h\u00e5r, smuts, hud och ben vid intr\u00e4de. De mindre vingbladen kr\u00e4ver mindre energi f\u00f6r att penetrera \u00e4n en \u201c\u00f6ppen vid tr\u00e4ff\u201d broadhead. Vingbladen ger ocks\u00e5 en lastb\u00e4rande yta f\u00f6r hylsan vid tr\u00e4ff.    <\/p>\n<p>Den andra upps\u00e4ttningen eggar, huvudbladen, blir inte sl\u00f6a av hud eller ben under den initiala penetrationen. Detta g\u00f6r att huvudbladen f\u00f6rblir rakbladsvassa n\u00e4r de \u00f6ppnas inuti kroppsh\u00e5lan och st\u00e4ller till med f\u00f6r\u00f6delse p\u00e5 muskler, v\u00e4vnad och organ. <\/p>\n<p><strong>*Inkluderar inte ett \u00f6vningshuvud.<\/strong><\/p>\n<div class=\"short-description\">\n<p>125 Grain Mechanical 2-Blade Broadhead med 1-tums diameter under flygning som \u00f6ppnas till 2,25 tum efter penetration. *Inkluderar inte ett \u00f6vningshuvud. <\/p>\n<\/div>\n<div class=\"list-includes\">\n<p>Paketet inneh\u00e5ller:<\/p>\n<ul>\n<li>3 broadheads<\/li>\n<li>\u00c5teranv\u00e4ndbart fodral<\/li>\n<li>6 ers\u00e4ttningsband<\/li>\n<\/ul>\n<\/div>\n<div class=\"specifications\">\n<div class=\"specification-list-item\">\n<div class=\"list-text\"><span class=\"metalabel\">Blad<\/span><br \/>\n0,031-tums tjockt rostfritt st\u00e5l, 1 tum brett st\u00e4ngt, 2,25 tum brett \u00f6ppet, 2,15-tums huvudl\u00e4ngd fr\u00e5n insats till spets<\/div>\n<\/div>\n<div class=\"specification-list-item\">\n<div class=\"list-icon\"><\/div>\n<div class=\"list-text\"><span class=\"metalabel\">Hylsa<\/span><br \/>\nAnodiserad flygplansaluminium<\/div>\n<\/div>\n<div class=\"specification-list-item\">\n<div class=\"list-icon\"><\/div>\n<div class=\"list-text\"><span class=\"metalabel\">Spets<\/span><br \/>\nH\u00e4rdat kolst\u00e5l, ih\u00e5ligt slipat (g\u00e4ngat)<\/div>\n<\/div>\n<\/div>\n","protected":false},"excerpt":{"rendered":"<p>3-pack, 125 grain<\/p>\n","protected":false},"featured_media":277262,"comment_status":"open","ping_status":"closed","template":"","meta":[],"product_brand":[],"product_cat":[878],"product_tag":[],"class_list":{"0":"post-285828","1":"product","2":"type-product","3":"status-publish","4":"has-post-thumbnail","6":"product_cat-uncategorized-sv","8":"first","9":"outofstock","10":"featured","11":"taxable","12":"shipping-taxable","13":"purchasable","14":"product-type-simple"},"composite_virtual":false,"composite_layout":"","composite_add_to_cart_form_location":"","composite_editable_in_cart":false,"composite_sold_individually_context":"","composite_shop_price_calc":"","composite_components":[],"composite_scenarios":[],"group_of_quantity":0,"min_quantity":0,"max_quantity":"","exclude_order_quantity_value_rules":"no","exclude_category_quantity_rules":"no","combine_variations":"no","exclude_global_add_ons":[],"addons":[],"_links":{"self":[{"href":"https:\/\/www.huntersfriend.eu\/sv\/wp-json\/wp\/v2\/product\/285828","targetHints":{"allow":["GET"]}}],"collection":[{"href":"https:\/\/www.huntersfriend.eu\/sv\/wp-json\/wp\/v2\/product"}],"about":[{"href":"https:\/\/www.huntersfriend.eu\/sv\/wp-json\/wp\/v2\/types\/product"}],"replies":[{"embeddable":true,"href":"https:\/\/www.huntersfriend.eu\/sv\/wp-json\/wp\/v2\/comments?post=285828"}],"wp:featuredmedia":[{"embeddable":true,"href":"https:\/\/www.huntersfriend.eu\/sv\/wp-json\/wp\/v2\/media\/277262"}],"wp:attachment":[{"href":"https:\/\/www.huntersfriend.eu\/sv\/wp-json\/wp\/v2\/media?parent=285828"}],"wp:term":[{"taxonomy":"product_brand","embeddable":true,"href":"https:\/\/www.huntersfriend.eu\/sv\/wp-json\/wp\/v2\/product_brand?post=285828"},{"taxonomy":"product_cat","embeddable":true,"href":"https:\/\/www.huntersfriend.eu\/sv\/wp-json\/wp\/v2\/product_cat?post=285828"},{"taxonomy":"product_tag","embeddable":true,"href":"https:\/\/www.huntersfriend.eu\/sv\/wp-json\/wp\/v2\/product_tag?post=285828"}],"curies":[{"name":"wp","href":"https:\/\/api.w.org\/{rel}","templated":true}]}}