{"id":285820,"date":"2025-03-12T10:28:50","date_gmt":"2025-03-12T08:28:50","guid":{"rendered":"https:\/\/www.huntersfriend.eu\/product\/g5-platt-diamantbryne\/"},"modified":"2026-01-21T22:32:38","modified_gmt":"2026-01-21T20:32:38","slug":"g5-platt-diamantbryne","status":"publish","type":"product","link":"https:\/\/www.huntersfriend.eu\/sv\/produkt\/g5-platt-diamantbryne\/","title":{"rendered":"G5 platt diamantbryne"},"content":{"rendered":"<p>Det platta diamantbrynet \u00e4r det perfekta verktyget f\u00f6r att \u00e5terst\u00e4lla och v\u00e4ssa dina Montec- eller liknande 3-bladiga eggar. Med dubbelsidiga diamantytor blir inte bara denna slipningsprocess snabb, utan ocks\u00e5 effektiv s\u00e4song efter s\u00e4song. <\/p>\n","protected":false},"excerpt":{"rendered":"<p>Det platta diamantbrynet \u00e4r det perfekta verktyget f\u00f6r att \u00e5terst\u00e4lla och v\u00e4ssa dina Montec- eller liknande 3-bladiga eggar. Med dubbelsidiga diamantytor blir inte bara denna slipningsprocess snabb, utan ocks\u00e5 effektiv s\u00e4song efter s\u00e4song.<\/p>\n","protected":false},"featured_media":277234,"comment_status":"open","ping_status":"closed","template":"","meta":[],"product_brand":[],"product_cat":[2633,2610],"product_tag":[],"class_list":{"0":"post-285820","1":"product","2":"type-product","3":"status-publish","4":"has-post-thumbnail","6":"product_cat-diverse-bagskytte","7":"product_cat-knivar-yxor-och-slipar","9":"first","10":"instock","11":"taxable","12":"shipping-taxable","13":"purchasable","14":"product-type-simple"},"composite_virtual":false,"composite_layout":"","composite_add_to_cart_form_location":"","composite_editable_in_cart":false,"composite_sold_individually_context":"","composite_shop_price_calc":"","composite_components":[],"composite_scenarios":[],"group_of_quantity":0,"min_quantity":0,"max_quantity":"","exclude_order_quantity_value_rules":"no","exclude_category_quantity_rules":"no","combine_variations":"no","exclude_global_add_ons":[],"addons":[],"_links":{"self":[{"href":"https:\/\/www.huntersfriend.eu\/sv\/wp-json\/wp\/v2\/product\/285820","targetHints":{"allow":["GET"]}}],"collection":[{"href":"https:\/\/www.huntersfriend.eu\/sv\/wp-json\/wp\/v2\/product"}],"about":[{"href":"https:\/\/www.huntersfriend.eu\/sv\/wp-json\/wp\/v2\/types\/product"}],"replies":[{"embeddable":true,"href":"https:\/\/www.huntersfriend.eu\/sv\/wp-json\/wp\/v2\/comments?post=285820"}],"wp:featuredmedia":[{"embeddable":true,"href":"https:\/\/www.huntersfriend.eu\/sv\/wp-json\/wp\/v2\/media\/277234"}],"wp:attachment":[{"href":"https:\/\/www.huntersfriend.eu\/sv\/wp-json\/wp\/v2\/media?parent=285820"}],"wp:term":[{"taxonomy":"product_brand","embeddable":true,"href":"https:\/\/www.huntersfriend.eu\/sv\/wp-json\/wp\/v2\/product_brand?post=285820"},{"taxonomy":"product_cat","embeddable":true,"href":"https:\/\/www.huntersfriend.eu\/sv\/wp-json\/wp\/v2\/product_cat?post=285820"},{"taxonomy":"product_tag","embeddable":true,"href":"https:\/\/www.huntersfriend.eu\/sv\/wp-json\/wp\/v2\/product_tag?post=285820"}],"curies":[{"name":"wp","href":"https:\/\/api.w.org\/{rel}","templated":true}]}}