{"id":285819,"date":"2025-03-07T14:53:39","date_gmt":"2025-03-07T12:53:39","guid":{"rendered":"https:\/\/www.huntersfriend.eu\/product\/sitka-core-halsvarmare-optifade-elevated-ii\/"},"modified":"2025-08-26T10:47:15","modified_gmt":"2025-08-26T08:47:15","slug":"sitka-core-halsvarmare-optifade-elevated-ii","status":"publish","type":"product","link":"https:\/\/www.huntersfriend.eu\/sv\/produkt\/sitka-core-halsvarmare-optifade-elevated-ii\/","title":{"rendered":"SITKA CORE halsv\u00e4rmare Optifade Elevated II"},"content":{"rendered":"<p>CORE-halsv\u00e4rmaren \u00e4r l\u00e4tt och extremt ventilerande och skyddar din hals fr\u00e5n solen och kan dras upp f\u00f6r att d\u00f6lja dig n\u00e4r det hettar till.<\/p>\n<p>Vikt: 28,35 g.<\/p>\n<p>POLYGIENE-teknik: Lager p\u00e5 lager \u00e4r en vetenskap med v\u00e5rt CORE-system av produkter n\u00e4rmast huden. Var och en av tygviktarna \u2013 l\u00e4tt, medium och tung \u2013 transporterar bort fukt f\u00f6r att h\u00e5lla dig varm och torr, medan Polygiene\u00ae-tekniken s\u00e4kert och permanent neutraliserar lukter med hj\u00e4lp av naturligt antimikrobiellt silversalt. <\/p>\n","protected":false},"excerpt":{"rendered":"<p>Optifade Elevated II<\/p>\n","protected":false},"featured_media":276785,"comment_status":"open","ping_status":"closed","template":"","meta":[],"product_brand":[],"product_cat":[878],"product_tag":[],"class_list":{"0":"post-285819","1":"product","2":"type-product","3":"status-publish","4":"has-post-thumbnail","6":"product_cat-uncategorized-sv","8":"first","9":"outofstock","10":"taxable","11":"shipping-taxable","12":"purchasable","13":"product-type-simple"},"composite_virtual":false,"composite_layout":"","composite_add_to_cart_form_location":"","composite_editable_in_cart":false,"composite_sold_individually_context":"","composite_shop_price_calc":"","composite_components":[],"composite_scenarios":[],"group_of_quantity":0,"min_quantity":0,"max_quantity":"","exclude_order_quantity_value_rules":"no","exclude_category_quantity_rules":"no","combine_variations":"no","exclude_global_add_ons":[],"addons":[],"_links":{"self":[{"href":"https:\/\/www.huntersfriend.eu\/sv\/wp-json\/wp\/v2\/product\/285819","targetHints":{"allow":["GET"]}}],"collection":[{"href":"https:\/\/www.huntersfriend.eu\/sv\/wp-json\/wp\/v2\/product"}],"about":[{"href":"https:\/\/www.huntersfriend.eu\/sv\/wp-json\/wp\/v2\/types\/product"}],"replies":[{"embeddable":true,"href":"https:\/\/www.huntersfriend.eu\/sv\/wp-json\/wp\/v2\/comments?post=285819"}],"wp:featuredmedia":[{"embeddable":true,"href":"https:\/\/www.huntersfriend.eu\/sv\/wp-json\/wp\/v2\/media\/276785"}],"wp:attachment":[{"href":"https:\/\/www.huntersfriend.eu\/sv\/wp-json\/wp\/v2\/media?parent=285819"}],"wp:term":[{"taxonomy":"product_brand","embeddable":true,"href":"https:\/\/www.huntersfriend.eu\/sv\/wp-json\/wp\/v2\/product_brand?post=285819"},{"taxonomy":"product_cat","embeddable":true,"href":"https:\/\/www.huntersfriend.eu\/sv\/wp-json\/wp\/v2\/product_cat?post=285819"},{"taxonomy":"product_tag","embeddable":true,"href":"https:\/\/www.huntersfriend.eu\/sv\/wp-json\/wp\/v2\/product_tag?post=285819"}],"curies":[{"name":"wp","href":"https:\/\/api.w.org\/{rel}","templated":true}]}}