{"id":285791,"date":"2025-03-11T14:57:30","date_gmt":"2025-03-11T12:57:30","guid":{"rendered":"https:\/\/www.huntersfriend.eu\/product\/nordforest-jaktbyxor-stretch-dam-camo\/"},"modified":"2025-08-26T10:47:12","modified_gmt":"2025-08-26T08:47:12","slug":"nordforest-jaktbyxor-stretch-dam-camo","status":"publish","type":"product","link":"https:\/\/www.huntersfriend.eu\/sv\/produkt\/nordforest-jaktbyxor-stretch-dam-camo\/","title":{"rendered":"Nordforest jaktbyxor stretch dam &#8211; camo"},"content":{"rendered":"<p data-start=\"122\" data-end=\"493\"><strong data-start=\"122\" data-end=\"169\">Nordforest Hunting Women&#8217;s Stretch Trousers<\/strong> \u00e4r l\u00e4tta frilufts-, vandrings- och jaktbyxor designade f\u00f6r aktiv anv\u00e4ndning. Tack vare det flexibla materialet erbjuder de utm\u00e4rkt komfort och maximal r\u00f6relsefrihet. Mesh-ventilerade dragkedjor p\u00e5 l\u00e5r och vader s\u00e4kerst\u00e4ller optimalt luftfl\u00f6de och hj\u00e4lper till att uppr\u00e4tth\u00e5lla en behaglig kroppstemperatur \u00e4ven under intensiv aktivitet.  <\/p>\n<h3 data-start=\"495\" data-end=\"507\">Kort sagt<\/h3>\n<ul data-start=\"508\" data-end=\"783\">\n<li data-start=\"508\" data-end=\"545\">\n<p data-start=\"510\" data-end=\"545\">L\u00e4tta och flexibla byxor<\/p>\n<\/li>\n<li data-start=\"546\" data-end=\"577\">\n<p data-start=\"548\" data-end=\"577\">Perfekt fr\u00e5n v\u00e5r till h\u00f6st<\/p>\n<\/li>\n<li data-start=\"578\" data-end=\"592\">\n<p data-start=\"580\" data-end=\"592\">Andningsbar<\/p>\n<\/li>\n<li data-start=\"593\" data-end=\"610\">\n<p data-start=\"595\" data-end=\"610\">Tyst tyg<\/p>\n<\/li>\n<li data-start=\"611\" data-end=\"625\">\n<p data-start=\"613\" data-end=\"625\">B\u00e4ltesh\u00e4llor<\/p>\n<\/li>\n<li data-start=\"626\" data-end=\"681\">\n<p data-start=\"628\" data-end=\"681\">Meshfodrade ventilationsdragkedjor p\u00e5 l\u00e5r och vader<\/p>\n<\/li>\n<li data-start=\"682\" data-end=\"698\">\n<p data-start=\"684\" data-end=\"698\">Formade kn\u00e4n<\/p>\n<\/li>\n<li data-start=\"699\" data-end=\"735\">\n<p data-start=\"701\" data-end=\"735\">Justerbar midja med kardborre<\/p>\n<\/li>\n<li data-start=\"736\" data-end=\"783\">\n<p data-start=\"738\" data-end=\"783\">Justerbara ben\u00f6ppningar med kardborrest\u00e4ngning<\/p>\n<\/li>\n<\/ul>\n<p data-start=\"785\" data-end=\"919\"><strong data-start=\"789\" data-end=\"828\">Nordforest Hunting Stretch Trousers<\/strong> har tv\u00e5 sidfickor, samt en l\u00e5rficka och en bakficka \u2013 b\u00e5da med dragkedjor.<\/p>\n<hr data-start=\"921\" data-end=\"924\">\n<h3 data-start=\"926\" data-end=\"938\">Funktioner<\/h3>\n<div class=\"_tableContainer_16hzy_1\">\n<div class=\"_tableWrapper_16hzy_14 group flex w-fit flex-col-reverse\" tabindex=\"-1\">\n<table class=\"w-fit min-w-(--thread-content-width)\" data-start=\"940\" data-end=\"1350\">\n<thead data-start=\"940\" data-end=\"973\">\n<tr data-start=\"940\" data-end=\"973\">\n<th data-start=\"940\" data-end=\"954\" data-col-size=\"sm\"><strong data-start=\"942\" data-end=\"953\">Funktion<\/strong><\/th>\n<th data-start=\"954\" data-end=\"973\" data-col-size=\"md\"><strong data-start=\"956\" data-end=\"971\">beskrivning<\/strong><\/th>\n<\/tr>\n<\/thead>\n<tbody data-start=\"1009\" data-end=\"1350\">\n<tr data-start=\"1009\" data-end=\"1050\">\n<td data-start=\"1009\" data-end=\"1028\" data-col-size=\"sm\"><strong data-start=\"1011\" data-end=\"1027\">Tillverkare<\/strong><\/td>\n<td data-col-size=\"md\" data-start=\"1028\" data-end=\"1050\">nordforest hunting<\/td>\n<\/tr>\n<tr data-start=\"1051\" data-end=\"1090\">\n<td data-start=\"1051\" data-end=\"1070\" data-col-size=\"sm\"><strong data-start=\"1053\" data-end=\"1069\">Produkttyp<\/strong><\/td>\n<td data-col-size=\"md\" data-start=\"1070\" data-end=\"1090\">Stretchbyxor<\/td>\n<\/tr>\n<tr data-start=\"1091\" data-end=\"1141\">\n<td data-start=\"1091\" data-end=\"1110\" data-col-size=\"sm\"><strong data-start=\"1093\" data-end=\"1109\">Yttertyg<\/strong><\/td>\n<td data-col-size=\"md\" data-start=\"1110\" data-end=\"1141\">89 % polyester, 11 % elastan<\/td>\n<\/tr>\n<tr data-start=\"1142\" data-end=\"1172\">\n<td data-start=\"1142\" data-end=\"1162\" data-col-size=\"sm\"><strong data-start=\"1144\" data-end=\"1161\">Andningsf\u00f6rm\u00e5ga<\/strong><\/td>\n<td data-col-size=\"md\" data-start=\"1162\" data-end=\"1172\">Medium<\/td>\n<\/tr>\n<tr data-start=\"1173\" data-end=\"1244\">\n<td data-start=\"1173\" data-end=\"1196\" data-col-size=\"sm\"><strong data-start=\"1175\" data-end=\"1195\">Specialfunktioner<\/strong><\/td>\n<td data-col-size=\"md\" data-start=\"1196\" data-end=\"1244\">Tyst tyg, justerbara ben\u00f6ppningar, etc.<\/td>\n<\/tr>\n<tr data-start=\"1245\" data-end=\"1287\">\n<td data-start=\"1245\" data-end=\"1264\" data-col-size=\"sm\"><strong data-start=\"1247\" data-end=\"1263\">Avsedd anv\u00e4ndning<\/strong><\/td>\n<td data-col-size=\"md\" data-start=\"1264\" data-end=\"1287\">Fritidskl\u00e4der f\u00f6r dam<\/td>\n<\/tr>\n<tr data-start=\"1288\" data-end=\"1318\">\n<td data-start=\"1288\" data-end=\"1300\" data-col-size=\"sm\"><strong data-start=\"1290\" data-end=\"1299\">F\u00e4rg<\/strong><\/td>\n<td data-col-size=\"md\" data-start=\"1300\" data-end=\"1318\">Beehidden camo<\/td>\n<\/tr>\n<tr data-start=\"1319\" data-end=\"1350\">\n<td data-start=\"1319\" data-end=\"1341\" data-col-size=\"sm\"><strong data-start=\"1321\" data-end=\"1340\">Tillg\u00e4ngliga storlekar<\/strong><\/td>\n<td data-col-size=\"md\" data-start=\"1341\" data-end=\"1350\">XS\u2013XL<\/td>\n<\/tr>\n<\/tbody>\n<\/table>\n<\/div>\n<\/div>\n","protected":false},"excerpt":{"rendered":"<p>Nordforest Hunting Women&#8217;s Stretch Trousers \u00e4r l\u00e4tta frilufts-, vandrings- och jaktbyxor designade f\u00f6r aktiv anv\u00e4ndning. Tack vare det flexibla materialet erbjuder de utm\u00e4rkt komfort och maximal r\u00f6relsefrihet. Mesh-ventilerade dragkedjor p\u00e5 l\u00e5r och vader s\u00e4kerst\u00e4ller optimalt luftfl\u00f6de och hj\u00e4lper till att uppr\u00e4tth\u00e5lla en behaglig kroppstemperatur \u00e4ven under intensiv aktivitet. Kort sagt L\u00e4tta och flexibla byxor Perfekt [&#8230;]\n","protected":false},"featured_media":279765,"comment_status":"open","ping_status":"closed","template":"","meta":[],"product_brand":[],"product_cat":[2710],"product_tag":[],"class_list":{"0":"post-285791","1":"product","2":"type-product","3":"status-publish","4":"has-post-thumbnail","6":"product_cat-jaktklader-for-dam","8":"first","9":"instock","10":"taxable","11":"shipping-taxable","12":"purchasable","13":"product-type-variable"},"composite_virtual":false,"composite_layout":"","composite_add_to_cart_form_location":"","composite_editable_in_cart":false,"composite_sold_individually_context":"","composite_shop_price_calc":"","composite_components":[],"composite_scenarios":[],"group_of_quantity":0,"min_quantity":0,"max_quantity":"","exclude_order_quantity_value_rules":"no","exclude_category_quantity_rules":"no","combine_variations":"no","exclude_global_add_ons":[],"addons":[],"_links":{"self":[{"href":"https:\/\/www.huntersfriend.eu\/sv\/wp-json\/wp\/v2\/product\/285791","targetHints":{"allow":["GET"]}}],"collection":[{"href":"https:\/\/www.huntersfriend.eu\/sv\/wp-json\/wp\/v2\/product"}],"about":[{"href":"https:\/\/www.huntersfriend.eu\/sv\/wp-json\/wp\/v2\/types\/product"}],"replies":[{"embeddable":true,"href":"https:\/\/www.huntersfriend.eu\/sv\/wp-json\/wp\/v2\/comments?post=285791"}],"wp:featuredmedia":[{"embeddable":true,"href":"https:\/\/www.huntersfriend.eu\/sv\/wp-json\/wp\/v2\/media\/279765"}],"wp:attachment":[{"href":"https:\/\/www.huntersfriend.eu\/sv\/wp-json\/wp\/v2\/media?parent=285791"}],"wp:term":[{"taxonomy":"product_brand","embeddable":true,"href":"https:\/\/www.huntersfriend.eu\/sv\/wp-json\/wp\/v2\/product_brand?post=285791"},{"taxonomy":"product_cat","embeddable":true,"href":"https:\/\/www.huntersfriend.eu\/sv\/wp-json\/wp\/v2\/product_cat?post=285791"},{"taxonomy":"product_tag","embeddable":true,"href":"https:\/\/www.huntersfriend.eu\/sv\/wp-json\/wp\/v2\/product_tag?post=285791"}],"curies":[{"name":"wp","href":"https:\/\/api.w.org\/{rel}","templated":true}]}}