{"id":285785,"date":"2025-03-06T11:15:17","date_gmt":"2025-03-06T09:15:17","guid":{"rendered":"https:\/\/www.huntersfriend.eu\/product\/ripcord-sparrhake-standardfaste\/"},"modified":"2025-08-26T10:47:11","modified_gmt":"2025-08-26T08:47:11","slug":"ripcord-sparrhake-standardfaste","status":"publish","type":"product","link":"https:\/\/www.huntersfriend.eu\/sv\/produkt\/ripcord-sparrhake-standardfaste\/","title":{"rendered":"Ripcord sp\u00e4rrhake standardf\u00e4ste"},"content":{"rendered":"<h4>V\u00e4lj ditt standardf\u00e4ste med (1) mikro- eller standardjusteringsfunktioner och (2) lem- eller kabeldriven design.<\/h4>\n<h4>D\u00e4r precision m\u00f6ter enkelhet<\/h4>\n<ul>\n<li>Speed Set-teknik f\u00f6r att finjustera din kabelupptagning p\u00e5 millisekunder med ett snabbt klick p\u00e5 ratten.<\/li>\n<li>Enkel lem-driven installation p\u00e5 under 5 minuter, utan behov av en b\u00e5gpress.<\/li>\n<li>Orokad tillf\u00f6rlitlighet under alla f\u00f6rh\u00e5llanden s\u00e4kerst\u00e4ller felfri prestanda n\u00e4r det g\u00e4ller som mest.<\/li>\n<li>Anti-bounce back-avfyrningsramp eliminerar pilkontakt vid skottet f\u00f6r \u00f6kad noggrannhet.<\/li>\n<li>O\u00f6vertr\u00e4ffad pilretention f\u00f6r tyst drift.<\/li>\n<li>Vadderad avfyrningsramp och \u00f6vergjuten inneslutningsbur.<\/li>\n<li>Mikrojusteringsmodeller m\u00f6jligg\u00f6r extremt exakta f\u00f6r\u00e4ndringar i den horisontella och vertikala positioneringen.<\/li>\n<li>IMS-modeller fungerar med b\u00e5gar som har laxstj\u00e4rtmonteringssystemet<\/li>\n<\/ul>\n<p>Ripcord Ratchet Limb Driven-pilhyllan, d\u00e4r precision m\u00f6ter enkelhet f\u00f6r o\u00f6vertr\u00e4ffad prestanda. Denna revolutionerande pilhylla har lem-driven enkelhet i justerbarhet, tillsammans med Speed Set-teknik, vilket s\u00e4tter en ny standard f\u00f6r installationshastighet. Med o\u00f6vertr\u00e4ffad h\u00e5llbarhet och banbrytande teknik har det aldrig varit enklare att uppn\u00e5 den perfekta pilflykten och o\u00f6vertr\u00e4ffad noggrannhet. S\u00e4g adj\u00f6 till komplicerade justeringar och hej till enkel, konsekvent prestanda vid varje skott. Ripcord Ratchet Limb Driven-pilhyllan \u00e4r din v\u00e4g till perfekt noggrannhet.    <\/p>\n","protected":false},"excerpt":{"rendered":"<p>V\u00e4lj ditt standardf\u00e4ste med (1) mikro- eller standardjusteringsfunktioner och (2) lem- eller kabeldriven design. D\u00e4r precision m\u00f6ter enkelhet Speed Set-teknik f\u00f6r att finjustera din kabelupptagning p\u00e5 millisekunder med ett snabbt klick p\u00e5 ratten. Enkel lem-driven installation p\u00e5 under 5 minuter, utan behov av en b\u00e5gpress. Orokad tillf\u00f6rlitlighet under alla f\u00f6rh\u00e5llanden s\u00e4kerst\u00e4ller felfri prestanda n\u00e4r det [&#8230;]\n","protected":false},"featured_media":276796,"comment_status":"open","ping_status":"closed","template":"","meta":[],"product_brand":[],"product_cat":[2668],"product_tag":[],"class_list":{"0":"post-285785","1":"product","2":"type-product","3":"status-publish","4":"has-post-thumbnail","6":"product_cat-compound-drop-away-hyllor","8":"first","9":"onbackorder","10":"taxable","11":"shipping-taxable","12":"purchasable","13":"product-type-variable"},"composite_virtual":false,"composite_layout":"","composite_add_to_cart_form_location":"","composite_editable_in_cart":false,"composite_sold_individually_context":"","composite_shop_price_calc":"","composite_components":[],"composite_scenarios":[],"group_of_quantity":0,"min_quantity":0,"max_quantity":"","exclude_order_quantity_value_rules":"no","exclude_category_quantity_rules":"no","combine_variations":"no","exclude_global_add_ons":[],"addons":[],"_links":{"self":[{"href":"https:\/\/www.huntersfriend.eu\/sv\/wp-json\/wp\/v2\/product\/285785","targetHints":{"allow":["GET"]}}],"collection":[{"href":"https:\/\/www.huntersfriend.eu\/sv\/wp-json\/wp\/v2\/product"}],"about":[{"href":"https:\/\/www.huntersfriend.eu\/sv\/wp-json\/wp\/v2\/types\/product"}],"replies":[{"embeddable":true,"href":"https:\/\/www.huntersfriend.eu\/sv\/wp-json\/wp\/v2\/comments?post=285785"}],"wp:featuredmedia":[{"embeddable":true,"href":"https:\/\/www.huntersfriend.eu\/sv\/wp-json\/wp\/v2\/media\/276796"}],"wp:attachment":[{"href":"https:\/\/www.huntersfriend.eu\/sv\/wp-json\/wp\/v2\/media?parent=285785"}],"wp:term":[{"taxonomy":"product_brand","embeddable":true,"href":"https:\/\/www.huntersfriend.eu\/sv\/wp-json\/wp\/v2\/product_brand?post=285785"},{"taxonomy":"product_cat","embeddable":true,"href":"https:\/\/www.huntersfriend.eu\/sv\/wp-json\/wp\/v2\/product_cat?post=285785"},{"taxonomy":"product_tag","embeddable":true,"href":"https:\/\/www.huntersfriend.eu\/sv\/wp-json\/wp\/v2\/product_tag?post=285785"}],"curies":[{"name":"wp","href":"https:\/\/api.w.org\/{rel}","templated":true}]}}