{"id":285779,"date":"2025-03-04T13:17:51","date_gmt":"2025-03-04T11:17:51","guid":{"rendered":"https:\/\/www.huntersfriend.eu\/product\/zeiss-secacam-3-viltkamera\/"},"modified":"2025-12-17T08:21:51","modified_gmt":"2025-12-17T06:21:51","slug":"zeiss-secacam-3-viltkamera","status":"publish","type":"product","link":"https:\/\/www.huntersfriend.eu\/sv\/produkt\/zeiss-secacam-3-viltkamera\/","title":{"rendered":"ZEISS secacam 3 viltkamera"},"content":{"rendered":"<div class=\"headline section grid-container grid-container-padded\">\n<header class=\"grid-x grid-padding-x spacing-element small-spacing-s\">\n<div class=\"cell small-12\">\n<div class=\"producttechnicaldata section\">\n<div class=\"headline section grid-container grid-container-padded\">\n<header class=\"grid-x grid-padding-x spacing-element small-spacing-s\">\n<div class=\"cell small-12\">\n<p>ZEISS Secacam-\u00f6vervakningskameror ger dig en inblick i ditt jaktomr\u00e5de genom detaljerade bilder med h\u00f6g kontrast. Utrustade med 60 svarta lysdioder f\u00f6r infrar\u00f6tt ljus och en extremt k\u00e4nslig CMOS-sensor kan ZEISS Secacam-\u00f6vervakningskameror ta skarpa, v\u00e4lbelysta foton och videor \u00e4ven i fullst\u00e4ndigt m\u00f6rker. Den kompakta designen och l\u00e5ga vikten hos ZEISS Secacam 3 m\u00f6jligg\u00f6r enkel installation p\u00e5 tr\u00e5nga platser, som tr\u00e4d, buskar eller andra sv\u00e5r\u00e5tkomliga omr\u00e5den. Detta m\u00f6jligg\u00f6r anv\u00e4ndning i olika typer av terr\u00e4ng och livsmilj\u00f6er. ZEISS Secacam-\u00f6vervakningskameror erbjuder attraktiva och r\u00e4ttvisa datapaket. Du kan v\u00e4lja mellan en f\u00f6rbetald tj\u00e4nst eller flera m\u00e5natliga upps\u00e4gningsbara servicepaket. Inga kontrakt, inga dolda avgifter.     <\/p>\n<p>F\u00e4st och f\u00e5nga utan kr\u00e5ngel F\u00e4st helt enkelt ZEISS Secacam-\u00f6vervakningskameran med hj\u00e4lp av remmen, kabell\u00e5set eller stativg\u00e4ngan (rem ing\u00e5r) och b\u00f6rja \u00f6vervaka omedelbart tack vare plug-and-play-funktionen. Alla batterier, SD-minneskort och SIM-kort \u00e4r redan installerade. L\u00e4tt att aktivera ZEISS Secacam-\u00f6vervakningskameror \u00e4r mycket anv\u00e4ndarv\u00e4nliga, med f\u00f6rinst\u00e4llda inst\u00e4llningar som g\u00f6r att du kan b\u00f6rja fotografera direkt. Men om du vill g\u00f6ra \u00e4ndringar g\u00f6r den stora f\u00e4rgsk\u00e4rmen och de bakgrundsbelysta tangenterna det enkelt.  <\/p>\n<p>Enkel anslutning I det sista steget f\u00f6re aktivering l\u00e4nkar du din ZEISS Secacam-\u00f6vervakningskamera till ZEISS Secacam-appen. Ange aktiveringskoden som medf\u00f6ljer kameran i appen f\u00f6r att ansluta dem. Nu \u00e4r du redo att b\u00f6rja \u00f6vervaka dina jaktmarker med b\u00e4sta bildkvalitet. P\u00e5litlig appanslutning Med ZEISS Secacam-appen kan du inte bara styra din \u00f6vervakningskamera utan ocks\u00e5 dela den med dina kontakter. Du kan ocks\u00e5 kontrollera kamerans statusinformation, som batteriniv\u00e5, visa kamerans plats p\u00e5 kartan eller visa bilderna som tagits av kameran i galleriet.   <\/p>\n<p>Byggd f\u00f6r att klara extrema f\u00f6rh\u00e5llanden ZEISS Secacam-\u00f6vervakningskameror uppvisar h\u00f6gsta kvalitet i sin klass, s\u00e4rskilt i de tuffaste v\u00e4derf\u00f6rh\u00e5llandena. En mycket slitstark t\u00e4tning skyddar \u00f6vervakningskameran fr\u00e5n vatten, och ett robust h\u00f6lje t\u00e5l \u00e4ven kraftigt regn och hagel. Inte ens v\u00e4rme och sn\u00f6fall p\u00e5verkar driften av ZEISS Secacam-\u00f6vervakningskameror. Snabb svarstid Den mycket k\u00e4nsliga r\u00f6relsesensorn uppt\u00e4cker exakt djurr\u00f6relser. ZEISS Secacams snabba svarstid (&lt; 0,35 ~ 0,45 sekunder) leder till minimal r\u00f6relseosk\u00e4rpa. Under utl\u00f6sning justerar ZEISS Secacam-\u00f6vervakningskameran automatiskt blixtintensiteten, som \u00e4r osynlig f\u00f6r djur och m\u00e4nniskor. Detta f\u00f6rhindrar \u00f6verexponering och minimerar kamerans str\u00f6mf\u00f6rbrukning      <\/p>\n<h4>Att komma \u00e5t och hantera dina bilder och videor som tagits med din ZEISS Secacam har aldrig varit enklare, tack vare ZEISS Secacam-appen som \u00e4r tillg\u00e4nglig f\u00f6r b\u00e5de Apple- och Android-enheter. Med appen kan du enkelt logga in p\u00e5 ditt ZEISS Secacam-anv\u00e4ndarkonto var som helst, vilket g\u00f6r att du kan h\u00e5lla kontakten med din kamera hela tiden. En av de mest framtr\u00e4dande f\u00f6rdelarna med ZEISS Secacam-appen \u00e4r m\u00f6jligheten att ansluta flera ZEISS Secacams till ditt konto, vilket ger dig s\u00f6ml\u00f6s kontroll \u00f6ver alla dina enheter p\u00e5 ett st\u00e4lle.  <\/h4>\n<h4 class=\"h4 \">Funktioner<\/h4>\n<\/div>\n<\/header>\n<\/div>\n<div class=\"table table-spacing \">\n<div class=\"section table\">\n<div class=\"table table-spacing spacing-element\">\n<div class=\"table-wrapper text-rte\">\n<table class=\"responsive\" width=\"100%\" cellspacing=\"0\" cellpadding=\"1\">\n<tbody>\n<tr>\n<td class=\"text\" width=\"50%\">Portar<\/td>\n<td class=\"text\" width=\"50%\">USB-c<\/td>\n<\/tr>\n<tr>\n<td class=\"text\" width=\"50%\">Str\u00f6mf\u00f6rs\u00f6rjning<\/td>\n<td class=\"text\" width=\"50%\">8 x batterier\/uppladdningsbara typ LR6 (AA)<\/td>\n<\/tr>\n<tr>\n<td class=\"text\" width=\"50%\">Batterifack<\/td>\n<td class=\"text\" width=\"50%\">Magasin<\/td>\n<\/tr>\n<tr>\n<td class=\"text\" width=\"50%\">Lagringskapacitet<\/td>\n<td class=\"text\" width=\"50%\">32 GB internt lagringsutrymme<\/td>\n<\/tr>\n<tr>\n<td class=\"text\" width=\"50%\">Mobiln\u00e4tverk (multi-roaming SIM)<\/td>\n<td class=\"text\" width=\"50%\">LTE (4G)<\/td>\n<\/tr>\n<tr>\n<td class=\"text\" width=\"50%\">\u00d6verf\u00f6ringsprotokoll<\/td>\n<td class=\"text\" width=\"50%\">HTTPS<\/td>\n<\/tr>\n<tr>\n<td class=\"text\" width=\"50%\">Platsrapportering (n\u00e4r enheten sl\u00e5s p\u00e5)<\/td>\n<td class=\"text\" width=\"50%\">GPS<\/td>\n<\/tr>\n<tr>\n<td class=\"text\" width=\"50%\">Anslutning till andra enheter<\/td>\n<td class=\"text\" width=\"50%\">ZEISS Secacam App \/ USB<\/td>\n<\/tr>\n<\/tbody>\n<\/table>\n<\/div>\n<\/div>\n<\/div>\n<\/div>\n<\/div>\n<div class=\"section distance\">\n<div class=\"spacing-element small-spacing-m medium-spacing-l large-spacing-l xlarge-spacing-l\"><\/div>\n<\/div>\n<div class=\"producttechnicaldata section\">\n<div class=\"headline section grid-container grid-container-padded\">\n<header class=\"grid-x grid-padding-x spacing-element small-spacing-s\">\n<div class=\"cell small-12\">\n<h4 class=\"h4 \">Fysisk<\/h4>\n<\/div>\n<\/header>\n<\/div>\n<div class=\"table table-spacing \">\n<div class=\"section table\">\n<div class=\"table table-spacing spacing-element\">\n<div class=\"table-wrapper text-rte\">\n<table class=\"responsive\" width=\"100%\" cellspacing=\"0\" cellpadding=\"1\">\n<tbody>\n<tr>\n<td class=\"text\" width=\"50%\">Drifttemperatur<\/td>\n<td class=\"text\" width=\"50%\">\u2212 20 \u00b0C | + 55 \u00b0C (- 4 \u00b0F | + 131 \u00b0F)<\/td>\n<\/tr>\n<tr>\n<td class=\"text\" width=\"50%\">L\u00e4ngd x Bredd x H\u00f6jd<\/td>\n<td class=\"text\" width=\"50%\">143 x 85 x 85 mm (5,6 x 3,3 x 3,3&#8243;)<\/td>\n<\/tr>\n<tr>\n<td class=\"text hover-for-rowspan\" width=\"50%\">Vikt (utan batterier)<\/td>\n<td class=\"text hover-for-rowspan\" width=\"50%\">445 g (15,7 oz)<\/td>\n<\/tr>\n<\/tbody>\n<\/table>\n<\/div>\n<\/div>\n<\/div>\n<\/div>\n<\/div>\n<h4 class=\"h4 \">Prestanda<\/h4>\n<\/div>\n<\/header>\n<\/div>\n<div class=\"table table-spacing \">\n<div class=\"section table\">\n<div class=\"table table-spacing spacing-element\">\n<div class=\"table-wrapper text-rte\">\n<table class=\"responsive\" width=\"100%\" cellspacing=\"0\" cellpadding=\"1\">\n<tbody>\n<tr>\n<td class=\"text\" width=\"50%\">Synf\u00e4lt<\/td>\n<td class=\"text\" width=\"50%\">60\u00b0<\/td>\n<\/tr>\n<tr>\n<td class=\"text\" width=\"50%\">Antal lysdioder | Typ av blixt<\/td>\n<td class=\"text\" width=\"50%\">60 x Svart-LED | 940 nm<\/td>\n<\/tr>\n<tr>\n<td class=\"text\" width=\"50%\">Blixtr\u00e4ckvidd<\/td>\n<td class=\"text\" width=\"50%\">~ 25 m<\/td>\n<\/tr>\n<tr>\n<td class=\"text\" width=\"50%\">Svarstid<\/td>\n<td class=\"text\" width=\"50%\">&lt; 0,35 ~ 0,45 s<\/td>\n<\/tr>\n<tr>\n<td class=\"text\" width=\"50%\">Uppl\u00f6sning p\u00e5 \u00f6verf\u00f6rda foton<\/td>\n<td class=\"text\" width=\"50%\">1920 \u00d7 1080 px<\/td>\n<\/tr>\n<tr>\n<td class=\"text\" width=\"50%\">Sensortyp<\/td>\n<td class=\"text\" width=\"50%\">CMOS<\/td>\n<\/tr>\n<tr>\n<td class=\"text\" width=\"50%\">Sensoruppl\u00f6sning<\/td>\n<td class=\"text\" width=\"50%\">3 MP (upp till 24 MP interpolerad)<\/td>\n<\/tr>\n<tr>\n<td class=\"text\" width=\"50%\">Detektionsr\u00e4ckvidd<\/td>\n<td class=\"text\" width=\"50%\">upp till 25 m (beroende p\u00e5 objektstorlek och temperaturskillnad)<\/td>\n<\/tr>\n<tr>\n<td class=\"text\" width=\"50%\">Sk\u00e4rmstorlek<\/td>\n<td class=\"text\" width=\"50%\">1.90&#8243;<\/td>\n<\/tr>\n<tr>\n<td class=\"text hover-for-rowspan\" width=\"50%\">Sk\u00e4rmtyp<\/td>\n<td class=\"text hover-for-rowspan\" width=\"50%\">TFT-LCD<\/td>\n<\/tr>\n<\/tbody>\n<\/table>\n<\/div>\n<\/div>\n<\/div>\n<\/div>\n","protected":false},"excerpt":{"rendered":"<p>ZEISS Secacam-\u00f6vervakningskameror ger dig en inblick i ditt jaktomr\u00e5de genom detaljerade bilder med h\u00f6g kontrast. Utrustade med 60 svarta lysdioder f\u00f6r infrar\u00f6tt ljus och en extremt k\u00e4nslig CMOS-sensor kan ZEISS Secacam-\u00f6vervakningskameror ta skarpa, v\u00e4lbelysta foton och videor \u00e4ven i fullst\u00e4ndigt m\u00f6rker. Den kompakta designen och l\u00e5ga vikten hos ZEISS Secacam 3 m\u00f6jligg\u00f6r enkel installation p\u00e5 [&#8230;]\n","protected":false},"featured_media":276681,"comment_status":"open","ping_status":"closed","template":"","meta":[],"product_brand":[],"product_cat":[2708],"product_tag":[],"class_list":{"0":"post-285779","1":"product","2":"type-product","3":"status-publish","4":"has-post-thumbnail","6":"product_cat-viltkameror","8":"first","9":"instock","10":"taxable","11":"shipping-taxable","12":"purchasable","13":"product-type-simple"},"composite_virtual":false,"composite_layout":"","composite_add_to_cart_form_location":"","composite_editable_in_cart":false,"composite_sold_individually_context":"","composite_shop_price_calc":"","composite_components":[],"composite_scenarios":[],"group_of_quantity":0,"min_quantity":0,"max_quantity":"","exclude_order_quantity_value_rules":"no","exclude_category_quantity_rules":"no","combine_variations":"no","exclude_global_add_ons":[],"addons":[],"_links":{"self":[{"href":"https:\/\/www.huntersfriend.eu\/sv\/wp-json\/wp\/v2\/product\/285779","targetHints":{"allow":["GET"]}}],"collection":[{"href":"https:\/\/www.huntersfriend.eu\/sv\/wp-json\/wp\/v2\/product"}],"about":[{"href":"https:\/\/www.huntersfriend.eu\/sv\/wp-json\/wp\/v2\/types\/product"}],"replies":[{"embeddable":true,"href":"https:\/\/www.huntersfriend.eu\/sv\/wp-json\/wp\/v2\/comments?post=285779"}],"wp:featuredmedia":[{"embeddable":true,"href":"https:\/\/www.huntersfriend.eu\/sv\/wp-json\/wp\/v2\/media\/276681"}],"wp:attachment":[{"href":"https:\/\/www.huntersfriend.eu\/sv\/wp-json\/wp\/v2\/media?parent=285779"}],"wp:term":[{"taxonomy":"product_brand","embeddable":true,"href":"https:\/\/www.huntersfriend.eu\/sv\/wp-json\/wp\/v2\/product_brand?post=285779"},{"taxonomy":"product_cat","embeddable":true,"href":"https:\/\/www.huntersfriend.eu\/sv\/wp-json\/wp\/v2\/product_cat?post=285779"},{"taxonomy":"product_tag","embeddable":true,"href":"https:\/\/www.huntersfriend.eu\/sv\/wp-json\/wp\/v2\/product_tag?post=285779"}],"curies":[{"name":"wp","href":"https:\/\/api.w.org\/{rel}","templated":true}]}}