{"id":285778,"date":"2025-03-04T11:15:06","date_gmt":"2025-03-04T09:15:06","guid":{"rendered":"https:\/\/www.huntersfriend.eu\/product\/zeiss-conquest-10-x-42-hdx-kikare\/"},"modified":"2025-12-19T09:26:09","modified_gmt":"2025-12-19T07:26:09","slug":"zeiss-conquest-10-x-42-hdx-kikare","status":"publish","type":"product","link":"https:\/\/www.huntersfriend.eu\/sv\/produkt\/zeiss-conquest-10-x-42-hdx-kikare\/","title":{"rendered":"ZEISS Conquest 10 x 42 HDX kikare"},"content":{"rendered":"<p data-start=\"0\" data-end=\"74\"><strong data-start=\"0\" data-end=\"74\">ZEISS Conquest HDX 10&#215;42 \u2013 precision och prestanda i alla f\u00f6rh\u00e5llanden<\/strong><\/p>\n<p data-start=\"76\" data-end=\"387\">ZEISS Conquest HDX 10&#215;42-kikaren erbjuder optisk prestanda i toppklass f\u00f6r kr\u00e4vande anv\u00e4ndare som f\u00e5gelsk\u00e5dare, j\u00e4gare och naturobservat\u00f6rer. Dessa kikare kombinerar ZEISS HDX-optik, utm\u00e4rkt ljustransmission och en h\u00e5llbar konstruktion, vilket garanterar en skarp och detaljerad bild i alla v\u00e4derf\u00f6rh\u00e5llanden. <\/p>\n<p data-start=\"389\" data-end=\"788\">Med 10x f\u00f6rstoring kan du unders\u00f6ka avl\u00e4gsna objekt i detalj, medan 42 mm objektivlinsen garanterar en ljus och klar bild \u00e4ven i svagt ljus. ZEISS T*-multibel\u00e4ggningen f\u00f6rb\u00e4ttrar ljustransmissionen och kontrasten, medan LotuTec\u00ae-bel\u00e4ggningen skyddar linserna fr\u00e5n vatten och smuts. Den ergonomiska designen och den l\u00e4tta magnesiumkroppen g\u00f6r dessa kikare bekv\u00e4ma f\u00f6r l\u00e5nga anv\u00e4ndningsperioder.  <\/p>\n<p data-start=\"790\" data-end=\"818\"><strong data-start=\"790\" data-end=\"818\">Tekniska specifikationer<\/strong><\/p>\n<p data-start=\"820\" data-end=\"840\"><strong data-start=\"820\" data-end=\"840\">Optiska funktioner<\/strong><\/p>\n<ul data-start=\"841\" data-end=\"1055\">\n<li data-start=\"841\" data-end=\"863\">F\u00f6rstoring: 10x<\/li>\n<li data-start=\"864\" data-end=\"898\">Objektivlinsdiameter: 42 mm<\/li>\n<li data-start=\"899\" data-end=\"933\">Synf\u00e4lt p\u00e5 1000 m: 115 m<\/li>\n<li data-start=\"934\" data-end=\"955\">\u00d6gonavst\u00e5nd: 18 mm<\/li>\n<li data-start=\"956\" data-end=\"992\">N\u00e4rmaste fokuseringsavst\u00e5nd: 1,5 m<\/li>\n<li data-start=\"993\" data-end=\"1020\">Ljustransmission: 90 %<\/li>\n<li data-start=\"1021\" data-end=\"1055\">Pupillavst\u00e5nd: 54 \u2013 74 mm<\/li>\n<\/ul>\n<p data-start=\"1057\" data-end=\"1088\"><strong data-start=\"1057\" data-end=\"1088\">Konstruktion och h\u00e5llbarhet<\/strong><\/p>\n<ul data-start=\"1089\" data-end=\"1361\">\n<li data-start=\"1089\" data-end=\"1106\">Vikt: 795 g<\/li>\n<li data-start=\"1107\" data-end=\"1125\">L\u00e4ngd: 150 mm<\/li>\n<li data-start=\"1126\" data-end=\"1143\">Bredd: 120 mm<\/li>\n<li data-start=\"1144\" data-end=\"1188\">Kropp: Magnesium, l\u00e4tt och h\u00e5llbart<\/li>\n<li data-start=\"1189\" data-end=\"1237\">Bel\u00e4ggningar: LotuTec\u00ae &amp; ZEISS T* multi-bel\u00e4ggningar<\/li>\n<li data-start=\"1238\" data-end=\"1310\">Vattent\u00e4thetsklassning: IPX7 (kan s\u00e4nkas ned till 1 m djup i 30 minuter)<\/li>\n<li data-start=\"1311\" data-end=\"1361\">Kv\u00e4vefylld: F\u00f6rhindrar fukt och imma<\/li>\n<\/ul>\n<p data-start=\"1363\" data-end=\"1975\"><strong data-start=\"1363\" data-end=\"1379\">Viktiga funktioner<\/strong> \u2714 HDX-optik \u2013 Exceptionell sk\u00e4rpa, f\u00e4rgprecision och kontrast.<br data-start=\"1447\" data-end=\"1450\">\u2714 10x f\u00f6rstoring \u2013 Perfekt f\u00f6r observation p\u00e5 l\u00e5nga avst\u00e5nd och detaljigenk\u00e4nning.<br data-start=\"1531\" data-end=\"1534\">\u2714 Brett synf\u00e4lt (115 m \/ 1000 m) \u2013 G\u00f6r det l\u00e4ttare att lokalisera och sp\u00e5ra motiv.<br data-start=\"1619\" data-end=\"1622\">\u2714 Utm\u00e4rkt ljustransmission (90 %) \u2013 Perfekt f\u00f6r svagt ljus eller m\u00f6rka f\u00f6rh\u00e5llanden.<br data-start=\"1701\" data-end=\"1704\">\u2714 L\u00e4tt och ergonomisk design \u2013 Magnesiumkroppen s\u00e4kerst\u00e4ller h\u00e5llbarhet och komfort.<br data-start=\"1787\" data-end=\"1790\">\u2714 Snabbt och exakt fokuseringssystem \u2013 L\u00e4tt att anv\u00e4nda med en hand.<br data-start=\"1853\" data-end=\"1856\">\u2714 V\u00e4derbest\u00e4ndig konstruktion \u2013 IPX7 vattent\u00e4t klassificering och LotuTec\u00ae-bel\u00e4ggning s\u00e4kerst\u00e4ller \u00f6verl\u00e4gsen h\u00e5llbarhet i alla f\u00f6rh\u00e5llanden.<\/p>\n<p data-start=\"1977\" data-end=\"1997\"><strong data-start=\"1977\" data-end=\"1997\">Paketets inneh\u00e5ll<\/strong><\/p>\n<ul data-start=\"1998\" data-end=\"2138\">\n<li data-start=\"1998\" data-end=\"2037\">ZEISS Conquest HDX 10&#215;42 kikare<\/li>\n<li data-start=\"2038\" data-end=\"2061\">Nackrem i neopren<\/li>\n<li data-start=\"2062\" data-end=\"2077\">Linsskydd<\/li>\n<li data-start=\"2078\" data-end=\"2103\">Slitstark v\u00e4ska<\/li>\n<li data-start=\"2104\" data-end=\"2122\">Putsduk<\/li>\n<li data-start=\"2123\" data-end=\"2138\">Anv\u00e4ndarmanual<\/li>\n<\/ul>\n<p data-start=\"2140\" data-end=\"2402\" data-is-last-node=\"\" data-is-only-node=\"\">ZEISS Conquest HDX 10&#215;42-kikaren \u00e4r det perfekta valet f\u00f6r natur\u00e4lskare, j\u00e4gare och utomhus\u00e4ventyrare som kr\u00e4ver exakta och tydliga vyer i alla f\u00f6rh\u00e5llanden. Med dessa kikare missar du inga detaljer, oavsett om ditt motiv \u00e4r n\u00e4ra eller l\u00e5ngt borta. <\/p>\n","protected":false},"excerpt":{"rendered":"<p>ZEISS Conquest HDX 10&#215;42 \u2013 precision och prestanda i alla f\u00f6rh\u00e5llanden ZEISS Conquest HDX 10&#215;42-kikaren erbjuder optisk prestanda i toppklass f\u00f6r kr\u00e4vande anv\u00e4ndare som f\u00e5gelsk\u00e5dare, j\u00e4gare och naturobservat\u00f6rer. Dessa kikare kombinerar ZEISS HDX-optik, utm\u00e4rkt ljustransmission och en h\u00e5llbar konstruktion, vilket garanterar en skarp och detaljerad bild i alla v\u00e4derf\u00f6rh\u00e5llanden. Med 10x f\u00f6rstoring kan du unders\u00f6ka [&#8230;]\n","protected":false},"featured_media":276850,"comment_status":"open","ping_status":"closed","template":"","meta":[],"product_brand":[],"product_cat":[2707],"product_tag":[],"class_list":{"0":"post-285778","1":"product","2":"type-product","3":"status-publish","4":"has-post-thumbnail","6":"product_cat-kikare-och-tubkikare","8":"first","9":"outofstock","10":"taxable","11":"shipping-taxable","12":"purchasable","13":"product-type-simple"},"composite_virtual":false,"composite_layout":"","composite_add_to_cart_form_location":"","composite_editable_in_cart":false,"composite_sold_individually_context":"","composite_shop_price_calc":"","composite_components":[],"composite_scenarios":[],"group_of_quantity":0,"min_quantity":0,"max_quantity":"","exclude_order_quantity_value_rules":"no","exclude_category_quantity_rules":"no","combine_variations":"no","exclude_global_add_ons":[],"addons":[],"_links":{"self":[{"href":"https:\/\/www.huntersfriend.eu\/sv\/wp-json\/wp\/v2\/product\/285778","targetHints":{"allow":["GET"]}}],"collection":[{"href":"https:\/\/www.huntersfriend.eu\/sv\/wp-json\/wp\/v2\/product"}],"about":[{"href":"https:\/\/www.huntersfriend.eu\/sv\/wp-json\/wp\/v2\/types\/product"}],"replies":[{"embeddable":true,"href":"https:\/\/www.huntersfriend.eu\/sv\/wp-json\/wp\/v2\/comments?post=285778"}],"wp:featuredmedia":[{"embeddable":true,"href":"https:\/\/www.huntersfriend.eu\/sv\/wp-json\/wp\/v2\/media\/276850"}],"wp:attachment":[{"href":"https:\/\/www.huntersfriend.eu\/sv\/wp-json\/wp\/v2\/media?parent=285778"}],"wp:term":[{"taxonomy":"product_brand","embeddable":true,"href":"https:\/\/www.huntersfriend.eu\/sv\/wp-json\/wp\/v2\/product_brand?post=285778"},{"taxonomy":"product_cat","embeddable":true,"href":"https:\/\/www.huntersfriend.eu\/sv\/wp-json\/wp\/v2\/product_cat?post=285778"},{"taxonomy":"product_tag","embeddable":true,"href":"https:\/\/www.huntersfriend.eu\/sv\/wp-json\/wp\/v2\/product_tag?post=285778"}],"curies":[{"name":"wp","href":"https:\/\/api.w.org\/{rel}","templated":true}]}}