{"id":285776,"date":"2025-03-04T11:15:06","date_gmt":"2025-03-04T09:15:06","guid":{"rendered":"https:\/\/www.huntersfriend.eu\/product\/zeiss-terra-ed-8-x-42-kikare\/"},"modified":"2025-08-26T10:47:05","modified_gmt":"2025-08-26T08:47:05","slug":"zeiss-terra-ed-8-x-42-kikare","status":"publish","type":"product","link":"https:\/\/www.huntersfriend.eu\/sv\/produkt\/zeiss-terra-ed-8-x-42-kikare\/","title":{"rendered":"ZEISS Terra ED 8 x 42 kikare"},"content":{"rendered":"<p data-start=\"0\" data-end=\"99\"><strong data-start=\"0\" data-end=\"99\">ZEISS Terra ED 8&#215;42 \u2013 l\u00e4tt och h\u00f6gpresterande kikare f\u00f6r aktiva utomhus\u00e4ventyr<\/strong><\/p>\n<p data-start=\"101\" data-end=\"361\">ZEISS Terra ED 8&#215;42-kikaren \u00e4r det perfekta valet f\u00f6r naturbevakning, f\u00e5gelsk\u00e5dning och vandring. Genom att kombinera ZEISS:s h\u00f6gkvalitativa optik, en l\u00e4tt design och en h\u00e5llbar konstruktion erbjuder denna kikare utm\u00e4rkt bildkvalitet under alla f\u00f6rh\u00e5llanden. <\/p>\n<p data-start=\"363\" data-end=\"798\">Med 8x f\u00f6rstoring och en 42 mm objektivlins ger de ett brett synf\u00e4lt och en stadig bild, vilket g\u00f6r det enkelt att f\u00f6lja r\u00f6rliga motiv. ED-linsteknik (Extra-low Dispersion) minskar kromatiska aberrationer och f\u00f6rb\u00e4ttrar kontrasten, medan ZEISS MC-multibel\u00e4ggning maximerar ljustransmissionen, vilket s\u00e4kerst\u00e4ller en ljus och naturlig bild. Den kompakta och ergonomiska designen s\u00e4kerst\u00e4ller ett bekv\u00e4mt grepp och enkel hantering, \u00e4ven med en hand.  <\/p>\n<p data-start=\"800\" data-end=\"828\"><strong data-start=\"800\" data-end=\"828\">Tekniska specifikationer<\/strong><\/p>\n<p data-start=\"830\" data-end=\"850\"><strong data-start=\"830\" data-end=\"850\">Optiska funktioner<\/strong><\/p>\n<ul data-start=\"851\" data-end=\"1064\">\n<li data-start=\"851\" data-end=\"872\">F\u00f6rstoring: 8x<\/li>\n<li data-start=\"873\" data-end=\"907\">Objektivlinsdiameter: 42 mm<\/li>\n<li data-start=\"908\" data-end=\"942\">Synf\u00e4lt p\u00e5 1000 m: 125 m<\/li>\n<li data-start=\"943\" data-end=\"964\">\u00d6gonavst\u00e5nd: 18 mm<\/li>\n<li data-start=\"965\" data-end=\"1001\">N\u00e4rgr\u00e4ns: 1,6 m<\/li>\n<li data-start=\"1002\" data-end=\"1029\">Ljustransmission: 88 %<\/li>\n<li data-start=\"1030\" data-end=\"1064\">Pupillavst\u00e5nd: 58 \u2013 75 mm<\/li>\n<\/ul>\n<p data-start=\"1066\" data-end=\"1097\"><strong data-start=\"1066\" data-end=\"1097\">Konstruktion och h\u00e5llbarhet<\/strong><\/p>\n<ul data-start=\"1098\" data-end=\"1322\">\n<li data-start=\"1098\" data-end=\"1115\">Vikt: 725 g<\/li>\n<li data-start=\"1116\" data-end=\"1134\">L\u00e4ngd: 142 mm<\/li>\n<li data-start=\"1135\" data-end=\"1152\">Bredd: 120 mm<\/li>\n<li data-start=\"1153\" data-end=\"1187\">Kropp: F\u00f6rst\u00e4rkt polykarbonat<\/li>\n<li data-start=\"1188\" data-end=\"1224\">Bel\u00e4ggningar: ZEISS MC-multibel\u00e4ggning<\/li>\n<li data-start=\"1225\" data-end=\"1271\">Vattent\u00e4thetsklassning: IPX6 (st\u00e4nks\u00e4ker)<\/li>\n<li data-start=\"1272\" data-end=\"1322\">Kv\u00e4vefylld: F\u00f6rhindrar fukt och imma<\/li>\n<\/ul>\n<p data-start=\"1324\" data-end=\"1826\"><strong data-start=\"1324\" data-end=\"1340\">Viktiga funktioner<\/strong> \u2714 ED-linsteknik \u2013 Utm\u00e4rkt kontrast och f\u00e4rgprecision.<br data-start=\"1402\" data-end=\"1405\">\u2714 Brett synf\u00e4lt (125 m \/ 1000 m) \u2013 G\u00f6r det enkelt att sp\u00e5ra motiv i naturen.<br data-start=\"1487\" data-end=\"1490\">\u2714 Ergonomisk design \u2013 L\u00e4tt och h\u00e5llbar konstruktion f\u00f6r bekv\u00e4m anv\u00e4ndning.<br data-start=\"1568\" data-end=\"1571\">\u2714 Snabb och exakt fokusering \u2013 Bekv\u00e4m justering med en hand.<br data-start=\"1637\" data-end=\"1640\">\u2714 Bra prestanda i svagt ljus \u2013 88 % ljustransmission s\u00e4kerst\u00e4ller tydliga vyer \u00e4ven i skymningen.<br data-start=\"1731\" data-end=\"1734\">\u2714 V\u00e4derbest\u00e4ndig konstruktion \u2013 Vattent\u00e4t och dimbest\u00e4ndig, designad f\u00f6r utomhusbruk.<\/p>\n<p data-start=\"1828\" data-end=\"1848\"><strong data-start=\"1828\" data-end=\"1848\">Paketets inneh\u00e5ll<\/strong><\/p>\n<ul data-start=\"1849\" data-end=\"1970\">\n<li data-start=\"1849\" data-end=\"1883\">ZEISS Terra ED 8&#215;42 kikare<\/li>\n<li data-start=\"1884\" data-end=\"1898\">Nackrem<\/li>\n<li data-start=\"1899\" data-end=\"1914\">Linsskydd<\/li>\n<li data-start=\"1915\" data-end=\"1935\">Skyddsp\u00e5se<\/li>\n<li data-start=\"1936\" data-end=\"1954\">Putsduk<\/li>\n<li data-start=\"1955\" data-end=\"1970\">Anv\u00e4ndarmanual<\/li>\n<\/ul>\n<p data-start=\"1972\" data-end=\"2253\" data-is-last-node=\"\" data-is-only-node=\"\">ZEISS Terra ED 8&#215;42-kikaren \u00e4r det perfekta valet f\u00f6r naturentusiaster som beh\u00f6ver en p\u00e5litlig, h\u00e5llbar och h\u00f6gkvalitativ kikare f\u00f6r aktiv anv\u00e4ndning utomhus. Oavsett om du vandrar, sk\u00e5dar f\u00e5glar eller jagar, ger denna kikare en ljus och detaljerad bild av den omgivande naturen. <\/p>\n","protected":false},"excerpt":{"rendered":"<p>ZEISS Terra ED 8&#215;42 \u2013 l\u00e4tt och h\u00f6gpresterande kikare f\u00f6r aktiva utomhus\u00e4ventyr ZEISS Terra ED 8&#215;42-kikaren \u00e4r det perfekta valet f\u00f6r naturbevakning, f\u00e5gelsk\u00e5dning och vandring. Genom att kombinera ZEISS:s h\u00f6gkvalitativa optik, en l\u00e4tt design och en h\u00e5llbar konstruktion erbjuder denna kikare utm\u00e4rkt bildkvalitet under alla f\u00f6rh\u00e5llanden. Med 8x f\u00f6rstoring och en 42 mm objektivlins ger [&#8230;]\n","protected":false},"featured_media":276891,"comment_status":"open","ping_status":"closed","template":"","meta":[],"product_brand":[],"product_cat":[2707],"product_tag":[],"class_list":{"0":"post-285776","1":"product","2":"type-product","3":"status-publish","4":"has-post-thumbnail","6":"product_cat-kikare-och-tubkikare","8":"first","9":"outofstock","10":"taxable","11":"shipping-taxable","12":"purchasable","13":"product-type-simple"},"composite_virtual":false,"composite_layout":"","composite_add_to_cart_form_location":"","composite_editable_in_cart":false,"composite_sold_individually_context":"","composite_shop_price_calc":"","composite_components":[],"composite_scenarios":[],"group_of_quantity":0,"min_quantity":0,"max_quantity":"","exclude_order_quantity_value_rules":"no","exclude_category_quantity_rules":"no","combine_variations":"no","exclude_global_add_ons":[],"addons":[],"_links":{"self":[{"href":"https:\/\/www.huntersfriend.eu\/sv\/wp-json\/wp\/v2\/product\/285776","targetHints":{"allow":["GET"]}}],"collection":[{"href":"https:\/\/www.huntersfriend.eu\/sv\/wp-json\/wp\/v2\/product"}],"about":[{"href":"https:\/\/www.huntersfriend.eu\/sv\/wp-json\/wp\/v2\/types\/product"}],"replies":[{"embeddable":true,"href":"https:\/\/www.huntersfriend.eu\/sv\/wp-json\/wp\/v2\/comments?post=285776"}],"wp:featuredmedia":[{"embeddable":true,"href":"https:\/\/www.huntersfriend.eu\/sv\/wp-json\/wp\/v2\/media\/276891"}],"wp:attachment":[{"href":"https:\/\/www.huntersfriend.eu\/sv\/wp-json\/wp\/v2\/media?parent=285776"}],"wp:term":[{"taxonomy":"product_brand","embeddable":true,"href":"https:\/\/www.huntersfriend.eu\/sv\/wp-json\/wp\/v2\/product_brand?post=285776"},{"taxonomy":"product_cat","embeddable":true,"href":"https:\/\/www.huntersfriend.eu\/sv\/wp-json\/wp\/v2\/product_cat?post=285776"},{"taxonomy":"product_tag","embeddable":true,"href":"https:\/\/www.huntersfriend.eu\/sv\/wp-json\/wp\/v2\/product_tag?post=285776"}],"curies":[{"name":"wp","href":"https:\/\/api.w.org\/{rel}","templated":true}]}}