{"id":285773,"date":"2025-03-04T11:15:07","date_gmt":"2025-03-04T09:15:07","guid":{"rendered":"https:\/\/www.huntersfriend.eu\/product\/zeiss-victory-ht-3-12-x-56-kikarsikte\/"},"modified":"2025-08-26T10:47:04","modified_gmt":"2025-08-26T08:47:04","slug":"zeiss-victory-ht-3-12-x-56-kikarsikte","status":"publish","type":"product","link":"https:\/\/www.huntersfriend.eu\/sv\/produkt\/zeiss-victory-ht-3-12-x-56-kikarsikte\/","title":{"rendered":"ZEISS Victory HT 3-12\u2005\u00d7\u200556 kikarsikte"},"content":{"rendered":"<p data-start=\"0\" data-end=\"93\"><strong data-start=\"0\" data-end=\"93\">ZEISS Victory HT 3-12&#215;56 \u2013 maximalt ljusgenomsl\u00e4pp och precision f\u00f6r jakt i svagt ljus<\/strong><\/p>\n<p data-start=\"95\" data-end=\"419\">ZEISS Victory HT 3-12&#215;56 \u00e4r ett av de ljusstarkaste kikarsiktena p\u00e5 marknaden, speciellt utformat f\u00f6r jakt i svagt ljus och precisionsskytte p\u00e5 l\u00e5nga avst\u00e5nd. ZEISS avancerade High Transmission (HT)-optik ger upp till 95 % ljusgenomsl\u00e4pp, vilket s\u00e4kerst\u00e4ller en exceptionellt ljus och skarp bild, \u00e4ven i svagt ljus. <\/p>\n<p data-start=\"421\" data-end=\"799\">Det breda f\u00f6rstoringsintervallet (3-12x) g\u00f6r detta kikarsikte till en m\u00e5ngsidig f\u00f6ljeslagare i olika jaktsituationer. Den stora 56 mm objektivlinsen maximerar ljusinsamlingsf\u00f6rm\u00e5gan, och det belysta riktmedlet m\u00f6jligg\u00f6r snabb och exakt siktning i alla f\u00f6rh\u00e5llanden. Dess h\u00e5llbara konstruktion och ballistiska justeringsalternativ s\u00e4kerst\u00e4ller tillf\u00f6rlitlighet och noggrannhet, \u00e4ven i kr\u00e4vande milj\u00f6er.  <\/p>\n<p data-start=\"801\" data-end=\"829\"><strong data-start=\"801\" data-end=\"829\">Tekniska specifikationer<\/strong><\/p>\n<p data-start=\"831\" data-end=\"852\"><strong data-start=\"831\" data-end=\"852\">Optiska funktioner:<\/strong><\/p>\n<ul data-start=\"853\" data-end=\"1121\">\n<li data-start=\"853\" data-end=\"875\">F\u00f6rstoring: 3-12x<\/li>\n<li data-start=\"876\" data-end=\"908\">Objektivlinsdiameter: 56 mm<\/li>\n<li data-start=\"909\" data-end=\"943\">Riktmedel: belyst, riktmedel 60<\/li>\n<li data-start=\"944\" data-end=\"982\">Klickv\u00e4rde: 1 cm \/ 100 m (0,1 mrad)<\/li>\n<li data-start=\"983\" data-end=\"1034\">Synf\u00e4lt p\u00e5 100 m: 12,5 m (3x) \u2013 3,5 m (12x)<\/li>\n<li data-start=\"1035\" data-end=\"1054\">\u00d6gonavst\u00e5nd: 90 mm<\/li>\n<li data-start=\"1055\" data-end=\"1092\">Ljusgenomsl\u00e4pp: 95 % (HT-optik)<\/li>\n<li data-start=\"1093\" data-end=\"1121\">Parallaxjustering: 100 m<\/li>\n<\/ul>\n<p data-start=\"1123\" data-end=\"1155\"><strong data-start=\"1123\" data-end=\"1155\">Konstruktion och h\u00e5llbarhet:<\/strong><\/p>\n<ul data-start=\"1156\" data-end=\"1427\">\n<li data-start=\"1156\" data-end=\"1185\">Kropp: Enkelt stycke, 30 mm tub<\/li>\n<li data-start=\"1186\" data-end=\"1202\">L\u00e4ngd: 340 mm<\/li>\n<li data-start=\"1203\" data-end=\"1218\">Vikt: 573 g<\/li>\n<li data-start=\"1219\" data-end=\"1276\">Linsbel\u00e4ggningar: LotuTec\u00ae &amp; ZEISS T* flerskiktsbel\u00e4ggningar<\/li>\n<li data-start=\"1277\" data-end=\"1295\">Vattent\u00e4t: IP68<\/li>\n<li data-start=\"1296\" data-end=\"1349\">Fylld med kv\u00e4ve, imt\u00e4t och st\u00f6tt\u00e5lig<\/li>\n<li data-start=\"1350\" data-end=\"1427\">St\u00f6tt\u00e5lighet: Utformad f\u00f6r att t\u00e5la kraftig rekyl och extrema f\u00f6rh\u00e5llanden<\/li>\n<\/ul>\n<p data-start=\"1429\" data-end=\"1870\"><strong data-start=\"1429\" data-end=\"1446\">Viktiga funktioner:<\/strong> \u2714 B\u00e4sta ljusgenomsl\u00e4ppet p\u00e5 marknaden (95 %) \u2013 Utm\u00e4rkt sikt i svagt ljus och p\u00e5 natten.<br data-start=\"1542\" data-end=\"1545\">\u2714 Stor 56 mm objektivlins \u2013 Maximerar ljusinsamlingsf\u00f6rm\u00e5gan och bildens ljusstyrka.<br data-start=\"1631\" data-end=\"1634\">\u2714 Belyst riktmedel \u2013 Ger optimal sikt i alla ljusf\u00f6rh\u00e5llanden.<br data-start=\"1713\" data-end=\"1716\">\u2714 ZEISS avancerade HT-optik \u2013 Otrolig ljusstyrka och kontrast.<br data-start=\"1782\" data-end=\"1785\">\u2714 L\u00e4tt men h\u00e5llbar konstruktion \u2013 Utformad f\u00f6r kr\u00e4vande jaktmilj\u00f6er.<\/p>\n<p data-start=\"1872\" data-end=\"1893\"><strong data-start=\"1872\" data-end=\"1893\">Paketets inneh\u00e5ll:<\/strong><\/p>\n<ul data-start=\"1894\" data-end=\"2014\">\n<li data-start=\"1894\" data-end=\"1934\">ZEISS Victory HT 3-12&#215;56 kikarsikte<\/li>\n<li data-start=\"1935\" data-end=\"1948\">Linsskydd<\/li>\n<li data-start=\"1949\" data-end=\"1979\">Batterier f\u00f6r belysning<\/li>\n<li data-start=\"1980\" data-end=\"1998\">Putsduk<\/li>\n<li data-start=\"1999\" data-end=\"2014\">Anv\u00e4ndarmanual<\/li>\n<\/ul>\n<p data-start=\"2016\" data-end=\"2268\" data-is-last-node=\"\" data-is-only-node=\"\">ZEISS Victory HT 3-12&#215;56 \u00e4r det perfekta valet f\u00f6r j\u00e4gare som kr\u00e4ver prestanda i toppklass i svagt ljus. Dess exceptionella ljusgenomsl\u00e4pp, exakta optik och h\u00e5llbara konstruktion s\u00e4kerst\u00e4ller att varje skott \u00e4r s\u00e4kert och exakt i alla situationer. <\/p>\n","protected":false},"excerpt":{"rendered":"<p>ZEISS Victory HT 3-12&#215;56 \u2013 maximalt ljusgenomsl\u00e4pp och precision f\u00f6r jakt i svagt ljus ZEISS Victory HT 3-12&#215;56 \u00e4r ett av de ljusstarkaste kikarsiktena p\u00e5 marknaden, speciellt utformat f\u00f6r jakt i svagt ljus och precisionsskytte p\u00e5 l\u00e5nga avst\u00e5nd. ZEISS avancerade High Transmission (HT)-optik ger upp till 95 % ljusgenomsl\u00e4pp, vilket s\u00e4kerst\u00e4ller en exceptionellt ljus och [&#8230;]\n","protected":false},"featured_media":276805,"comment_status":"open","ping_status":"closed","template":"","meta":[],"product_brand":[],"product_cat":[878],"product_tag":[],"class_list":{"0":"post-285773","1":"product","2":"type-product","3":"status-publish","4":"has-post-thumbnail","6":"product_cat-uncategorized-sv","8":"first","9":"outofstock","10":"taxable","11":"shipping-taxable","12":"purchasable","13":"product-type-simple"},"composite_virtual":false,"composite_layout":"","composite_add_to_cart_form_location":"","composite_editable_in_cart":false,"composite_sold_individually_context":"","composite_shop_price_calc":"","composite_components":[],"composite_scenarios":[],"group_of_quantity":0,"min_quantity":0,"max_quantity":"","exclude_order_quantity_value_rules":"no","exclude_category_quantity_rules":"no","combine_variations":"no","exclude_global_add_ons":[],"addons":[],"_links":{"self":[{"href":"https:\/\/www.huntersfriend.eu\/sv\/wp-json\/wp\/v2\/product\/285773","targetHints":{"allow":["GET"]}}],"collection":[{"href":"https:\/\/www.huntersfriend.eu\/sv\/wp-json\/wp\/v2\/product"}],"about":[{"href":"https:\/\/www.huntersfriend.eu\/sv\/wp-json\/wp\/v2\/types\/product"}],"replies":[{"embeddable":true,"href":"https:\/\/www.huntersfriend.eu\/sv\/wp-json\/wp\/v2\/comments?post=285773"}],"wp:featuredmedia":[{"embeddable":true,"href":"https:\/\/www.huntersfriend.eu\/sv\/wp-json\/wp\/v2\/media\/276805"}],"wp:attachment":[{"href":"https:\/\/www.huntersfriend.eu\/sv\/wp-json\/wp\/v2\/media?parent=285773"}],"wp:term":[{"taxonomy":"product_brand","embeddable":true,"href":"https:\/\/www.huntersfriend.eu\/sv\/wp-json\/wp\/v2\/product_brand?post=285773"},{"taxonomy":"product_cat","embeddable":true,"href":"https:\/\/www.huntersfriend.eu\/sv\/wp-json\/wp\/v2\/product_cat?post=285773"},{"taxonomy":"product_tag","embeddable":true,"href":"https:\/\/www.huntersfriend.eu\/sv\/wp-json\/wp\/v2\/product_tag?post=285773"}],"curies":[{"name":"wp","href":"https:\/\/api.w.org\/{rel}","templated":true}]}}